{"id":5857,"date":"2025-01-08T22:29:53","date_gmt":"2025-01-08T22:29:53","guid":{"rendered":"https:\/\/alles-ueber-riffe.de\/?page_id=5857"},"modified":"2025-02-19T04:32:43","modified_gmt":"2025-02-19T04:32:43","slug":"fluegel-seenadel","status":"publish","type":"page","link":"https:\/\/alles-ueber-riffe.de\/?page_id=5857","title":{"rendered":"Fl\u00fcgel-Seenadel"},"content":{"rendered":"\n<div class=\"wp-block-group is-vertical is-layout-flex wp-container-core-group-is-layout-8cf370e7 wp-block-group-is-layout-flex\">\n<p><strong>Fl\u00fcgel-Seenadel<\/strong><\/p>\n\n\n\n<p>Ornate pipefish<\/p>\n\n\n\n<p><em>Halicampus macrorhynchus<\/em><\/p>\n<\/div>\n\n\n\n<div style=\"height:30px\" aria-hidden=\"true\" class=\"wp-block-spacer\"><\/div>\n\n\n\n<figure class=\"wp-block-image size-full\"><img loading=\"lazy\" decoding=\"async\" width=\"1024\" height=\"768\" src=\"https:\/\/alles-ueber-riffe.de\/wp-content\/uploads\/2025\/02\/Fluegel-Seenadel_1024x768.jpg\" alt=\"\" class=\"wp-image-9896\" srcset=\"https:\/\/alles-ueber-riffe.de\/wp-content\/uploads\/2025\/02\/Fluegel-Seenadel_1024x768.jpg 1024w, https:\/\/alles-ueber-riffe.de\/wp-content\/uploads\/2025\/02\/Fluegel-Seenadel_1024x768-300x225.jpg 300w, https:\/\/alles-ueber-riffe.de\/wp-content\/uploads\/2025\/02\/Fluegel-Seenadel_1024x768-768x576.jpg 768w\" sizes=\"auto, (max-width: 767px) 89vw, (max-width: 1000px) 54vw, (max-width: 1071px) 543px, 580px\" \/><figcaption class=\"wp-element-caption\">\u00a9 Joris Rombouts<\/figcaption><\/figure>\n\n\n\n<hr class=\"wp-block-separator has-alpha-channel-opacity is-style-default\"\/>\n\n\n\n<p><strong>Gr\u00f6\u00dfe: <\/strong> bis 18 cm<\/p>\n\n\n\n<p><strong>Lebensraum:<\/strong> Riffe mit Algenbewuchs, Sandb\u00f6den und Seegraswiesen<\/p>\n\n\n\n<p><strong>Vorkommen:  <\/strong>von Ostafrika, Rotes Meer, Malediven, Ostindonesien, S\u00fcdjapan, Vietnam, Philippinen, Nordaustralien, Papua-Neuguinea bis zu den Salomonen<\/p>\n\n\n\n<p><strong>Erkennungsmerkmale:<\/strong> dunkelbraun mit zahlreichen gr\u00f6\u00dferen, abstehenden Hautlappen<\/p>\n\n\n\n<p><strong>Biologie &amp; Verhalten: <\/strong> Diese skurrile Art findet man einzeln oder paarweise. Das M\u00e4nnchen betreibt die Brutpflege.<\/p>\n\n\n\n<p><strong>Bedrohungsstatus:<\/strong> Die Art wird auf der Roten Liste der IUCN als <mark style=\"background-color:rgba(0, 0, 0, 0)\" class=\"has-inline-color has-vivid-green-cyan-color\">\u201enicht gef\u00e4hrdet\u201c<\/mark> gef\u00fchrt.<\/p>\n\n\n\n<hr class=\"wp-block-separator has-alpha-channel-opacity is-style-default\"\/>\n\n\n\n<p><\/p>\n","protected":false},"excerpt":{"rendered":"<p>Fl\u00fcgel-Seenadel Ornate pipefish Halicampus macrorhynchus Gr\u00f6\u00dfe: bis 18 cm Lebensraum: Riffe mit Algenbewuchs, Sandb\u00f6den und Seegraswiesen Vorkommen: von Ostafrika, Rotes Meer, Malediven, Ostindonesien, S\u00fcdjapan, Vietnam, Philippinen, Nordaustralien, Papua-Neuguinea bis zu den Salomonen Erkennungsmerkmale: dunkelbraun mit zahlreichen gr\u00f6\u00dferen, abstehenden Hautlappen Biologie &amp; Verhalten: Diese skurrile Art findet man einzeln oder paarweise. Das M\u00e4nnchen betreibt die Brutpflege. &hellip; <\/p>\n<p class=\"link-more\"><a href=\"https:\/\/alles-ueber-riffe.de\/?page_id=5857\" class=\"more-link\"><span class=\"screen-reader-text\">\u201eFl\u00fcgel-Seenadel\u201c<\/span> weiterlesen<\/a><\/p>\n","protected":false},"author":1,"featured_media":0,"parent":0,"menu_order":0,"comment_status":"closed","ping_status":"closed","template":"","meta":{"footnotes":""},"class_list":["post-5857","page","type-page","status-publish","hentry"],"_links":{"self":[{"href":"https:\/\/alles-ueber-riffe.de\/index.php?rest_route=\/wp\/v2\/pages\/5857","targetHints":{"allow":["GET"]}}],"collection":[{"href":"https:\/\/alles-ueber-riffe.de\/index.php?rest_route=\/wp\/v2\/pages"}],"about":[{"href":"https:\/\/alles-ueber-riffe.de\/index.php?rest_route=\/wp\/v2\/types\/page"}],"author":[{"embeddable":true,"href":"https:\/\/alles-ueber-riffe.de\/index.php?rest_route=\/wp\/v2\/users\/1"}],"replies":[{"embeddable":true,"href":"https:\/\/alles-ueber-riffe.de\/index.php?rest_route=%2Fwp%2Fv2%2Fcomments&post=5857"}],"version-history":[{"count":4,"href":"https:\/\/alles-ueber-riffe.de\/index.php?rest_route=\/wp\/v2\/pages\/5857\/revisions"}],"predecessor-version":[{"id":9898,"href":"https:\/\/alles-ueber-riffe.de\/index.php?rest_route=\/wp\/v2\/pages\/5857\/revisions\/9898"}],"wp:attachment":[{"href":"https:\/\/alles-ueber-riffe.de\/index.php?rest_route=%2Fwp%2Fv2%2Fmedia&parent=5857"}],"curies":[{"name":"wp","href":"https:\/\/api.w.org\/{rel}","templated":true}]}}