{"id":5854,"date":"2025-01-08T22:29:43","date_gmt":"2025-01-08T22:29:43","guid":{"rendered":"https:\/\/alles-ueber-riffe.de\/?page_id=5854"},"modified":"2025-02-19T04:46:55","modified_gmt":"2025-02-19T04:46:55","slug":"corythoichthys-sp-10","status":"publish","type":"page","link":"https:\/\/alles-ueber-riffe.de\/?page_id=5854","title":{"rendered":"Corythoichthys sp.10"},"content":{"rendered":"\n<div class=\"wp-block-group is-vertical is-layout-flex wp-container-core-group-is-layout-8cf370e7 wp-block-group-is-layout-flex\">\n<p><strong>Corythoichthys sp.10<\/strong><strong><\/strong><\/p>\n\n\n\n<p>Banded messmate pipefish<\/p>\n\n\n\n<p><em>Corythoichthys sp.10<\/em><em><\/em><\/p>\n<\/div>\n\n\n\n<div style=\"height:30px\" aria-hidden=\"true\" class=\"wp-block-spacer\"><\/div>\n\n\n\n<figure class=\"wp-block-image size-full\"><img loading=\"lazy\" decoding=\"async\" width=\"1024\" height=\"768\" src=\"https:\/\/alles-ueber-riffe.de\/wp-content\/uploads\/2025\/02\/Corythoichthys-sp.10_1024x768.jpg\" alt=\"\" class=\"wp-image-9913\" srcset=\"https:\/\/alles-ueber-riffe.de\/wp-content\/uploads\/2025\/02\/Corythoichthys-sp.10_1024x768.jpg 1024w, https:\/\/alles-ueber-riffe.de\/wp-content\/uploads\/2025\/02\/Corythoichthys-sp.10_1024x768-300x225.jpg 300w, https:\/\/alles-ueber-riffe.de\/wp-content\/uploads\/2025\/02\/Corythoichthys-sp.10_1024x768-768x576.jpg 768w\" sizes=\"auto, (max-width: 767px) 89vw, (max-width: 1000px) 54vw, (max-width: 1071px) 543px, 580px\" \/><figcaption class=\"wp-element-caption\">\u00a9 Joris Rombouts<\/figcaption><\/figure>\n\n\n\n<hr class=\"wp-block-separator has-alpha-channel-opacity is-style-default\"\/>\n\n\n\n<p><strong>Gr\u00f6\u00dfe: <\/strong> bis 70 cm<\/p>\n\n\n\n<p><strong>Lebensraum:<\/strong> Korallenbereiche mit Algenbewuchs<\/p>\n\n\n\n<p><strong>Vorkommen:  <\/strong>Molukken<\/p>\n\n\n\n<p><strong>Erkennungsmerkmale:<\/strong> dunkel Querb\u00e4nder die aus dunklen L\u00e4ngsstreifen bestehen<\/p>\n\n\n\n<p><strong>Biologie &amp; Verhalten: <\/strong> IEs gibt noch eine Reihe von Seenadeln, die nicht endg\u00fcltig bestimmt sind. Diese Art geh\u00f6rt dazu.<\/p>\n\n\n\n<p><strong>Bedrohungsstatus:<\/strong> Es liegen zu wenig Daten vor, um einen Status auf der Roten Liste der IUCN zu bestimmen.<\/p>\n\n\n\n<hr class=\"wp-block-separator has-alpha-channel-opacity is-style-default\"\/>\n\n\n\n<p><\/p>\n","protected":false},"excerpt":{"rendered":"<p>Corythoichthys sp.10 Banded messmate pipefish Corythoichthys sp.10 Gr\u00f6\u00dfe: bis 70 cm Lebensraum: Korallenbereiche mit Algenbewuchs Vorkommen: Molukken Erkennungsmerkmale: dunkel Querb\u00e4nder die aus dunklen L\u00e4ngsstreifen bestehen Biologie &amp; Verhalten: IEs gibt noch eine Reihe von Seenadeln, die nicht endg\u00fcltig bestimmt sind. Diese Art geh\u00f6rt dazu. Bedrohungsstatus: Es liegen zu wenig Daten vor, um einen Status auf &hellip; <\/p>\n<p class=\"link-more\"><a href=\"https:\/\/alles-ueber-riffe.de\/?page_id=5854\" class=\"more-link\"><span class=\"screen-reader-text\">\u201eCorythoichthys sp.10\u201c<\/span> weiterlesen<\/a><\/p>\n","protected":false},"author":1,"featured_media":0,"parent":0,"menu_order":0,"comment_status":"closed","ping_status":"closed","template":"","meta":{"footnotes":""},"class_list":["post-5854","page","type-page","status-publish","hentry"],"_links":{"self":[{"href":"https:\/\/alles-ueber-riffe.de\/index.php?rest_route=\/wp\/v2\/pages\/5854","targetHints":{"allow":["GET"]}}],"collection":[{"href":"https:\/\/alles-ueber-riffe.de\/index.php?rest_route=\/wp\/v2\/pages"}],"about":[{"href":"https:\/\/alles-ueber-riffe.de\/index.php?rest_route=\/wp\/v2\/types\/page"}],"author":[{"embeddable":true,"href":"https:\/\/alles-ueber-riffe.de\/index.php?rest_route=\/wp\/v2\/users\/1"}],"replies":[{"embeddable":true,"href":"https:\/\/alles-ueber-riffe.de\/index.php?rest_route=%2Fwp%2Fv2%2Fcomments&post=5854"}],"version-history":[{"count":4,"href":"https:\/\/alles-ueber-riffe.de\/index.php?rest_route=\/wp\/v2\/pages\/5854\/revisions"}],"predecessor-version":[{"id":9915,"href":"https:\/\/alles-ueber-riffe.de\/index.php?rest_route=\/wp\/v2\/pages\/5854\/revisions\/9915"}],"wp:attachment":[{"href":"https:\/\/alles-ueber-riffe.de\/index.php?rest_route=%2Fwp%2Fv2%2Fmedia&parent=5854"}],"curies":[{"name":"wp","href":"https:\/\/api.w.org\/{rel}","templated":true}]}}