{"id":5849,"date":"2025-01-08T22:29:22","date_gmt":"2025-01-08T22:29:22","guid":{"rendered":"https:\/\/alles-ueber-riffe.de\/?page_id=5849"},"modified":"2025-02-17T21:09:46","modified_gmt":"2025-02-17T21:09:46","slug":"schulz-seenadel","status":"publish","type":"page","link":"https:\/\/alles-ueber-riffe.de\/?page_id=5849","title":{"rendered":"Schulz Seenadel"},"content":{"rendered":"\n<div class=\"wp-block-group is-vertical is-layout-flex wp-container-core-group-is-layout-8cf370e7 wp-block-group-is-layout-flex\">\n<p><strong>Schulz Seenadel<\/strong><\/p>\n\n\n\n<p>Schultz&#8217;s pipefish<\/p>\n\n\n\n<p><em>Corythoichthys schultzi<\/em><\/p>\n<\/div>\n\n\n\n<div style=\"height:30px\" aria-hidden=\"true\" class=\"wp-block-spacer\"><\/div>\n\n\n\n<figure class=\"wp-block-image size-full\"><img loading=\"lazy\" decoding=\"async\" width=\"1024\" height=\"768\" src=\"https:\/\/alles-ueber-riffe.de\/wp-content\/uploads\/2025\/02\/Schulz-Seenadel_1024x768.jpg\" alt=\"\" class=\"wp-image-9890\" srcset=\"https:\/\/alles-ueber-riffe.de\/wp-content\/uploads\/2025\/02\/Schulz-Seenadel_1024x768.jpg 1024w, https:\/\/alles-ueber-riffe.de\/wp-content\/uploads\/2025\/02\/Schulz-Seenadel_1024x768-300x225.jpg 300w, https:\/\/alles-ueber-riffe.de\/wp-content\/uploads\/2025\/02\/Schulz-Seenadel_1024x768-768x576.jpg 768w\" sizes=\"auto, (max-width: 767px) 89vw, (max-width: 1000px) 54vw, (max-width: 1071px) 543px, 580px\" \/><figcaption class=\"wp-element-caption\">\u00a9 Heinz Krimmer<\/figcaption><\/figure>\n\n\n\n<hr class=\"wp-block-separator has-alpha-channel-opacity is-style-default\"\/>\n\n\n\n<p><strong>Gr\u00f6\u00dfe: <\/strong> bis 16 cm<\/p>\n\n\n\n<p><strong>Lebensraum:<\/strong> Ger\u00f6llb\u00f6den und Korallenriffe<\/p>\n\n\n\n<p><strong>Vorkommen:  <\/strong>von Ostafrika, Rotes Meer, Oman, Malediven, ganz S\u00fcdostasien, Vietnam, S\u00fcdjapan, Nordaustralien, Papua-Neuguinea, Ozeanien bis Tonga<\/p>\n\n\n\n<p><strong>Erkennungsmerkmale:<\/strong> feine, wei\u00dfe, gestrichelte L\u00e4ngslinie am Bauch<\/p>\n\n\n\n<p><strong>Biologie &amp; Verhalten: <\/strong> Leicht mit der Netz-Seenadel oder der Liegenden Seenadel zu verwechseln. Monogamie wurde beobachtet. Das M\u00e4nnchen betreibt die Brutpflege.<\/p>\n\n\n\n<p><strong>Bedrohungsstatus:<\/strong> Die Art wird auf der Roten Liste der IUCN als <mark style=\"background-color:rgba(0, 0, 0, 0)\" class=\"has-inline-color has-vivid-green-cyan-color\">\u201enicht gef\u00e4hrdet\u201c<\/mark> gef\u00fchrt.<\/p>\n\n\n\n<hr class=\"wp-block-separator has-alpha-channel-opacity is-style-default\"\/>\n\n\n\n<p><\/p>\n","protected":false},"excerpt":{"rendered":"<p>Schulz Seenadel Schultz&#8217;s pipefish Corythoichthys schultzi Gr\u00f6\u00dfe: bis 16 cm Lebensraum: Ger\u00f6llb\u00f6den und Korallenriffe Vorkommen: von Ostafrika, Rotes Meer, Oman, Malediven, ganz S\u00fcdostasien, Vietnam, S\u00fcdjapan, Nordaustralien, Papua-Neuguinea, Ozeanien bis Tonga Erkennungsmerkmale: feine, wei\u00dfe, gestrichelte L\u00e4ngslinie am Bauch Biologie &amp; Verhalten: Leicht mit der Netz-Seenadel oder der Liegenden Seenadel zu verwechseln. Monogamie wurde beobachtet. Das M\u00e4nnchen &hellip; <\/p>\n<p class=\"link-more\"><a href=\"https:\/\/alles-ueber-riffe.de\/?page_id=5849\" class=\"more-link\"><span class=\"screen-reader-text\">\u201eSchulz Seenadel\u201c<\/span> weiterlesen<\/a><\/p>\n","protected":false},"author":1,"featured_media":0,"parent":0,"menu_order":0,"comment_status":"closed","ping_status":"closed","template":"","meta":{"footnotes":""},"class_list":["post-5849","page","type-page","status-publish","hentry"],"_links":{"self":[{"href":"https:\/\/alles-ueber-riffe.de\/index.php?rest_route=\/wp\/v2\/pages\/5849","targetHints":{"allow":["GET"]}}],"collection":[{"href":"https:\/\/alles-ueber-riffe.de\/index.php?rest_route=\/wp\/v2\/pages"}],"about":[{"href":"https:\/\/alles-ueber-riffe.de\/index.php?rest_route=\/wp\/v2\/types\/page"}],"author":[{"embeddable":true,"href":"https:\/\/alles-ueber-riffe.de\/index.php?rest_route=\/wp\/v2\/users\/1"}],"replies":[{"embeddable":true,"href":"https:\/\/alles-ueber-riffe.de\/index.php?rest_route=%2Fwp%2Fv2%2Fcomments&post=5849"}],"version-history":[{"count":6,"href":"https:\/\/alles-ueber-riffe.de\/index.php?rest_route=\/wp\/v2\/pages\/5849\/revisions"}],"predecessor-version":[{"id":9894,"href":"https:\/\/alles-ueber-riffe.de\/index.php?rest_route=\/wp\/v2\/pages\/5849\/revisions\/9894"}],"wp:attachment":[{"href":"https:\/\/alles-ueber-riffe.de\/index.php?rest_route=%2Fwp%2Fv2%2Fmedia&parent=5849"}],"curies":[{"name":"wp","href":"https:\/\/api.w.org\/{rel}","templated":true}]}}