{"id":5845,"date":"2025-01-08T22:28:57","date_gmt":"2025-01-08T22:28:57","guid":{"rendered":"https:\/\/alles-ueber-riffe.de\/?page_id=5845"},"modified":"2025-02-17T21:03:12","modified_gmt":"2025-02-17T21:03:12","slug":"liegende-seenadel","status":"publish","type":"page","link":"https:\/\/alles-ueber-riffe.de\/?page_id=5845","title":{"rendered":"Liegende Seenadel"},"content":{"rendered":"\n<div class=\"wp-block-group is-vertical is-layout-flex wp-container-core-group-is-layout-8cf370e7 wp-block-group-is-layout-flex\">\n<p><strong>Liegende Seenadel<\/strong><\/p>\n\n\n\n<p>Messmate pipefish<\/p>\n\n\n\n<p><em>Corythoichthys haematopterus<\/em><\/p>\n<\/div>\n\n\n\n<div style=\"height:30px\" aria-hidden=\"true\" class=\"wp-block-spacer\"><\/div>\n\n\n\n<figure class=\"wp-block-image size-full\"><img loading=\"lazy\" decoding=\"async\" width=\"1024\" height=\"768\" src=\"https:\/\/alles-ueber-riffe.de\/wp-content\/uploads\/2025\/02\/Liegende-Seenadel_1024x768.jpg\" alt=\"\" class=\"wp-image-9880\" srcset=\"https:\/\/alles-ueber-riffe.de\/wp-content\/uploads\/2025\/02\/Liegende-Seenadel_1024x768.jpg 1024w, https:\/\/alles-ueber-riffe.de\/wp-content\/uploads\/2025\/02\/Liegende-Seenadel_1024x768-300x225.jpg 300w, https:\/\/alles-ueber-riffe.de\/wp-content\/uploads\/2025\/02\/Liegende-Seenadel_1024x768-768x576.jpg 768w\" sizes=\"auto, (max-width: 767px) 89vw, (max-width: 1000px) 54vw, (max-width: 1071px) 543px, 580px\" \/><figcaption class=\"wp-element-caption\">\u00a9 Heinz Krimmer<\/figcaption><\/figure>\n\n\n\n<hr class=\"wp-block-separator has-alpha-channel-opacity is-style-default\"\/>\n\n\n\n<p><strong>Gr\u00f6\u00dfe: <\/strong> bis 19,8 cm<\/p>\n\n\n\n<p><strong>Lebensraum:<\/strong> Sand-, Schlamm und Ger\u00f6llb\u00f6den, Korallenriffe<\/p>\n\n\n\n<p><strong>Vorkommen:  <\/strong>von Ostafrika, Malediven, ganz S\u00fcdostasien, Vietnam, S\u00fcdjapan, Nordaustralien, Papua-Neuguinea, Ozeanien bis Vanuatu<\/p>\n\n\n\n<p><strong>Erkennungsmerkmale:<\/strong> feine, gelbe Linien, die eine Art Muster bilden; pinke Schwanzflosse<\/p>\n\n\n\n<p><strong>Biologie &amp; Verhalten: <\/strong> Seenadeln zu bestimmen ist nicht immer einfach. Diese Seenadel ist auf den ersten Blick leicht mit einer Reihe anderer zu verwechseln. Man sieht sie fast immer paarweise. Monogamie wurde beobachtet. Das M\u00e4nnchen betreibt die Brutpflege.<\/p>\n\n\n\n<p><strong>Bedrohungsstatus:<\/strong> Die Art wird auf der Roten Liste der IUCN als <mark style=\"background-color:rgba(0, 0, 0, 0)\" class=\"has-inline-color has-vivid-green-cyan-color\">\u201enicht gef\u00e4hrdet\u201c<\/mark> gef\u00fchrt.<\/p>\n\n\n\n<hr class=\"wp-block-separator has-alpha-channel-opacity is-style-default\"\/>\n\n\n\n<p><\/p>\n","protected":false},"excerpt":{"rendered":"<p>Liegende Seenadel Messmate pipefish Corythoichthys haematopterus Gr\u00f6\u00dfe: bis 19,8 cm Lebensraum: Sand-, Schlamm und Ger\u00f6llb\u00f6den, Korallenriffe Vorkommen: von Ostafrika, Malediven, ganz S\u00fcdostasien, Vietnam, S\u00fcdjapan, Nordaustralien, Papua-Neuguinea, Ozeanien bis Vanuatu Erkennungsmerkmale: feine, gelbe Linien, die eine Art Muster bilden; pinke Schwanzflosse Biologie &amp; Verhalten: Seenadeln zu bestimmen ist nicht immer einfach. Diese Seenadel ist auf den &hellip; <\/p>\n<p class=\"link-more\"><a href=\"https:\/\/alles-ueber-riffe.de\/?page_id=5845\" class=\"more-link\"><span class=\"screen-reader-text\">\u201eLiegende Seenadel\u201c<\/span> weiterlesen<\/a><\/p>\n","protected":false},"author":1,"featured_media":0,"parent":0,"menu_order":0,"comment_status":"closed","ping_status":"closed","template":"","meta":{"footnotes":""},"class_list":["post-5845","page","type-page","status-publish","hentry"],"_links":{"self":[{"href":"https:\/\/alles-ueber-riffe.de\/index.php?rest_route=\/wp\/v2\/pages\/5845","targetHints":{"allow":["GET"]}}],"collection":[{"href":"https:\/\/alles-ueber-riffe.de\/index.php?rest_route=\/wp\/v2\/pages"}],"about":[{"href":"https:\/\/alles-ueber-riffe.de\/index.php?rest_route=\/wp\/v2\/types\/page"}],"author":[{"embeddable":true,"href":"https:\/\/alles-ueber-riffe.de\/index.php?rest_route=\/wp\/v2\/users\/1"}],"replies":[{"embeddable":true,"href":"https:\/\/alles-ueber-riffe.de\/index.php?rest_route=%2Fwp%2Fv2%2Fcomments&post=5845"}],"version-history":[{"count":5,"href":"https:\/\/alles-ueber-riffe.de\/index.php?rest_route=\/wp\/v2\/pages\/5845\/revisions"}],"predecessor-version":[{"id":9883,"href":"https:\/\/alles-ueber-riffe.de\/index.php?rest_route=\/wp\/v2\/pages\/5845\/revisions\/9883"}],"wp:attachment":[{"href":"https:\/\/alles-ueber-riffe.de\/index.php?rest_route=%2Fwp%2Fv2%2Fmedia&parent=5845"}],"curies":[{"name":"wp","href":"https:\/\/api.w.org\/{rel}","templated":true}]}}