{"id":5843,"date":"2025-01-08T22:28:48","date_gmt":"2025-01-08T22:28:48","guid":{"rendered":"https:\/\/alles-ueber-riffe.de\/?page_id=5843"},"modified":"2025-02-17T20:59:19","modified_gmt":"2025-02-17T20:59:19","slug":"kurzschwanz-seenadel","status":"publish","type":"page","link":"https:\/\/alles-ueber-riffe.de\/?page_id=5843","title":{"rendered":"Kurzschwanz-Seenadel"},"content":{"rendered":"\n<div class=\"wp-block-group is-vertical is-layout-flex wp-container-core-group-is-layout-8cf370e7 wp-block-group-is-layout-flex\">\n<p><strong>Kurzschwanz-Seenadel<\/strong><\/p>\n\n\n\n<p>Double-ended pipefish<\/p>\n\n\n\n<p><em>Trachyrhamphus bicoarctatus<\/em><\/p>\n<\/div>\n\n\n\n<div style=\"height:30px\" aria-hidden=\"true\" class=\"wp-block-spacer\"><\/div>\n\n\n\n<figure class=\"wp-block-video\"><video height=\"576\" style=\"aspect-ratio: 1024 \/ 576;\" width=\"1024\" controls src=\"https:\/\/alles-ueber-riffe.de\/wp-content\/uploads\/2025\/02\/Kurzschwanz-Seenadel.mp4\"><\/video><figcaption class=\"wp-element-caption\">\u00a9 Heinz Krimmer<\/figcaption><\/figure>\n\n\n\n<hr class=\"wp-block-separator has-alpha-channel-opacity is-style-default\"\/>\n\n\n\n<p><strong>Gr\u00f6\u00dfe: <\/strong> bis 40 cm<\/p>\n\n\n\n<p><strong>Lebensraum:<\/strong> Sand-, Schlamm und Ger\u00f6llb\u00f6den; Seegraswiesen in Riffn\u00e4he<\/p>\n\n\n\n<p><strong>Vorkommen:  <\/strong>von Ostafrika, Rotes Meer, Oman, Malediven, Ostindonesien, Philippinen, Vietnam, S\u00fcdjapan, Nordaustralien, Papua-Neuguinea, Ozeanien bis zu den Mariannen<\/p>\n\n\n\n<p><strong>Erkennungsmerkmale:<\/strong> Farbe sehr variabel. Es wurden schon wei\u00dfe, gelbe, rote, braune und dunkelbraun beobachtet. Eine der gr\u00f6\u00dften eine Seenadeln.<\/p>\n\n\n\n<p><strong>Biologie &amp; Verhalten: <\/strong> Ein charakteristisches Verhalten dieser Seenadel ist, dass der Vorderk\u00f6rper nicht auf dem Boden liegt, sondern immer leicht angehoben ist. Das M\u00e4nnchen betreibt die Brutpflege.<\/p>\n\n\n\n<p><strong>Bedrohungsstatus:<\/strong> Die Art wird auf der Roten Liste der IUCN als <mark style=\"background-color:rgba(0, 0, 0, 0)\" class=\"has-inline-color has-vivid-green-cyan-color\">\u201enicht gef\u00e4hrdet\u201c<\/mark> gef\u00fchrt.<\/p>\n\n\n\n<hr class=\"wp-block-separator has-alpha-channel-opacity is-style-default\"\/>\n\n\n\n<p><\/p>\n","protected":false},"excerpt":{"rendered":"<p>Kurzschwanz-Seenadel Double-ended pipefish Trachyrhamphus bicoarctatus Gr\u00f6\u00dfe: bis 40 cm Lebensraum: Sand-, Schlamm und Ger\u00f6llb\u00f6den; Seegraswiesen in Riffn\u00e4he Vorkommen: von Ostafrika, Rotes Meer, Oman, Malediven, Ostindonesien, Philippinen, Vietnam, S\u00fcdjapan, Nordaustralien, Papua-Neuguinea, Ozeanien bis zu den Mariannen Erkennungsmerkmale: Farbe sehr variabel. Es wurden schon wei\u00dfe, gelbe, rote, braune und dunkelbraun beobachtet. Eine der gr\u00f6\u00dften eine Seenadeln. Biologie &hellip; <\/p>\n<p class=\"link-more\"><a href=\"https:\/\/alles-ueber-riffe.de\/?page_id=5843\" class=\"more-link\"><span class=\"screen-reader-text\">\u201eKurzschwanz-Seenadel\u201c<\/span> weiterlesen<\/a><\/p>\n","protected":false},"author":1,"featured_media":0,"parent":0,"menu_order":0,"comment_status":"closed","ping_status":"closed","template":"","meta":{"footnotes":""},"class_list":["post-5843","page","type-page","status-publish","hentry"],"_links":{"self":[{"href":"https:\/\/alles-ueber-riffe.de\/index.php?rest_route=\/wp\/v2\/pages\/5843","targetHints":{"allow":["GET"]}}],"collection":[{"href":"https:\/\/alles-ueber-riffe.de\/index.php?rest_route=\/wp\/v2\/pages"}],"about":[{"href":"https:\/\/alles-ueber-riffe.de\/index.php?rest_route=\/wp\/v2\/types\/page"}],"author":[{"embeddable":true,"href":"https:\/\/alles-ueber-riffe.de\/index.php?rest_route=\/wp\/v2\/users\/1"}],"replies":[{"embeddable":true,"href":"https:\/\/alles-ueber-riffe.de\/index.php?rest_route=%2Fwp%2Fv2%2Fcomments&post=5843"}],"version-history":[{"count":6,"href":"https:\/\/alles-ueber-riffe.de\/index.php?rest_route=\/wp\/v2\/pages\/5843\/revisions"}],"predecessor-version":[{"id":9878,"href":"https:\/\/alles-ueber-riffe.de\/index.php?rest_route=\/wp\/v2\/pages\/5843\/revisions\/9878"}],"wp:attachment":[{"href":"https:\/\/alles-ueber-riffe.de\/index.php?rest_route=%2Fwp%2Fv2%2Fmedia&parent=5843"}],"curies":[{"name":"wp","href":"https:\/\/api.w.org\/{rel}","templated":true}]}}