{"id":5841,"date":"2025-01-08T22:28:38","date_gmt":"2025-01-08T22:28:38","guid":{"rendered":"https:\/\/alles-ueber-riffe.de\/?page_id=5841"},"modified":"2025-02-17T20:54:07","modified_gmt":"2025-02-17T20:54:07","slug":"gebaenderte-seenadel","status":"publish","type":"page","link":"https:\/\/alles-ueber-riffe.de\/?page_id=5841","title":{"rendered":"Geb\u00e4nderte Seenadel"},"content":{"rendered":"\n<div class=\"wp-block-group is-vertical is-layout-flex wp-container-core-group-is-layout-8cf370e7 wp-block-group-is-layout-flex\">\n<p><strong>Geb\u00e4nderte Seenadel<\/strong><\/p>\n\n\n\n<p>Ringed pipefish<\/p>\n\n\n\n<p><em>Dunckerocampus dactyliophorus<\/em><\/p>\n<\/div>\n\n\n\n<div style=\"height:30px\" aria-hidden=\"true\" class=\"wp-block-spacer\"><\/div>\n\n\n\n<figure class=\"wp-block-video\"><video height=\"576\" style=\"aspect-ratio: 1024 \/ 576;\" width=\"1024\" controls src=\"https:\/\/alles-ueber-riffe.de\/wp-content\/uploads\/2025\/02\/Gebaenderte-Seenadel.mp4\"><\/video><\/figure>\n\n\n\n<hr class=\"wp-block-separator has-alpha-channel-opacity is-style-default\"\/>\n\n\n\n<p><strong>Gr\u00f6\u00dfe: <\/strong> bis 19 cm<\/p>\n\n\n\n<p><strong>Lebensraum:<\/strong> Korallenriffe<\/p>\n\n\n\n<p><strong>Vorkommen:  <\/strong>Ostindonesien, S\u00fcdjapan, Philippinen, Malaysia, Nordaustralien, Papua-Neuguinea, Ozeanien bis Samoa<\/p>\n\n\n\n<p><strong>Erkennungsmerkmale:<\/strong> rotbraune und hellgelbe Querb\u00e4nder; rote Schwanzflosse mit wei\u00dfem Saum; wei\u00dfer Punkt in der roten Schwanzflosse<\/p>\n\n\n\n<p><strong>Biologie &amp; Verhalten: <\/strong> Die Geb\u00e4nderte Seenadel gleicht bis auf den wei\u00dfen Fleck in der Schwanzflosse der Breitband-Seenadel (<em>Dunckerocampus boyleri<\/em>). Die Breitbandseenadel kommt aber auch weiter westlich in Ostafrika, dem Roten Meer und den Malediven vor. In Asien kommt es aber zu \u00dcberschneidungen des Verbreitungsgebietes und damit leicht zu Verwechslungen.<\/p>\n\n\n\n<p>Die Geb\u00e4nderte Seenadel findet man in der N\u00e4he von H\u00f6hlen, in denen sie sich bei Gefahr fl\u00fcchten kann. Auch hier liegt die Brutpflege beim M\u00e4nnchen, das die Eier in seiner Bauchtasche austr\u00e4gt.<\/p>\n\n\n\n<p><strong>Bedrohungsstatus:<\/strong> Die Art wird auf der Roten Liste der IUCN als <mark style=\"background-color:rgba(0, 0, 0, 0)\" class=\"has-inline-color has-vivid-green-cyan-color\">\u201enicht gef\u00e4hrdet\u201c<\/mark> gef\u00fchrt.<\/p>\n\n\n\n<hr class=\"wp-block-separator has-alpha-channel-opacity is-style-default\"\/>\n\n\n\n<p><\/p>\n","protected":false},"excerpt":{"rendered":"<p>Geb\u00e4nderte Seenadel Ringed pipefish Dunckerocampus dactyliophorus Gr\u00f6\u00dfe: bis 19 cm Lebensraum: Korallenriffe Vorkommen: Ostindonesien, S\u00fcdjapan, Philippinen, Malaysia, Nordaustralien, Papua-Neuguinea, Ozeanien bis Samoa Erkennungsmerkmale: rotbraune und hellgelbe Querb\u00e4nder; rote Schwanzflosse mit wei\u00dfem Saum; wei\u00dfer Punkt in der roten Schwanzflosse Biologie &amp; Verhalten: Die Geb\u00e4nderte Seenadel gleicht bis auf den wei\u00dfen Fleck in der Schwanzflosse der Breitband-Seenadel &hellip; <\/p>\n<p class=\"link-more\"><a href=\"https:\/\/alles-ueber-riffe.de\/?page_id=5841\" class=\"more-link\"><span class=\"screen-reader-text\">\u201eGeb\u00e4nderte Seenadel\u201c<\/span> weiterlesen<\/a><\/p>\n","protected":false},"author":1,"featured_media":0,"parent":0,"menu_order":0,"comment_status":"closed","ping_status":"closed","template":"","meta":{"footnotes":""},"class_list":["post-5841","page","type-page","status-publish","hentry"],"_links":{"self":[{"href":"https:\/\/alles-ueber-riffe.de\/index.php?rest_route=\/wp\/v2\/pages\/5841","targetHints":{"allow":["GET"]}}],"collection":[{"href":"https:\/\/alles-ueber-riffe.de\/index.php?rest_route=\/wp\/v2\/pages"}],"about":[{"href":"https:\/\/alles-ueber-riffe.de\/index.php?rest_route=\/wp\/v2\/types\/page"}],"author":[{"embeddable":true,"href":"https:\/\/alles-ueber-riffe.de\/index.php?rest_route=\/wp\/v2\/users\/1"}],"replies":[{"embeddable":true,"href":"https:\/\/alles-ueber-riffe.de\/index.php?rest_route=%2Fwp%2Fv2%2Fcomments&post=5841"}],"version-history":[{"count":4,"href":"https:\/\/alles-ueber-riffe.de\/index.php?rest_route=\/wp\/v2\/pages\/5841\/revisions"}],"predecessor-version":[{"id":9872,"href":"https:\/\/alles-ueber-riffe.de\/index.php?rest_route=\/wp\/v2\/pages\/5841\/revisions\/9872"}],"wp:attachment":[{"href":"https:\/\/alles-ueber-riffe.de\/index.php?rest_route=%2Fwp%2Fv2%2Fmedia&parent=5841"}],"curies":[{"name":"wp","href":"https:\/\/api.w.org\/{rel}","templated":true}]}}