{"id":5838,"date":"2025-01-08T22:28:29","date_gmt":"2025-01-08T22:28:29","guid":{"rendered":"https:\/\/alles-ueber-riffe.de\/?page_id=5838"},"modified":"2025-02-17T20:50:07","modified_gmt":"2025-02-17T20:50:07","slug":"dreieckige-seenadel","status":"publish","type":"page","link":"https:\/\/alles-ueber-riffe.de\/?page_id=5838","title":{"rendered":"Dreieckige Seenadel"},"content":{"rendered":"\n<div class=\"wp-block-group is-vertical is-layout-flex wp-container-core-group-is-layout-8cf370e7 wp-block-group-is-layout-flex\">\n<p><strong>Dreieckige Seenadel<\/strong><\/p>\n\n\n\n<p>Alligator pipefish<\/p>\n\n\n\n<p><em>Synghathoides biaculeatus<\/em><\/p>\n<\/div>\n\n\n\n<div style=\"height:30px\" aria-hidden=\"true\" class=\"wp-block-spacer\"><\/div>\n\n\n\n<figure class=\"wp-block-image size-full\"><img loading=\"lazy\" decoding=\"async\" width=\"1024\" height=\"768\" src=\"https:\/\/alles-ueber-riffe.de\/wp-content\/uploads\/2025\/02\/Dreieckige-Seenadel_1024x768.jpg\" alt=\"\" class=\"wp-image-9863\" srcset=\"https:\/\/alles-ueber-riffe.de\/wp-content\/uploads\/2025\/02\/Dreieckige-Seenadel_1024x768.jpg 1024w, https:\/\/alles-ueber-riffe.de\/wp-content\/uploads\/2025\/02\/Dreieckige-Seenadel_1024x768-300x225.jpg 300w, https:\/\/alles-ueber-riffe.de\/wp-content\/uploads\/2025\/02\/Dreieckige-Seenadel_1024x768-768x576.jpg 768w\" sizes=\"auto, (max-width: 767px) 89vw, (max-width: 1000px) 54vw, (max-width: 1071px) 543px, 580px\" \/><figcaption class=\"wp-element-caption\">\u00a9 Heinz Krimmer<\/figcaption><\/figure>\n\n\n\n<hr class=\"wp-block-separator has-alpha-channel-opacity is-style-default\"\/>\n\n\n\n<p><strong>Gr\u00f6\u00dfe: <\/strong> bis 29 cm<\/p>\n\n\n\n<p><strong>Lebensraum:<\/strong> Seegraswiesen, Riffbereiche mit Algenbewuchs<\/p>\n\n\n\n<p><strong>Vorkommen:  <\/strong>von Ostafrika, Rotes Meer, Malediven, ganz S\u00fcdostasien, S\u00fcdjapan, Nordaustralien, Papua-Neuguinea, Ozeanien bis Samoa<\/p>\n\n\n\n<p><strong>Erkennungsmerkmale:<\/strong> Grundfarbe gr\u00fcn; dreieckige K\u00f6rperform<\/p>\n\n\n\n<p><strong>Biologie &amp; Verhalten: <\/strong> In der chinesischen Medizin wird diese Seeadelart benutzt, um den Wirkstoff Hailong zu gewinnen, der zur Behandlung von Asthma eingesetzt wird. Das M\u00e4nnchen betreibt Brutpflege und tr\u00e4gt die Eier in der Bauchtasche aus. Die geschl\u00fcpften Jungtiere halten sich oft an der Wasseroberfl\u00e4che auf.<\/p>\n\n\n\n<p><strong>Bedrohungsstatus:<\/strong> Die Art wird auf der Roten Liste der IUCN als <mark style=\"background-color:rgba(0, 0, 0, 0)\" class=\"has-inline-color has-vivid-green-cyan-color\">\u201enicht gef\u00e4hrdet\u201c<\/mark> gef\u00fchrt.<\/p>\n\n\n\n<hr class=\"wp-block-separator has-alpha-channel-opacity is-style-default\"\/>\n\n\n\n<p><\/p>\n","protected":false},"excerpt":{"rendered":"<p>Dreieckige Seenadel Alligator pipefish Synghathoides biaculeatus Gr\u00f6\u00dfe: bis 29 cm Lebensraum: Seegraswiesen, Riffbereiche mit Algenbewuchs Vorkommen: von Ostafrika, Rotes Meer, Malediven, ganz S\u00fcdostasien, S\u00fcdjapan, Nordaustralien, Papua-Neuguinea, Ozeanien bis Samoa Erkennungsmerkmale: Grundfarbe gr\u00fcn; dreieckige K\u00f6rperform Biologie &amp; Verhalten: In der chinesischen Medizin wird diese Seeadelart benutzt, um den Wirkstoff Hailong zu gewinnen, der zur Behandlung von &hellip; <\/p>\n<p class=\"link-more\"><a href=\"https:\/\/alles-ueber-riffe.de\/?page_id=5838\" class=\"more-link\"><span class=\"screen-reader-text\">\u201eDreieckige Seenadel\u201c<\/span> weiterlesen<\/a><\/p>\n","protected":false},"author":1,"featured_media":0,"parent":0,"menu_order":0,"comment_status":"closed","ping_status":"closed","template":"","meta":{"footnotes":""},"class_list":["post-5838","page","type-page","status-publish","hentry"],"_links":{"self":[{"href":"https:\/\/alles-ueber-riffe.de\/index.php?rest_route=\/wp\/v2\/pages\/5838","targetHints":{"allow":["GET"]}}],"collection":[{"href":"https:\/\/alles-ueber-riffe.de\/index.php?rest_route=\/wp\/v2\/pages"}],"about":[{"href":"https:\/\/alles-ueber-riffe.de\/index.php?rest_route=\/wp\/v2\/types\/page"}],"author":[{"embeddable":true,"href":"https:\/\/alles-ueber-riffe.de\/index.php?rest_route=\/wp\/v2\/users\/1"}],"replies":[{"embeddable":true,"href":"https:\/\/alles-ueber-riffe.de\/index.php?rest_route=%2Fwp%2Fv2%2Fcomments&post=5838"}],"version-history":[{"count":6,"href":"https:\/\/alles-ueber-riffe.de\/index.php?rest_route=\/wp\/v2\/pages\/5838\/revisions"}],"predecessor-version":[{"id":9867,"href":"https:\/\/alles-ueber-riffe.de\/index.php?rest_route=\/wp\/v2\/pages\/5838\/revisions\/9867"}],"wp:attachment":[{"href":"https:\/\/alles-ueber-riffe.de\/index.php?rest_route=%2Fwp%2Fv2%2Fmedia&parent=5838"}],"curies":[{"name":"wp","href":"https:\/\/api.w.org\/{rel}","templated":true}]}}