{"id":5833,"date":"2025-01-08T22:28:10","date_gmt":"2025-01-08T22:28:10","guid":{"rendered":"https:\/\/alles-ueber-riffe.de\/?page_id=5833"},"modified":"2025-02-17T20:35:05","modified_gmt":"2025-02-17T20:35:05","slug":"rotlippen-seefledermaus","status":"publish","type":"page","link":"https:\/\/alles-ueber-riffe.de\/?page_id=5833","title":{"rendered":"Rotlippen Seefledermaus"},"content":{"rendered":"\n<div class=\"wp-block-group is-vertical is-layout-flex wp-container-core-group-is-layout-8cf370e7 wp-block-group-is-layout-flex\">\n<p><strong>Messing-Ruderfisch<\/strong><\/p>\n\n\n\n<p>Brassy chub<\/p>\n\n\n\n<p><em>Kyphosus vaigiensis<\/em><\/p>\n<\/div>\n\n\n\n<div style=\"height:30px\" aria-hidden=\"true\" class=\"wp-block-spacer\"><\/div>\n\n\n\n<figure class=\"wp-block-image size-full\"><img loading=\"lazy\" decoding=\"async\" width=\"1024\" height=\"768\" src=\"https:\/\/alles-ueber-riffe.de\/wp-content\/uploads\/2025\/02\/Rotlippen-Seefledermaus_1024x768.jpg\" alt=\"\" class=\"wp-image-9845\" srcset=\"https:\/\/alles-ueber-riffe.de\/wp-content\/uploads\/2025\/02\/Rotlippen-Seefledermaus_1024x768.jpg 1024w, https:\/\/alles-ueber-riffe.de\/wp-content\/uploads\/2025\/02\/Rotlippen-Seefledermaus_1024x768-300x225.jpg 300w, https:\/\/alles-ueber-riffe.de\/wp-content\/uploads\/2025\/02\/Rotlippen-Seefledermaus_1024x768-768x576.jpg 768w\" sizes=\"auto, (max-width: 767px) 89vw, (max-width: 1000px) 54vw, (max-width: 1071px) 543px, 580px\" \/><figcaption class=\"wp-element-caption\">\u00a9 Tomas Kotouc<\/figcaption><\/figure>\n\n\n\n<hr class=\"wp-block-separator has-alpha-channel-opacity is-style-default\"\/>\n\n\n\n<p><strong>Gr\u00f6\u00dfe: <\/strong> bis 20 cm<\/p>\n\n\n\n<p><strong>Lebensraum:<\/strong> Sandb\u00f6den in der N\u00e4he von Korallenriffen<\/p>\n\n\n\n<p><strong>Vorkommen:  <\/strong>Galapagos, Coco, Malpelo bis zur K\u00fcste Mittelamerikas<\/p>\n\n\n\n<p><strong>Erkennungsmerkmale:<\/strong> rote Lippen; vorstehendes Horn an der Stirn; platter K\u00f6rper<\/p>\n\n\n\n<p><strong>Biologie &amp; Verhalten: <\/strong> Der nach Charles Darwin, dem wohl ber\u00fchmtesten Biologen, benannte Fisch macht uns deutlich bewu\u00dft: Die Evolution schreckt vor keiner noch so seltsamen Entwicklung zur\u00fcck.<\/p>\n\n\n\n<p>Wie sonst erkl\u00e4rt sich dieser dreieckige, gepanzerte Fisch, der auf seinen Flossen \u00fcber den Meeresboden l\u00e4uft. Und wieso hat er ein Horn und wozu das rot der Lippen, das kein Lippenstift besser hinbekommen h\u00e4tte?<\/p>\n\n\n\n<p>Das Foto stammt von Thomas Kotouc und ist in Malpelo aufgenommen worden, bei dem ich mich an dieser Stelle herzlich bedanke und ihn au\u00dferdem zum Besten Fotografen der Unterwasserwelt in Malpelo erw\u00e4hle. Bessere Fotos als er, kann man von dem Unterwasserleben dieses einsamen, nackten Felsens im Ostpazifik einfach nicht machen.<\/p>\n\n\n\n<p>Auch ich habe versucht diesen Fisch in Malpelo zu fotografieren, aber als wir auf 35 m Tiefe auf dem Sandboden ankamen, auf dem sie leben, zog uns die starke Str\u00f6mung einfach weg und ich konnte nur einen kurzen Blick auf sie werfen.<\/p>\n\n\n\n<p>\u00dcber den Fisch ist wenig bekannt. Man vermutet, dass er kleine Wirbellose jagt. Offensichtlich gibt es im Ostpazifik kaum Fressfeinde, der der Fisch ist weder scheu, noch versteckt oder tarnt er sich.<\/p>\n\n\n\n<p><strong>Bedrohungsstatus:<\/strong> Die Art wird auf der Roten Liste der IUCN als <mark style=\"background-color:rgba(0, 0, 0, 0)\" class=\"has-inline-color has-vivid-green-cyan-color\">\u201enicht gef\u00e4hrdet\u201c<\/mark> gef\u00fchrt.<\/p>\n\n\n\n<hr class=\"wp-block-separator has-alpha-channel-opacity is-style-default\"\/>\n\n\n\n<p><\/p>\n","protected":false},"excerpt":{"rendered":"<p>Messing-Ruderfisch Brassy chub Kyphosus vaigiensis Gr\u00f6\u00dfe: bis 20 cm Lebensraum: Sandb\u00f6den in der N\u00e4he von Korallenriffen Vorkommen: Galapagos, Coco, Malpelo bis zur K\u00fcste Mittelamerikas Erkennungsmerkmale: rote Lippen; vorstehendes Horn an der Stirn; platter K\u00f6rper Biologie &amp; Verhalten: Der nach Charles Darwin, dem wohl ber\u00fchmtesten Biologen, benannte Fisch macht uns deutlich bewu\u00dft: Die Evolution schreckt vor &hellip; <\/p>\n<p class=\"link-more\"><a href=\"https:\/\/alles-ueber-riffe.de\/?page_id=5833\" class=\"more-link\"><span class=\"screen-reader-text\">\u201eRotlippen Seefledermaus\u201c<\/span> weiterlesen<\/a><\/p>\n","protected":false},"author":1,"featured_media":0,"parent":0,"menu_order":0,"comment_status":"closed","ping_status":"closed","template":"","meta":{"footnotes":""},"class_list":["post-5833","page","type-page","status-publish","hentry"],"_links":{"self":[{"href":"https:\/\/alles-ueber-riffe.de\/index.php?rest_route=\/wp\/v2\/pages\/5833","targetHints":{"allow":["GET"]}}],"collection":[{"href":"https:\/\/alles-ueber-riffe.de\/index.php?rest_route=\/wp\/v2\/pages"}],"about":[{"href":"https:\/\/alles-ueber-riffe.de\/index.php?rest_route=\/wp\/v2\/types\/page"}],"author":[{"embeddable":true,"href":"https:\/\/alles-ueber-riffe.de\/index.php?rest_route=\/wp\/v2\/users\/1"}],"replies":[{"embeddable":true,"href":"https:\/\/alles-ueber-riffe.de\/index.php?rest_route=%2Fwp%2Fv2%2Fcomments&post=5833"}],"version-history":[{"count":4,"href":"https:\/\/alles-ueber-riffe.de\/index.php?rest_route=\/wp\/v2\/pages\/5833\/revisions"}],"predecessor-version":[{"id":9848,"href":"https:\/\/alles-ueber-riffe.de\/index.php?rest_route=\/wp\/v2\/pages\/5833\/revisions\/9848"}],"wp:attachment":[{"href":"https:\/\/alles-ueber-riffe.de\/index.php?rest_route=%2Fwp%2Fv2%2Fmedia&parent=5833"}],"curies":[{"name":"wp","href":"https:\/\/api.w.org\/{rel}","templated":true}]}}