{"id":5831,"date":"2025-01-08T22:27:59","date_gmt":"2025-01-08T22:27:59","guid":{"rendered":"https:\/\/alles-ueber-riffe.de\/?page_id=5831"},"modified":"2025-02-16T22:10:42","modified_gmt":"2025-02-16T22:10:42","slug":"schuetzenfisch","status":"publish","type":"page","link":"https:\/\/alles-ueber-riffe.de\/?page_id=5831","title":{"rendered":"Sch\u00fctzenfisch"},"content":{"rendered":"\n<div class=\"wp-block-group is-vertical is-layout-flex wp-container-core-group-is-layout-8cf370e7 wp-block-group-is-layout-flex\">\n<p><strong>Sch\u00fctzenfisch<\/strong><\/p>\n\n\n\n<p>Banded archerfish<\/p>\n\n\n\n<p><em>Toxotes jaculatrix<\/em><\/p>\n<\/div>\n\n\n\n<div style=\"height:30px\" aria-hidden=\"true\" class=\"wp-block-spacer\"><\/div>\n\n\n\n<figure class=\"wp-block-image size-full\"><img loading=\"lazy\" decoding=\"async\" width=\"1024\" height=\"768\" src=\"https:\/\/alles-ueber-riffe.de\/wp-content\/uploads\/2025\/02\/Schuetzenfisch_1024x768.jpg\" alt=\"\" class=\"wp-image-9840\" srcset=\"https:\/\/alles-ueber-riffe.de\/wp-content\/uploads\/2025\/02\/Schuetzenfisch_1024x768.jpg 1024w, https:\/\/alles-ueber-riffe.de\/wp-content\/uploads\/2025\/02\/Schuetzenfisch_1024x768-300x225.jpg 300w, https:\/\/alles-ueber-riffe.de\/wp-content\/uploads\/2025\/02\/Schuetzenfisch_1024x768-768x576.jpg 768w\" sizes=\"auto, (max-width: 767px) 89vw, (max-width: 1000px) 54vw, (max-width: 1071px) 543px, 580px\" \/><figcaption class=\"wp-element-caption\">\u00a9 Heinz Krimmer<\/figcaption><\/figure>\n\n\n\n<hr class=\"wp-block-separator has-alpha-channel-opacity is-style-default\"\/>\n\n\n\n<p><strong>Gr\u00f6\u00dfe: <\/strong> bis 30 cm<\/p>\n\n\n\n<p><strong>Lebensraum:<\/strong> Mangrovengebiete und Flussm\u00fcndungen<\/p>\n\n\n\n<p><strong>Vorkommen:  <\/strong>Indien, Ostindonesien, Philippinen, Nordaustralien, Papua-Neuguinea<\/p>\n\n\n\n<p><strong>Erkennungsmerkmale:<\/strong> Grundfarbe wei\u00df; schwarze Flecken am R\u00fccken<\/p>\n\n\n\n<p><strong>Biologie &amp; Verhalten: <\/strong> Dieses ungew\u00f6hnliche Tier ist der Scharfsch\u00fctze unter den Fischen. Mit einem Wasserstrahl, der mit Hilfe der Zunge und den Kiemen erzeugt wird, schie\u00dft er Insekten von ihrem sicher geglaubten Platz auf Bl\u00e4ttern oder Zweigen. Fallen sie ins Wasser werden sie sofort gefressen. Bis zu 1,50 Meter weit k\u00f6nnen sie schie\u00dfen. Auf uns Menschen umgerechnet w\u00fcrde das bedeuten, dass wir ca. 9 Meter weit spucken m\u00fcssten, um mit dem Sch\u00fctzenfisch gleich zu ziehen.&nbsp;&nbsp;Aber das ist noch nicht alles, man muss ja auch treffen. Forschungen haben ergeben, dass Sch\u00fctzenfische nicht nur den Brechungswinkel zwischen Wasser und Luft richtig berechnen, sondern auch die Dosierung des Wasserstrahls kalkulieren. Um Energie zu sparen, wird immer nur so viel gespuckt wie n\u00f6tig.<\/p>\n\n\n\n<p>Doch nicht nur dieses Jagdverhalten ist bemerkenswert. Der Sch\u00fctzenfische zeigt eine gro\u00dfe Toleranz gegen\u00fcber dem Salzgehalt im Wasser. Das muss er auch, denn in den Mangrovengebieten und Flussm\u00fcndungen wechselt dieser mit den Gezeiten stark. Er ist so tolerant, dass ihm der Salzgehalt egal ist. Er \u00fcberlebt im S\u00fc\u00df-, Brack- und Meerwasser. Nur wenige Fischarten au\u00dfer ihm sind \u00e4hnlich tolerant gegen\u00fcber dem Salzgehalt.<\/p>\n\n\n\n<p><strong>Bedrohungsstatus:<\/strong> Die Art wird auf der Roten Liste der IUCN als <mark style=\"background-color:rgba(0, 0, 0, 0)\" class=\"has-inline-color has-vivid-green-cyan-color\">\u201enicht gef\u00e4hrdet\u201c<\/mark> gef\u00fchrt.<\/p>\n\n\n\n<hr class=\"wp-block-separator has-alpha-channel-opacity is-style-default\"\/>\n\n\n\n<p><\/p>\n","protected":false},"excerpt":{"rendered":"<p>Sch\u00fctzenfisch Banded archerfish Toxotes jaculatrix Gr\u00f6\u00dfe: bis 30 cm Lebensraum: Mangrovengebiete und Flussm\u00fcndungen Vorkommen: Indien, Ostindonesien, Philippinen, Nordaustralien, Papua-Neuguinea Erkennungsmerkmale: Grundfarbe wei\u00df; schwarze Flecken am R\u00fccken Biologie &amp; Verhalten: Dieses ungew\u00f6hnliche Tier ist der Scharfsch\u00fctze unter den Fischen. Mit einem Wasserstrahl, der mit Hilfe der Zunge und den Kiemen erzeugt wird, schie\u00dft er Insekten von &hellip; <\/p>\n<p class=\"link-more\"><a href=\"https:\/\/alles-ueber-riffe.de\/?page_id=5831\" class=\"more-link\"><span class=\"screen-reader-text\">\u201eSch\u00fctzenfisch\u201c<\/span> weiterlesen<\/a><\/p>\n","protected":false},"author":1,"featured_media":0,"parent":0,"menu_order":0,"comment_status":"closed","ping_status":"closed","template":"","meta":{"footnotes":""},"class_list":["post-5831","page","type-page","status-publish","hentry"],"_links":{"self":[{"href":"https:\/\/alles-ueber-riffe.de\/index.php?rest_route=\/wp\/v2\/pages\/5831","targetHints":{"allow":["GET"]}}],"collection":[{"href":"https:\/\/alles-ueber-riffe.de\/index.php?rest_route=\/wp\/v2\/pages"}],"about":[{"href":"https:\/\/alles-ueber-riffe.de\/index.php?rest_route=\/wp\/v2\/types\/page"}],"author":[{"embeddable":true,"href":"https:\/\/alles-ueber-riffe.de\/index.php?rest_route=\/wp\/v2\/users\/1"}],"replies":[{"embeddable":true,"href":"https:\/\/alles-ueber-riffe.de\/index.php?rest_route=%2Fwp%2Fv2%2Fcomments&post=5831"}],"version-history":[{"count":5,"href":"https:\/\/alles-ueber-riffe.de\/index.php?rest_route=\/wp\/v2\/pages\/5831\/revisions"}],"predecessor-version":[{"id":9843,"href":"https:\/\/alles-ueber-riffe.de\/index.php?rest_route=\/wp\/v2\/pages\/5831\/revisions\/9843"}],"wp:attachment":[{"href":"https:\/\/alles-ueber-riffe.de\/index.php?rest_route=%2Fwp%2Fv2%2Fmedia&parent=5831"}],"curies":[{"name":"wp","href":"https:\/\/api.w.org\/{rel}","templated":true}]}}