{"id":5829,"date":"2025-01-08T22:27:50","date_gmt":"2025-01-08T22:27:50","guid":{"rendered":"https:\/\/alles-ueber-riffe.de\/?page_id=5829"},"modified":"2025-02-14T19:02:39","modified_gmt":"2025-02-14T19:02:39","slug":"steifer-schnepfenmesserfisch","status":"publish","type":"page","link":"https:\/\/alles-ueber-riffe.de\/?page_id=5829","title":{"rendered":"Steifer Schnepfenmesserfisch"},"content":{"rendered":"\n<div class=\"wp-block-group is-vertical is-layout-flex wp-container-core-group-is-layout-8cf370e7 wp-block-group-is-layout-flex\">\n<p><strong>Steifer Schnepfenmesserfisch<\/strong><\/p>\n\n\n\n<p>Grooved razor-fish<\/p>\n\n\n\n<p><em>Centriscus scutatus<\/em><\/p>\n<\/div>\n\n\n\n<div style=\"height:30px\" aria-hidden=\"true\" class=\"wp-block-spacer\"><\/div>\n\n\n\n<figure class=\"wp-block-video\"><video height=\"576\" style=\"aspect-ratio: 1024 \/ 576;\" width=\"1024\" controls src=\"https:\/\/alles-ueber-riffe.de\/wp-content\/uploads\/2025\/02\/Steifer-Schnepfenmesserfisch-Kopie.mp4\"><\/video><figcaption class=\"wp-element-caption\">\u00a9 Heinz Krimmer<\/figcaption><\/figure>\n\n\n\n<hr class=\"wp-block-separator has-alpha-channel-opacity is-style-default\"\/>\n\n\n\n<p><strong>Gr\u00f6\u00dfe: <\/strong> bis 15 cm<\/p>\n\n\n\n<p><strong>Lebensraum:<\/strong> Korallenriffe, Sand- und Schlammb\u00f6den, Seegraswiesen<\/p>\n\n\n\n<p><strong>Vorkommen:  <\/strong>von Ostafrika, Rotes Meer, Persischer Golf, Malediven, S\u00fcdjapan, ganz S\u00fcdostasien, Papua-Neuguinea , Nordaustralien Ozeanien bis Neukaledonien<\/p>\n\n\n\n<p><strong>Erkennungsmerkmale:<\/strong> Grundfarbe wei\u00df; brauner L\u00e4ngsstreifen, fl\u00f6tenartige Schnauze<\/p>\n\n\n\n<p><strong>Biologie &amp; Verhalten: <\/strong> Steife Messerfische schwimmen und fressen mit dem Kopf nach unten. Sie jagen Plankton, indem sie es mit ihrem spitzen Maul einsaugen. Sie sind oft in kleinen Gruppen, aber auch in gro\u00dfen Schw\u00e4rmen in ihrem Biotop unterwegs.<\/p>\n\n\n\n<p>Juvenile Tiere suchen oft zwischen den Stacheln von Seeigeln Schutz.<\/p>\n\n\n\n<p><strong>Bedrohungsstatus:<\/strong> Die Art wird auf der Roten Liste der IUCN als <mark style=\"background-color:rgba(0, 0, 0, 0)\" class=\"has-inline-color has-vivid-green-cyan-color\">\u201enicht gef\u00e4hrdet\u201c<\/mark> gef\u00fchrt.<\/p>\n\n\n\n<hr class=\"wp-block-separator has-alpha-channel-opacity is-style-default\"\/>\n\n\n\n<p><\/p>\n","protected":false},"excerpt":{"rendered":"<p>Steifer Schnepfenmesserfisch Grooved razor-fish Centriscus scutatus Gr\u00f6\u00dfe: bis 15 cm Lebensraum: Korallenriffe, Sand- und Schlammb\u00f6den, Seegraswiesen Vorkommen: von Ostafrika, Rotes Meer, Persischer Golf, Malediven, S\u00fcdjapan, ganz S\u00fcdostasien, Papua-Neuguinea , Nordaustralien Ozeanien bis Neukaledonien Erkennungsmerkmale: Grundfarbe wei\u00df; brauner L\u00e4ngsstreifen, fl\u00f6tenartige Schnauze Biologie &amp; Verhalten: Steife Messerfische schwimmen und fressen mit dem Kopf nach unten. Sie jagen &hellip; <\/p>\n<p class=\"link-more\"><a href=\"https:\/\/alles-ueber-riffe.de\/?page_id=5829\" class=\"more-link\"><span class=\"screen-reader-text\">\u201eSteifer Schnepfenmesserfisch\u201c<\/span> weiterlesen<\/a><\/p>\n","protected":false},"author":1,"featured_media":0,"parent":0,"menu_order":0,"comment_status":"closed","ping_status":"closed","template":"","meta":{"footnotes":""},"class_list":["post-5829","page","type-page","status-publish","hentry"],"_links":{"self":[{"href":"https:\/\/alles-ueber-riffe.de\/index.php?rest_route=\/wp\/v2\/pages\/5829","targetHints":{"allow":["GET"]}}],"collection":[{"href":"https:\/\/alles-ueber-riffe.de\/index.php?rest_route=\/wp\/v2\/pages"}],"about":[{"href":"https:\/\/alles-ueber-riffe.de\/index.php?rest_route=\/wp\/v2\/types\/page"}],"author":[{"embeddable":true,"href":"https:\/\/alles-ueber-riffe.de\/index.php?rest_route=\/wp\/v2\/users\/1"}],"replies":[{"embeddable":true,"href":"https:\/\/alles-ueber-riffe.de\/index.php?rest_route=%2Fwp%2Fv2%2Fcomments&post=5829"}],"version-history":[{"count":4,"href":"https:\/\/alles-ueber-riffe.de\/index.php?rest_route=\/wp\/v2\/pages\/5829\/revisions"}],"predecessor-version":[{"id":9718,"href":"https:\/\/alles-ueber-riffe.de\/index.php?rest_route=\/wp\/v2\/pages\/5829\/revisions\/9718"}],"wp:attachment":[{"href":"https:\/\/alles-ueber-riffe.de\/index.php?rest_route=%2Fwp%2Fv2%2Fmedia&parent=5829"}],"curies":[{"name":"wp","href":"https:\/\/api.w.org\/{rel}","templated":true}]}}