{"id":5823,"date":"2025-01-08T22:27:26","date_gmt":"2025-01-08T22:27:26","guid":{"rendered":"https:\/\/alles-ueber-riffe.de\/?page_id=5823"},"modified":"2025-02-16T21:57:22","modified_gmt":"2025-02-16T21:57:22","slug":"kaiser-schnapper","status":"publish","type":"page","link":"https:\/\/alles-ueber-riffe.de\/?page_id=5823","title":{"rendered":"Kaiser-Schnapper"},"content":{"rendered":"\n<div class=\"wp-block-group is-vertical is-layout-flex wp-container-core-group-is-layout-8cf370e7 wp-block-group-is-layout-flex\">\n<p><strong>Kaiser-Schnapper<\/strong><\/p>\n\n\n\n<p>Emperor red snapper<\/p>\n\n\n\n<p><em>Lutjanus sebae<\/em><\/p>\n<\/div>\n\n\n\n<div style=\"height:30px\" aria-hidden=\"true\" class=\"wp-block-spacer\"><\/div>\n\n\n\n<figure class=\"wp-block-image size-full\"><img loading=\"lazy\" decoding=\"async\" width=\"1024\" height=\"768\" src=\"https:\/\/alles-ueber-riffe.de\/wp-content\/uploads\/2025\/02\/Kaiser-Schnapper_1024x768-adult.jpg\" alt=\"\" class=\"wp-image-9825\" srcset=\"https:\/\/alles-ueber-riffe.de\/wp-content\/uploads\/2025\/02\/Kaiser-Schnapper_1024x768-adult.jpg 1024w, https:\/\/alles-ueber-riffe.de\/wp-content\/uploads\/2025\/02\/Kaiser-Schnapper_1024x768-adult-300x225.jpg 300w, https:\/\/alles-ueber-riffe.de\/wp-content\/uploads\/2025\/02\/Kaiser-Schnapper_1024x768-adult-768x576.jpg 768w\" sizes=\"auto, (max-width: 767px) 89vw, (max-width: 1000px) 54vw, (max-width: 1071px) 543px, 580px\" \/><figcaption class=\"wp-element-caption\">\u00a9 Joris Rombouts<\/figcaption><\/figure>\n\n\n\n<figure class=\"wp-block-image size-full\"><img loading=\"lazy\" decoding=\"async\" width=\"1024\" height=\"768\" src=\"https:\/\/alles-ueber-riffe.de\/wp-content\/uploads\/2025\/02\/Kaiser-Schnapper_1024x768-juvenil.jpg\" alt=\"\" class=\"wp-image-9826\" srcset=\"https:\/\/alles-ueber-riffe.de\/wp-content\/uploads\/2025\/02\/Kaiser-Schnapper_1024x768-juvenil.jpg 1024w, https:\/\/alles-ueber-riffe.de\/wp-content\/uploads\/2025\/02\/Kaiser-Schnapper_1024x768-juvenil-300x225.jpg 300w, https:\/\/alles-ueber-riffe.de\/wp-content\/uploads\/2025\/02\/Kaiser-Schnapper_1024x768-juvenil-768x576.jpg 768w\" sizes=\"auto, (max-width: 767px) 89vw, (max-width: 1000px) 54vw, (max-width: 1071px) 543px, 580px\" \/><figcaption class=\"wp-element-caption\">\u00a9 Joris Rombouts<\/figcaption><\/figure>\n\n\n\n<hr class=\"wp-block-separator has-alpha-channel-opacity is-style-default\"\/>\n\n\n\n<p><strong>Gr\u00f6\u00dfe: <\/strong> bis 1,16 m<\/p>\n\n\n\n<p><strong>Lebensraum:<\/strong> Korallen- und Felsenriffe<\/p>\n\n\n\n<p><strong>Vorkommen:  <\/strong>von Ostafrika, Rotes Meer, Oman,\u00a0\u00a0Malediven, Indien, ganz S\u00fcdostasien, S\u00fcdjapan, Vietnam, Nordaustralien, Papua-Neuguinea<\/p>\n\n\n\n<p><strong>Erkennungsmerkmale:<\/strong> adulte Tiere hellgrau mit drei breiten, dunkelbraunen oft nur noch angedeuteten Querb\u00e4ndern; hochr\u00fcckig; juvenile Tiere wei\u00df mit stark ausgepr\u00e4gten breiten, dunkelbraunen Querb\u00e4ndern<\/p>\n\n\n\n<p><strong>Biologie &amp; Verhalten: <\/strong> Dieser Schnapper bildet kleine Gruppen oder ist einzeln unterwegs. Juvenile Tiere suchen oft Schutz zwischen den Stacheln von Seeigeln. Jagd Fische, Kopff\u00fc\u00dfer sowie Wirbellose.<\/p>\n\n\n\n<p><strong>Bedrohungsstatus:<\/strong> Die Art wird auf der Roten Liste der IUCN als <mark style=\"background-color:rgba(0, 0, 0, 0)\" class=\"has-inline-color has-vivid-green-cyan-color\">\u201enicht gef\u00e4hrdet\u201c<\/mark> gef\u00fchrt.<\/p>\n\n\n\n<p><mark style=\"background-color:rgba(0, 0, 0, 0)\" class=\"has-inline-color has-vivid-red-color\"><strong>Gefahr:<\/strong> Beim Verzehr des Fleisches kann es zu einer ciguatoxischen Vergiftung kommen.<\/mark><\/p>\n\n\n\n<hr class=\"wp-block-separator has-alpha-channel-opacity is-style-default\"\/>\n\n\n\n<p><\/p>\n","protected":false},"excerpt":{"rendered":"<p>Kaiser-Schnapper Emperor red snapper Lutjanus sebae Gr\u00f6\u00dfe: bis 1,16 m Lebensraum: Korallen- und Felsenriffe Vorkommen: von Ostafrika, Rotes Meer, Oman,\u00a0\u00a0Malediven, Indien, ganz S\u00fcdostasien, S\u00fcdjapan, Vietnam, Nordaustralien, Papua-Neuguinea Erkennungsmerkmale: adulte Tiere hellgrau mit drei breiten, dunkelbraunen oft nur noch angedeuteten Querb\u00e4ndern; hochr\u00fcckig; juvenile Tiere wei\u00df mit stark ausgepr\u00e4gten breiten, dunkelbraunen Querb\u00e4ndern Biologie &amp; Verhalten: Dieser Schnapper &hellip; <\/p>\n<p class=\"link-more\"><a href=\"https:\/\/alles-ueber-riffe.de\/?page_id=5823\" class=\"more-link\"><span class=\"screen-reader-text\">\u201eKaiser-Schnapper\u201c<\/span> weiterlesen<\/a><\/p>\n","protected":false},"author":1,"featured_media":0,"parent":0,"menu_order":0,"comment_status":"closed","ping_status":"closed","template":"","meta":{"footnotes":""},"class_list":["post-5823","page","type-page","status-publish","hentry"],"_links":{"self":[{"href":"https:\/\/alles-ueber-riffe.de\/index.php?rest_route=\/wp\/v2\/pages\/5823","targetHints":{"allow":["GET"]}}],"collection":[{"href":"https:\/\/alles-ueber-riffe.de\/index.php?rest_route=\/wp\/v2\/pages"}],"about":[{"href":"https:\/\/alles-ueber-riffe.de\/index.php?rest_route=\/wp\/v2\/types\/page"}],"author":[{"embeddable":true,"href":"https:\/\/alles-ueber-riffe.de\/index.php?rest_route=\/wp\/v2\/users\/1"}],"replies":[{"embeddable":true,"href":"https:\/\/alles-ueber-riffe.de\/index.php?rest_route=%2Fwp%2Fv2%2Fcomments&post=5823"}],"version-history":[{"count":8,"href":"https:\/\/alles-ueber-riffe.de\/index.php?rest_route=\/wp\/v2\/pages\/5823\/revisions"}],"predecessor-version":[{"id":9832,"href":"https:\/\/alles-ueber-riffe.de\/index.php?rest_route=\/wp\/v2\/pages\/5823\/revisions\/9832"}],"wp:attachment":[{"href":"https:\/\/alles-ueber-riffe.de\/index.php?rest_route=%2Fwp%2Fv2%2Fmedia&parent=5823"}],"curies":[{"name":"wp","href":"https:\/\/api.w.org\/{rel}","templated":true}]}}