{"id":5818,"date":"2025-01-08T22:27:01","date_gmt":"2025-01-08T22:27:01","guid":{"rendered":"https:\/\/alles-ueber-riffe.de\/?page_id=5818"},"modified":"2025-02-16T21:50:00","modified_gmt":"2025-02-16T21:50:00","slug":"goldstreifen-schnapper","status":"publish","type":"page","link":"https:\/\/alles-ueber-riffe.de\/?page_id=5818","title":{"rendered":"Goldstreifen-Schnapper"},"content":{"rendered":"\n<div class=\"wp-block-group is-vertical is-layout-flex wp-container-core-group-is-layout-8cf370e7 wp-block-group-is-layout-flex\">\n<p><strong>Goldstreifen-Schnapper<\/strong><\/p>\n\n\n\n<p>Yello-lined snapper<\/p>\n\n\n\n<p><em>Lutjanus rufolineatus<\/em><\/p>\n<\/div>\n\n\n\n<div style=\"height:30px\" aria-hidden=\"true\" class=\"wp-block-spacer\"><\/div>\n\n\n\n<figure class=\"wp-block-image size-full\"><img loading=\"lazy\" decoding=\"async\" width=\"1024\" height=\"768\" src=\"https:\/\/alles-ueber-riffe.de\/wp-content\/uploads\/2025\/02\/Goldstreifen-Schnapper_1024x768.jpg\" alt=\"\" class=\"wp-image-9815\" srcset=\"https:\/\/alles-ueber-riffe.de\/wp-content\/uploads\/2025\/02\/Goldstreifen-Schnapper_1024x768.jpg 1024w, https:\/\/alles-ueber-riffe.de\/wp-content\/uploads\/2025\/02\/Goldstreifen-Schnapper_1024x768-300x225.jpg 300w, https:\/\/alles-ueber-riffe.de\/wp-content\/uploads\/2025\/02\/Goldstreifen-Schnapper_1024x768-768x576.jpg 768w\" sizes=\"auto, (max-width: 767px) 89vw, (max-width: 1000px) 54vw, (max-width: 1071px) 543px, 580px\" \/><figcaption class=\"wp-element-caption\">\u00a9 Joris Rombouts<\/figcaption><\/figure>\n\n\n\n<hr class=\"wp-block-separator has-alpha-channel-opacity is-style-default\"\/>\n\n\n\n<p><strong>Gr\u00f6\u00dfe: <\/strong> bis 30 cm<\/p>\n\n\n\n<p><strong>Lebensraum:<\/strong> Korallen- und Felsenriffe<\/p>\n\n\n\n<p><strong>Vorkommen:  <\/strong>Malediven, S\u00fcdjapan, Vietnam, Philippinen, Ostindonesien, Nordaustralien, Papua-Neuguinea, Ozeanien bis Tonga<\/p>\n\n\n\n<p><strong>Erkennungsmerkmale:<\/strong> Grundfarbe hellgrau; zahlreiche gelbe, schmale L\u00e4ngsstreifen<\/p>\n\n\n\n<p><strong>Biologie &amp; Verhalten: <\/strong> Dieser Schnapper bildet manchmal gro\u00dfe Schw\u00e4rme von hunderten von Tieren. Ern\u00e4hrt sich von Fischen, Krabben, Krebsen, anderen Krustentieren, Kopff\u00fc\u00dfern und Plankton.<\/p>\n\n\n\n<p><strong>Bedrohungsstatus:<\/strong> Die Art wird auf der Roten Liste der IUCN als <mark style=\"background-color:rgba(0, 0, 0, 0)\" class=\"has-inline-color has-vivid-green-cyan-color\">\u201enicht gef\u00e4hrdet\u201c<\/mark> gef\u00fchrt.<\/p>\n\n\n\n<hr class=\"wp-block-separator has-alpha-channel-opacity is-style-default\"\/>\n\n\n\n<p><\/p>\n","protected":false},"excerpt":{"rendered":"<p>Goldstreifen-Schnapper Yello-lined snapper Lutjanus rufolineatus Gr\u00f6\u00dfe: bis 30 cm Lebensraum: Korallen- und Felsenriffe Vorkommen: Malediven, S\u00fcdjapan, Vietnam, Philippinen, Ostindonesien, Nordaustralien, Papua-Neuguinea, Ozeanien bis Tonga Erkennungsmerkmale: Grundfarbe hellgrau; zahlreiche gelbe, schmale L\u00e4ngsstreifen Biologie &amp; Verhalten: Dieser Schnapper bildet manchmal gro\u00dfe Schw\u00e4rme von hunderten von Tieren. Ern\u00e4hrt sich von Fischen, Krabben, Krebsen, anderen Krustentieren, Kopff\u00fc\u00dfern und Plankton. &hellip; <\/p>\n<p class=\"link-more\"><a href=\"https:\/\/alles-ueber-riffe.de\/?page_id=5818\" class=\"more-link\"><span class=\"screen-reader-text\">\u201eGoldstreifen-Schnapper\u201c<\/span> weiterlesen<\/a><\/p>\n","protected":false},"author":1,"featured_media":0,"parent":0,"menu_order":0,"comment_status":"closed","ping_status":"closed","template":"","meta":{"footnotes":""},"class_list":["post-5818","page","type-page","status-publish","hentry"],"_links":{"self":[{"href":"https:\/\/alles-ueber-riffe.de\/index.php?rest_route=\/wp\/v2\/pages\/5818","targetHints":{"allow":["GET"]}}],"collection":[{"href":"https:\/\/alles-ueber-riffe.de\/index.php?rest_route=\/wp\/v2\/pages"}],"about":[{"href":"https:\/\/alles-ueber-riffe.de\/index.php?rest_route=\/wp\/v2\/types\/page"}],"author":[{"embeddable":true,"href":"https:\/\/alles-ueber-riffe.de\/index.php?rest_route=\/wp\/v2\/users\/1"}],"replies":[{"embeddable":true,"href":"https:\/\/alles-ueber-riffe.de\/index.php?rest_route=%2Fwp%2Fv2%2Fcomments&post=5818"}],"version-history":[{"count":5,"href":"https:\/\/alles-ueber-riffe.de\/index.php?rest_route=\/wp\/v2\/pages\/5818\/revisions"}],"predecessor-version":[{"id":9818,"href":"https:\/\/alles-ueber-riffe.de\/index.php?rest_route=\/wp\/v2\/pages\/5818\/revisions\/9818"}],"wp:attachment":[{"href":"https:\/\/alles-ueber-riffe.de\/index.php?rest_route=%2Fwp%2Fv2%2Fmedia&parent=5818"}],"curies":[{"name":"wp","href":"https:\/\/api.w.org\/{rel}","templated":true}]}}