{"id":5816,"date":"2025-01-08T22:26:50","date_gmt":"2025-01-08T22:26:50","guid":{"rendered":"https:\/\/alles-ueber-riffe.de\/?page_id=5816"},"modified":"2025-02-16T21:47:37","modified_gmt":"2025-02-16T21:47:37","slug":"buckel-schnapper","status":"publish","type":"page","link":"https:\/\/alles-ueber-riffe.de\/?page_id=5816","title":{"rendered":"Buckel-Schnapper"},"content":{"rendered":"\n<div class=\"wp-block-group is-vertical is-layout-flex wp-container-core-group-is-layout-8cf370e7 wp-block-group-is-layout-flex\">\n<p><strong>Buckel-Schnapper<\/strong><\/p>\n\n\n\n<p>Humpback red snapper<\/p>\n\n\n\n<p><em>Lutjanus gibbus<\/em><\/p>\n<\/div>\n\n\n\n<div style=\"height:30px\" aria-hidden=\"true\" class=\"wp-block-spacer\"><\/div>\n\n\n\n<figure class=\"wp-block-image size-full\"><img loading=\"lazy\" decoding=\"async\" width=\"1024\" height=\"768\" src=\"https:\/\/alles-ueber-riffe.de\/wp-content\/uploads\/2025\/02\/Buckel-Schnapper_1024x768.jpg\" alt=\"\" class=\"wp-image-9808\" srcset=\"https:\/\/alles-ueber-riffe.de\/wp-content\/uploads\/2025\/02\/Buckel-Schnapper_1024x768.jpg 1024w, https:\/\/alles-ueber-riffe.de\/wp-content\/uploads\/2025\/02\/Buckel-Schnapper_1024x768-300x225.jpg 300w, https:\/\/alles-ueber-riffe.de\/wp-content\/uploads\/2025\/02\/Buckel-Schnapper_1024x768-768x576.jpg 768w\" sizes=\"auto, (max-width: 767px) 89vw, (max-width: 1000px) 54vw, (max-width: 1071px) 543px, 580px\" \/><figcaption class=\"wp-element-caption\">\u00a9 Joris Rombouts<\/figcaption><\/figure>\n\n\n\n<hr class=\"wp-block-separator has-alpha-channel-opacity is-style-default\"\/>\n\n\n\n<p><strong>Gr\u00f6\u00dfe: <\/strong> bis 50 cm<\/p>\n\n\n\n<p><strong>Lebensraum:<\/strong> Korallen- und Felsenriffe<\/p>\n\n\n\n<p><strong>Vorkommen:  <\/strong>von Ostafrika, Rotes Meer, Oman,&nbsp;&nbsp;Malediven, Indien, ganz S\u00fcdostasien, S\u00fcdjapan, Vietnam, Nordaustralien, Papua-Neuguinea, Ozeanien bis zu den Gesellschaftsinseln<\/p>\n\n\n\n<p><strong>Erkennungsmerkmale:<\/strong> adulte Tiere graurot; rote Flossen; hochr\u00fcckig; juvenile Tiere silbern mit dunkler Schwanzflosse<\/p>\n\n\n\n<p><strong>Biologie &amp; Verhalten: <\/strong>Tags\u00fcber ruht dieser Schnapper manchmal in gro\u00dfen Schw\u00e4rmen in der N\u00e4he des Riffs. Nachts jagt er Fische und Wirbellose. Juvenile Tiere findet man auch in Seegraswiesen.<\/p>\n\n\n\n<p><strong>Bedrohungsstatus:<\/strong> Die Art wird auf der Roten Liste der IUCN als <mark style=\"background-color:rgba(0, 0, 0, 0)\" class=\"has-inline-color has-vivid-green-cyan-color\">\u201enicht gef\u00e4hrdet\u201c<\/mark> gef\u00fchrt.<\/p>\n\n\n\n<p><mark style=\"background-color:rgba(0, 0, 0, 0)\" class=\"has-inline-color has-vivid-red-color\"><strong>Gefahr:<\/strong> Der Verzehr seines Fleisches ist nicht ohne Risiko. Es kann zur ciguatoxischen Vergiftungen f\u00fchren.<\/mark><\/p>\n\n\n\n<hr class=\"wp-block-separator has-alpha-channel-opacity is-style-default\"\/>\n\n\n\n<p><\/p>\n","protected":false},"excerpt":{"rendered":"<p>Buckel-Schnapper Humpback red snapper Lutjanus gibbus Gr\u00f6\u00dfe: bis 50 cm Lebensraum: Korallen- und Felsenriffe Vorkommen: von Ostafrika, Rotes Meer, Oman,&nbsp;&nbsp;Malediven, Indien, ganz S\u00fcdostasien, S\u00fcdjapan, Vietnam, Nordaustralien, Papua-Neuguinea, Ozeanien bis zu den Gesellschaftsinseln Erkennungsmerkmale: adulte Tiere graurot; rote Flossen; hochr\u00fcckig; juvenile Tiere silbern mit dunkler Schwanzflosse Biologie &amp; Verhalten: Tags\u00fcber ruht dieser Schnapper manchmal in gro\u00dfen &hellip; <\/p>\n<p class=\"link-more\"><a href=\"https:\/\/alles-ueber-riffe.de\/?page_id=5816\" class=\"more-link\"><span class=\"screen-reader-text\">\u201eBuckel-Schnapper\u201c<\/span> weiterlesen<\/a><\/p>\n","protected":false},"author":1,"featured_media":0,"parent":0,"menu_order":0,"comment_status":"closed","ping_status":"closed","template":"","meta":{"footnotes":""},"class_list":["post-5816","page","type-page","status-publish","hentry"],"_links":{"self":[{"href":"https:\/\/alles-ueber-riffe.de\/index.php?rest_route=\/wp\/v2\/pages\/5816","targetHints":{"allow":["GET"]}}],"collection":[{"href":"https:\/\/alles-ueber-riffe.de\/index.php?rest_route=\/wp\/v2\/pages"}],"about":[{"href":"https:\/\/alles-ueber-riffe.de\/index.php?rest_route=\/wp\/v2\/types\/page"}],"author":[{"embeddable":true,"href":"https:\/\/alles-ueber-riffe.de\/index.php?rest_route=\/wp\/v2\/users\/1"}],"replies":[{"embeddable":true,"href":"https:\/\/alles-ueber-riffe.de\/index.php?rest_route=%2Fwp%2Fv2%2Fcomments&post=5816"}],"version-history":[{"count":5,"href":"https:\/\/alles-ueber-riffe.de\/index.php?rest_route=\/wp\/v2\/pages\/5816\/revisions"}],"predecessor-version":[{"id":9814,"href":"https:\/\/alles-ueber-riffe.de\/index.php?rest_route=\/wp\/v2\/pages\/5816\/revisions\/9814"}],"wp:attachment":[{"href":"https:\/\/alles-ueber-riffe.de\/index.php?rest_route=%2Fwp%2Fv2%2Fmedia&parent=5816"}],"curies":[{"name":"wp","href":"https:\/\/api.w.org\/{rel}","templated":true}]}}