{"id":5809,"date":"2025-01-08T22:26:21","date_gmt":"2025-01-08T22:26:21","guid":{"rendered":"https:\/\/alles-ueber-riffe.de\/?page_id=5809"},"modified":"2025-02-16T21:23:39","modified_gmt":"2025-02-16T21:23:39","slug":"schwarzer-schnapper","status":"publish","type":"page","link":"https:\/\/alles-ueber-riffe.de\/?page_id=5809","title":{"rendered":"Schwarzer Schnapper"},"content":{"rendered":"\n<div class=\"wp-block-group is-vertical is-layout-flex wp-container-core-group-is-layout-8cf370e7 wp-block-group-is-layout-flex\">\n<p><strong>Schwarzer Schnapper<\/strong><\/p>\n\n\n\n<p>Black and white snapper<\/p>\n\n\n\n<p><em>Macolor niger<\/em><\/p>\n<\/div>\n\n\n\n<div style=\"height:30px\" aria-hidden=\"true\" class=\"wp-block-spacer\"><\/div>\n\n\n\n<figure class=\"wp-block-video\"><video height=\"576\" style=\"aspect-ratio: 1024 \/ 576;\" width=\"1024\" controls src=\"https:\/\/alles-ueber-riffe.de\/wp-content\/uploads\/2025\/02\/Schwarzer-Schnapper-Kopie.mp4\"><\/video><figcaption class=\"wp-element-caption\">\u00a9 Heinz Krimmer<\/figcaption><\/figure>\n\n\n\n<hr class=\"wp-block-separator has-alpha-channel-opacity is-style-default\"\/>\n\n\n\n<p><strong>Gr\u00f6\u00dfe: <\/strong> bis 75 cm<\/p>\n\n\n\n<p><strong>Lebensraum:<\/strong> Freiwasser in der N\u00e4he von Korallen- und Felsenriffe<\/p>\n\n\n\n<p><strong>Vorkommen:  <\/strong>von Ostafrika, Rotes Meer, Persischer Golf, Malediven, ganz S\u00fcdostasien, S\u00fcdjapan, Nordaustralien, Papua-Neuguinea, Ozeanien bis Samoa<\/p>\n\n\n\n<p><strong>Erkennungsmerkmale:<\/strong> adulte Tiere grau mit schwarzen Flossen; juvenile Tiere schwarz-wei\u00df gemustert<\/p>\n\n\n\n<p><strong>Biologie &amp; Verhalten: <\/strong> Die adulten Tiere sieht man tags\u00fcber oft in Gruppen im Freiwasser in der N\u00e4he der Riffe ruhig im Wasser stehen. Nachts werden sie aktiv und jagen Zooplankton. Juvenile Tiere sind Einzelg\u00e4nger und eher im Schutz von Korallen zu finden.<\/p>\n\n\n\n<p><strong>Bedrohungsstatus:<\/strong> Die Art wird auf der Roten Liste der IUCN als <mark style=\"background-color:rgba(0, 0, 0, 0)\" class=\"has-inline-color has-vivid-green-cyan-color\">\u201enicht gef\u00e4hrdet\u201c<\/mark> gef\u00fchrt.<\/p>\n\n\n\n<hr class=\"wp-block-separator has-alpha-channel-opacity is-style-default\"\/>\n\n\n\n<p><\/p>\n","protected":false},"excerpt":{"rendered":"<p>Schwarzer Schnapper Black and white snapper Macolor niger Gr\u00f6\u00dfe: bis 75 cm Lebensraum: Freiwasser in der N\u00e4he von Korallen- und Felsenriffe Vorkommen: von Ostafrika, Rotes Meer, Persischer Golf, Malediven, ganz S\u00fcdostasien, S\u00fcdjapan, Nordaustralien, Papua-Neuguinea, Ozeanien bis Samoa Erkennungsmerkmale: adulte Tiere grau mit schwarzen Flossen; juvenile Tiere schwarz-wei\u00df gemustert Biologie &amp; Verhalten: Die adulten Tiere sieht &hellip; <\/p>\n<p class=\"link-more\"><a href=\"https:\/\/alles-ueber-riffe.de\/?page_id=5809\" class=\"more-link\"><span class=\"screen-reader-text\">\u201eSchwarzer Schnapper\u201c<\/span> weiterlesen<\/a><\/p>\n","protected":false},"author":1,"featured_media":0,"parent":0,"menu_order":0,"comment_status":"closed","ping_status":"closed","template":"","meta":{"footnotes":""},"class_list":["post-5809","page","type-page","status-publish","hentry"],"_links":{"self":[{"href":"https:\/\/alles-ueber-riffe.de\/index.php?rest_route=\/wp\/v2\/pages\/5809","targetHints":{"allow":["GET"]}}],"collection":[{"href":"https:\/\/alles-ueber-riffe.de\/index.php?rest_route=\/wp\/v2\/pages"}],"about":[{"href":"https:\/\/alles-ueber-riffe.de\/index.php?rest_route=\/wp\/v2\/types\/page"}],"author":[{"embeddable":true,"href":"https:\/\/alles-ueber-riffe.de\/index.php?rest_route=\/wp\/v2\/users\/1"}],"replies":[{"embeddable":true,"href":"https:\/\/alles-ueber-riffe.de\/index.php?rest_route=%2Fwp%2Fv2%2Fcomments&post=5809"}],"version-history":[{"count":6,"href":"https:\/\/alles-ueber-riffe.de\/index.php?rest_route=\/wp\/v2\/pages\/5809\/revisions"}],"predecessor-version":[{"id":9785,"href":"https:\/\/alles-ueber-riffe.de\/index.php?rest_route=\/wp\/v2\/pages\/5809\/revisions\/9785"}],"wp:attachment":[{"href":"https:\/\/alles-ueber-riffe.de\/index.php?rest_route=%2Fwp%2Fv2%2Fmedia&parent=5809"}],"curies":[{"name":"wp","href":"https:\/\/api.w.org\/{rel}","templated":true}]}}