{"id":5807,"date":"2025-01-08T22:26:12","date_gmt":"2025-01-08T22:26:12","guid":{"rendered":"https:\/\/alles-ueber-riffe.de\/?page_id=5807"},"modified":"2025-02-16T21:20:01","modified_gmt":"2025-02-16T21:20:01","slug":"schachbrett-schnapper","status":"publish","type":"page","link":"https:\/\/alles-ueber-riffe.de\/?page_id=5807","title":{"rendered":"Schachbrett-Schnapper"},"content":{"rendered":"\n<div class=\"wp-block-group is-vertical is-layout-flex wp-container-core-group-is-layout-8cf370e7 wp-block-group-is-layout-flex\">\n<p><strong>Schachbrett-Schnapper<\/strong><\/p>\n\n\n\n<p>Checkered snapper<\/p>\n\n\n\n<p><em>Lutjanus decussatus<\/em><\/p>\n<\/div>\n\n\n\n<div style=\"height:30px\" aria-hidden=\"true\" class=\"wp-block-spacer\"><\/div>\n\n\n\n<figure class=\"wp-block-video\"><video height=\"576\" style=\"aspect-ratio: 1024 \/ 576;\" width=\"1024\" controls src=\"https:\/\/alles-ueber-riffe.de\/wp-content\/uploads\/2025\/02\/Schachbrett-Schnapper.mp4\"><\/video><figcaption class=\"wp-element-caption\">\u00a9 Heinz Krimmer<\/figcaption><\/figure>\n\n\n\n<hr class=\"wp-block-separator has-alpha-channel-opacity is-style-default\"\/>\n\n\n\n<p><strong>Gr\u00f6\u00dfe: <\/strong> bis 35 cm<\/p>\n\n\n\n<p><strong>Lebensraum:<\/strong> Korallen- und Felsenriffe, Ger\u00f6llfl\u00e4chen<\/p>\n\n\n\n<p><strong>Vorkommen:  <\/strong>S\u00fcdindien und Sri Lanka, ganz S\u00fcdostasien, S\u00fcdjapan, Vietnam, Nordwestaustralien<\/p>\n\n\n\n<p><strong>Erkennungsmerkmale:<\/strong> Grundfarbe wei\u00df; in der oberen K\u00f6rperh\u00e4lfte dunkelbraune L\u00e4ngs- und Querstreifen, die eine Art Schachbrettmuster bilden; schwarzer Punkt an der Schwanzwurzel<\/p>\n\n\n\n<p><strong>Biologie &amp; Verhalten: <\/strong> Dieser Schnapper ist meistens einzeln im Riff unterwegs.<\/p>\n\n\n\n<p><strong>Bedrohungsstatus:<\/strong> Die Art wird auf der Roten Liste der IUCN als <mark style=\"background-color:rgba(0, 0, 0, 0)\" class=\"has-inline-color has-vivid-green-cyan-color\">\u201enicht gef\u00e4hrdet\u201c<\/mark> gef\u00fchrt.<\/p>\n\n\n\n<hr class=\"wp-block-separator has-alpha-channel-opacity is-style-default\"\/>\n\n\n\n<p><\/p>\n","protected":false},"excerpt":{"rendered":"<p>Schachbrett-Schnapper Checkered snapper Lutjanus decussatus Gr\u00f6\u00dfe: bis 35 cm Lebensraum: Korallen- und Felsenriffe, Ger\u00f6llfl\u00e4chen Vorkommen: S\u00fcdindien und Sri Lanka, ganz S\u00fcdostasien, S\u00fcdjapan, Vietnam, Nordwestaustralien Erkennungsmerkmale: Grundfarbe wei\u00df; in der oberen K\u00f6rperh\u00e4lfte dunkelbraune L\u00e4ngs- und Querstreifen, die eine Art Schachbrettmuster bilden; schwarzer Punkt an der Schwanzwurzel Biologie &amp; Verhalten: Dieser Schnapper ist meistens einzeln im Riff &hellip; <\/p>\n<p class=\"link-more\"><a href=\"https:\/\/alles-ueber-riffe.de\/?page_id=5807\" class=\"more-link\"><span class=\"screen-reader-text\">\u201eSchachbrett-Schnapper\u201c<\/span> weiterlesen<\/a><\/p>\n","protected":false},"author":1,"featured_media":0,"parent":0,"menu_order":0,"comment_status":"closed","ping_status":"closed","template":"","meta":{"footnotes":""},"class_list":["post-5807","page","type-page","status-publish","hentry"],"_links":{"self":[{"href":"https:\/\/alles-ueber-riffe.de\/index.php?rest_route=\/wp\/v2\/pages\/5807","targetHints":{"allow":["GET"]}}],"collection":[{"href":"https:\/\/alles-ueber-riffe.de\/index.php?rest_route=\/wp\/v2\/pages"}],"about":[{"href":"https:\/\/alles-ueber-riffe.de\/index.php?rest_route=\/wp\/v2\/types\/page"}],"author":[{"embeddable":true,"href":"https:\/\/alles-ueber-riffe.de\/index.php?rest_route=\/wp\/v2\/users\/1"}],"replies":[{"embeddable":true,"href":"https:\/\/alles-ueber-riffe.de\/index.php?rest_route=%2Fwp%2Fv2%2Fcomments&post=5807"}],"version-history":[{"count":5,"href":"https:\/\/alles-ueber-riffe.de\/index.php?rest_route=\/wp\/v2\/pages\/5807\/revisions"}],"predecessor-version":[{"id":9780,"href":"https:\/\/alles-ueber-riffe.de\/index.php?rest_route=\/wp\/v2\/pages\/5807\/revisions\/9780"}],"wp:attachment":[{"href":"https:\/\/alles-ueber-riffe.de\/index.php?rest_route=%2Fwp%2Fv2%2Fmedia&parent=5807"}],"curies":[{"name":"wp","href":"https:\/\/api.w.org\/{rel}","templated":true}]}}