{"id":5802,"date":"2025-01-08T22:25:53","date_gmt":"2025-01-08T22:25:53","guid":{"rendered":"https:\/\/alles-ueber-riffe.de\/?page_id=5802"},"modified":"2025-02-16T21:11:12","modified_gmt":"2025-02-16T21:11:12","slug":"jordans-schnapper","status":"publish","type":"page","link":"https:\/\/alles-ueber-riffe.de\/?page_id=5802","title":{"rendered":"Jordans Schnapper"},"content":{"rendered":"\n<div class=\"wp-block-group is-vertical is-layout-flex wp-container-core-group-is-layout-8cf370e7 wp-block-group-is-layout-flex\">\n<p><strong>Jordans Schnapper<\/strong><\/p>\n\n\n\n<p>Jordan`s snapper<\/p>\n\n\n\n<p>Lutjanus jordani<\/p>\n<\/div>\n\n\n\n<div style=\"height:30px\" aria-hidden=\"true\" class=\"wp-block-spacer\"><\/div>\n\n\n\n<figure class=\"wp-block-video\"><video height=\"576\" style=\"aspect-ratio: 1024 \/ 576;\" width=\"1024\" controls src=\"https:\/\/alles-ueber-riffe.de\/wp-content\/uploads\/2025\/02\/Jordans-Schnapper.mp4\"><\/video><figcaption class=\"wp-element-caption\">\u00a9 Heinz Krimmer<\/figcaption><\/figure>\n\n\n\n<hr class=\"wp-block-separator has-alpha-channel-opacity is-style-default\"\/>\n\n\n\n<p><strong>Gr\u00f6\u00dfe: <\/strong> bis 60 cm<\/p>\n\n\n\n<p><strong>Lebensraum:<\/strong> Korallen- und Felsenriffe<\/p>\n\n\n\n<p><strong>Vorkommen:  <\/strong>Pazifikk\u00fcste Mittelamerikas, Galapagos, Cocos, Malpelo<\/p>\n\n\n\n<p><strong>Erkennungsmerkmale:<\/strong> Grundfarbe silbern; Schwanzflosse mit schwarzem Saum oder ganz schwarz; gelb-orangenes Auge<\/p>\n\n\n\n<p><strong>Biologie &amp; Verhalten: <\/strong> Der Jordan`s Schnapper tritt oft in gro\u00dfen Schw\u00e4rmen auf.\u00a0\u00a0Er frisst Wirbellose und kleine Fische.<\/p>\n\n\n\n<p><strong>Bedrohungsstatus:<\/strong> Die Art wird auf der Roten Liste der IUCN als <mark style=\"background-color:rgba(0, 0, 0, 0)\" class=\"has-inline-color has-vivid-green-cyan-color\">\u201enicht gef\u00e4hrdet\u201c<\/mark> gef\u00fchrt.<\/p>\n\n\n\n<hr class=\"wp-block-separator has-alpha-channel-opacity is-style-default\"\/>\n\n\n\n<p><\/p>\n","protected":false},"excerpt":{"rendered":"<p>Jordans Schnapper Jordan`s snapper Lutjanus jordani Gr\u00f6\u00dfe: bis 60 cm Lebensraum: Korallen- und Felsenriffe Vorkommen: Pazifikk\u00fcste Mittelamerikas, Galapagos, Cocos, Malpelo Erkennungsmerkmale: Grundfarbe silbern; Schwanzflosse mit schwarzem Saum oder ganz schwarz; gelb-orangenes Auge Biologie &amp; Verhalten: Der Jordan`s Schnapper tritt oft in gro\u00dfen Schw\u00e4rmen auf.\u00a0\u00a0Er frisst Wirbellose und kleine Fische. Bedrohungsstatus: Die Art wird auf der &hellip; <\/p>\n<p class=\"link-more\"><a href=\"https:\/\/alles-ueber-riffe.de\/?page_id=5802\" class=\"more-link\"><span class=\"screen-reader-text\">\u201eJordans Schnapper\u201c<\/span> weiterlesen<\/a><\/p>\n","protected":false},"author":1,"featured_media":0,"parent":0,"menu_order":0,"comment_status":"closed","ping_status":"closed","template":"","meta":{"footnotes":""},"class_list":["post-5802","page","type-page","status-publish","hentry"],"_links":{"self":[{"href":"https:\/\/alles-ueber-riffe.de\/index.php?rest_route=\/wp\/v2\/pages\/5802","targetHints":{"allow":["GET"]}}],"collection":[{"href":"https:\/\/alles-ueber-riffe.de\/index.php?rest_route=\/wp\/v2\/pages"}],"about":[{"href":"https:\/\/alles-ueber-riffe.de\/index.php?rest_route=\/wp\/v2\/types\/page"}],"author":[{"embeddable":true,"href":"https:\/\/alles-ueber-riffe.de\/index.php?rest_route=\/wp\/v2\/users\/1"}],"replies":[{"embeddable":true,"href":"https:\/\/alles-ueber-riffe.de\/index.php?rest_route=%2Fwp%2Fv2%2Fcomments&post=5802"}],"version-history":[{"count":6,"href":"https:\/\/alles-ueber-riffe.de\/index.php?rest_route=\/wp\/v2\/pages\/5802\/revisions"}],"predecessor-version":[{"id":9769,"href":"https:\/\/alles-ueber-riffe.de\/index.php?rest_route=\/wp\/v2\/pages\/5802\/revisions\/9769"}],"wp:attachment":[{"href":"https:\/\/alles-ueber-riffe.de\/index.php?rest_route=%2Fwp%2Fv2%2Fmedia&parent=5802"}],"curies":[{"name":"wp","href":"https:\/\/api.w.org\/{rel}","templated":true}]}}