{"id":5800,"date":"2025-01-08T22:25:42","date_gmt":"2025-01-08T22:25:42","guid":{"rendered":"https:\/\/alles-ueber-riffe.de\/?page_id=5800"},"modified":"2025-02-16T21:07:38","modified_gmt":"2025-02-16T21:07:38","slug":"einfleck-schnapper","status":"publish","type":"page","link":"https:\/\/alles-ueber-riffe.de\/?page_id=5800","title":{"rendered":"Einfleck-Schnapper"},"content":{"rendered":"\n<div class=\"wp-block-group is-vertical is-layout-flex wp-container-core-group-is-layout-8cf370e7 wp-block-group-is-layout-flex\">\n<p><strong>Einfleck-Schnapper<\/strong><\/p>\n\n\n\n<p>One-spot snapper<\/p>\n\n\n\n<p><em>Lutjanus monostigma<\/em><\/p>\n<\/div>\n\n\n\n<div style=\"height:30px\" aria-hidden=\"true\" class=\"wp-block-spacer\"><\/div>\n\n\n\n<figure class=\"wp-block-image size-full\"><img loading=\"lazy\" decoding=\"async\" width=\"1024\" height=\"768\" src=\"https:\/\/alles-ueber-riffe.de\/wp-content\/uploads\/2025\/02\/Einfleck-Schnapper_1024x768-2.jpg\" alt=\"\" class=\"wp-image-9758\" srcset=\"https:\/\/alles-ueber-riffe.de\/wp-content\/uploads\/2025\/02\/Einfleck-Schnapper_1024x768-2.jpg 1024w, https:\/\/alles-ueber-riffe.de\/wp-content\/uploads\/2025\/02\/Einfleck-Schnapper_1024x768-2-300x225.jpg 300w, https:\/\/alles-ueber-riffe.de\/wp-content\/uploads\/2025\/02\/Einfleck-Schnapper_1024x768-2-768x576.jpg 768w\" sizes=\"auto, (max-width: 767px) 89vw, (max-width: 1000px) 54vw, (max-width: 1071px) 543px, 580px\" \/><figcaption class=\"wp-element-caption\">\u00a9 Stephan Moldzio<\/figcaption><\/figure>\n\n\n\n<figure class=\"wp-block-image size-full\"><img loading=\"lazy\" decoding=\"async\" width=\"1024\" height=\"768\" src=\"https:\/\/alles-ueber-riffe.de\/wp-content\/uploads\/2025\/02\/Einfleck-Schnapper_1024x768.jpg\" alt=\"\" class=\"wp-image-9759\" srcset=\"https:\/\/alles-ueber-riffe.de\/wp-content\/uploads\/2025\/02\/Einfleck-Schnapper_1024x768.jpg 1024w, https:\/\/alles-ueber-riffe.de\/wp-content\/uploads\/2025\/02\/Einfleck-Schnapper_1024x768-300x225.jpg 300w, https:\/\/alles-ueber-riffe.de\/wp-content\/uploads\/2025\/02\/Einfleck-Schnapper_1024x768-768x576.jpg 768w\" sizes=\"auto, (max-width: 767px) 89vw, (max-width: 1000px) 54vw, (max-width: 1071px) 543px, 580px\" \/><figcaption class=\"wp-element-caption\">\u00a9 Stephan Moldzio<\/figcaption><\/figure>\n\n\n\n<hr class=\"wp-block-separator has-alpha-channel-opacity is-style-default\"\/>\n\n\n\n<p><strong>Gr\u00f6\u00dfe: <\/strong> bis 60 cm<\/p>\n\n\n\n<p><strong>Lebensraum:<\/strong> Korallen- und Felsenriffe<\/p>\n\n\n\n<p><strong>Vorkommen:  <\/strong>Ostafrika, Rotes Meer, Oman, Malediven, S\u00fcdjapan, ganz S\u00fcdostasien, Nordaustralien, Papua-Neuguinea, Ozeanien bis zu den Marquesas<\/p>\n\n\n\n<p><strong>Erkennungsmerkmale:<\/strong> Grundfarbe silbern bis gelblich; gelbe Flossen; rotes Auge; schwarzer Fleck am R\u00fccken, der jedoch nicht bei allen Tieren sichtbar ist.<\/p>\n\n\n\n<p><strong>Biologie &amp; Verhalten: <\/strong> Man sieht diesen Schnapper meistens einzeln. Jagd Fische und Wirbellose, insbesondere Krabben in der Nacht.<\/p>\n\n\n\n<p><strong>Bedrohungsstatus:<\/strong> Die Art wird auf der Roten Liste der IUCN als <mark style=\"background-color:rgba(0, 0, 0, 0)\" class=\"has-inline-color has-vivid-green-cyan-color\">\u201enicht gef\u00e4hrdet\u201c<\/mark> gef\u00fchrt.<\/p>\n\n\n\n<p><mark style=\"background-color:rgba(0, 0, 0, 0)\" class=\"has-inline-color has-vivid-red-color\"><strong>Gefahr:<\/strong> Der Verzehr seines Fleisches kann zur ciguatoxischen Vergiftungen f\u00fchren.<\/mark><\/p>\n\n\n\n<hr class=\"wp-block-separator has-alpha-channel-opacity is-style-default\"\/>\n\n\n\n<p><\/p>\n","protected":false},"excerpt":{"rendered":"<p>Einfleck-Schnapper One-spot snapper Lutjanus monostigma Gr\u00f6\u00dfe: bis 60 cm Lebensraum: Korallen- und Felsenriffe Vorkommen: Ostafrika, Rotes Meer, Oman, Malediven, S\u00fcdjapan, ganz S\u00fcdostasien, Nordaustralien, Papua-Neuguinea, Ozeanien bis zu den Marquesas Erkennungsmerkmale: Grundfarbe silbern bis gelblich; gelbe Flossen; rotes Auge; schwarzer Fleck am R\u00fccken, der jedoch nicht bei allen Tieren sichtbar ist. Biologie &amp; Verhalten: Man sieht &hellip; <\/p>\n<p class=\"link-more\"><a href=\"https:\/\/alles-ueber-riffe.de\/?page_id=5800\" class=\"more-link\"><span class=\"screen-reader-text\">\u201eEinfleck-Schnapper\u201c<\/span> weiterlesen<\/a><\/p>\n","protected":false},"author":1,"featured_media":0,"parent":0,"menu_order":0,"comment_status":"closed","ping_status":"closed","template":"","meta":{"footnotes":""},"class_list":["post-5800","page","type-page","status-publish","hentry"],"_links":{"self":[{"href":"https:\/\/alles-ueber-riffe.de\/index.php?rest_route=\/wp\/v2\/pages\/5800","targetHints":{"allow":["GET"]}}],"collection":[{"href":"https:\/\/alles-ueber-riffe.de\/index.php?rest_route=\/wp\/v2\/pages"}],"about":[{"href":"https:\/\/alles-ueber-riffe.de\/index.php?rest_route=\/wp\/v2\/types\/page"}],"author":[{"embeddable":true,"href":"https:\/\/alles-ueber-riffe.de\/index.php?rest_route=\/wp\/v2\/users\/1"}],"replies":[{"embeddable":true,"href":"https:\/\/alles-ueber-riffe.de\/index.php?rest_route=%2Fwp%2Fv2%2Fcomments&post=5800"}],"version-history":[{"count":6,"href":"https:\/\/alles-ueber-riffe.de\/index.php?rest_route=\/wp\/v2\/pages\/5800\/revisions"}],"predecessor-version":[{"id":9763,"href":"https:\/\/alles-ueber-riffe.de\/index.php?rest_route=\/wp\/v2\/pages\/5800\/revisions\/9763"}],"wp:attachment":[{"href":"https:\/\/alles-ueber-riffe.de\/index.php?rest_route=%2Fwp%2Fv2%2Fmedia&parent=5800"}],"curies":[{"name":"wp","href":"https:\/\/api.w.org\/{rel}","templated":true}]}}