{"id":5796,"date":"2025-01-08T22:25:20","date_gmt":"2025-01-08T22:25:20","guid":{"rendered":"https:\/\/alles-ueber-riffe.de\/?page_id=5796"},"modified":"2025-02-16T20:58:31","modified_gmt":"2025-02-16T20:58:31","slug":"doppelfleck-schnapper","status":"publish","type":"page","link":"https:\/\/alles-ueber-riffe.de\/?page_id=5796","title":{"rendered":"Doppelfleck-Schnapper"},"content":{"rendered":"\n<div class=\"wp-block-group is-vertical is-layout-flex wp-container-core-group-is-layout-8cf370e7 wp-block-group-is-layout-flex\">\n<p><strong>Doppelfleck-Schnapper<\/strong><\/p>\n\n\n\n<p>Two-spot red snapper<\/p>\n\n\n\n<p><em>Lutjanus bohar<\/em><\/p>\n<\/div>\n\n\n\n<div style=\"height:30px\" aria-hidden=\"true\" class=\"wp-block-spacer\"><\/div>\n\n\n\n<figure class=\"wp-block-video\"><video height=\"576\" style=\"aspect-ratio: 1024 \/ 576;\" width=\"1024\" controls src=\"https:\/\/alles-ueber-riffe.de\/wp-content\/uploads\/2025\/02\/Doppelfleck-Schnapper.mp4\"><\/video><figcaption class=\"wp-element-caption\">Video \u00a9 Heinz Krimmer, Foto\u00a9 Stephan Moldzio<\/figcaption><\/figure>\n\n\n\n<hr class=\"wp-block-separator has-alpha-channel-opacity is-style-default\"\/>\n\n\n\n<p><strong>Gr\u00f6\u00dfe: <\/strong> bis 80 cm<\/p>\n\n\n\n<p><strong>Lebensraum:<\/strong> Korallen- und Felsenriffe<\/p>\n\n\n\n<p><strong>Vorkommen:  <\/strong>von Ostafrika, Rotes Meer, Oman, Malediven, ganz S\u00fcdostasien, Nordaustralien, Ozeanien bis zu den Marquesas<\/p>\n\n\n\n<p><strong>Erkennungsmerkmale:<\/strong> adulte Tiere silbern, gelbes Auge; juvenile Tiere braun mit zwei wei\u00dfen R\u00fcckenflecken<\/p>\n\n\n\n<p><strong>Biologie &amp; Verhalten: <\/strong> Der m\u00e4chtige R\u00e4uber zieht meistens einzeln durch das Riff, manchmal aber auch in gr\u00f6\u00dferen Gruppen. Seinen deutschen und englischen Namen verdankt er der Zeichnung der juvenilen Tiere. Diese ahmen in ihrem Verhalten und Aussehen Riffbarsche nach.<\/p>\n\n\n\n<p><strong>Bedrohungsstatus:<\/strong> Die Art wird auf der Roten Liste der IUCN als <mark style=\"background-color:rgba(0, 0, 0, 0)\" class=\"has-inline-color has-vivid-green-cyan-color\">\u201enicht gef\u00e4hrdet\u201c<\/mark> gef\u00fchrt.<\/p>\n\n\n\n<p><mark style=\"background-color:rgba(0, 0, 0, 0)\" class=\"has-inline-color has-vivid-red-color\"><strong>Gefahr:<\/strong> Der Verzehr seines Fleisches kann zur ciguatoxischen Vergiftungen f\u00fchren.<\/mark><\/p>\n\n\n\n<hr class=\"wp-block-separator has-alpha-channel-opacity is-style-default\"\/>\n\n\n\n<p><\/p>\n","protected":false},"excerpt":{"rendered":"<p>Doppelfleck-Schnapper Two-spot red snapper Lutjanus bohar Gr\u00f6\u00dfe: bis 80 cm Lebensraum: Korallen- und Felsenriffe Vorkommen: von Ostafrika, Rotes Meer, Oman, Malediven, ganz S\u00fcdostasien, Nordaustralien, Ozeanien bis zu den Marquesas Erkennungsmerkmale: adulte Tiere silbern, gelbes Auge; juvenile Tiere braun mit zwei wei\u00dfen R\u00fcckenflecken Biologie &amp; Verhalten: Der m\u00e4chtige R\u00e4uber zieht meistens einzeln durch das Riff, manchmal &hellip; <\/p>\n<p class=\"link-more\"><a href=\"https:\/\/alles-ueber-riffe.de\/?page_id=5796\" class=\"more-link\"><span class=\"screen-reader-text\">\u201eDoppelfleck-Schnapper\u201c<\/span> weiterlesen<\/a><\/p>\n","protected":false},"author":1,"featured_media":0,"parent":0,"menu_order":0,"comment_status":"closed","ping_status":"closed","template":"","meta":{"footnotes":""},"class_list":["post-5796","page","type-page","status-publish","hentry"],"_links":{"self":[{"href":"https:\/\/alles-ueber-riffe.de\/index.php?rest_route=\/wp\/v2\/pages\/5796","targetHints":{"allow":["GET"]}}],"collection":[{"href":"https:\/\/alles-ueber-riffe.de\/index.php?rest_route=\/wp\/v2\/pages"}],"about":[{"href":"https:\/\/alles-ueber-riffe.de\/index.php?rest_route=\/wp\/v2\/types\/page"}],"author":[{"embeddable":true,"href":"https:\/\/alles-ueber-riffe.de\/index.php?rest_route=\/wp\/v2\/users\/1"}],"replies":[{"embeddable":true,"href":"https:\/\/alles-ueber-riffe.de\/index.php?rest_route=%2Fwp%2Fv2%2Fcomments&post=5796"}],"version-history":[{"count":6,"href":"https:\/\/alles-ueber-riffe.de\/index.php?rest_route=\/wp\/v2\/pages\/5796\/revisions"}],"predecessor-version":[{"id":9751,"href":"https:\/\/alles-ueber-riffe.de\/index.php?rest_route=\/wp\/v2\/pages\/5796\/revisions\/9751"}],"wp:attachment":[{"href":"https:\/\/alles-ueber-riffe.de\/index.php?rest_route=%2Fwp%2Fv2%2Fmedia&parent=5796"}],"curies":[{"name":"wp","href":"https:\/\/api.w.org\/{rel}","templated":true}]}}