{"id":5792,"date":"2025-01-08T22:25:00","date_gmt":"2025-01-08T22:25:00","guid":{"rendered":"https:\/\/alles-ueber-riffe.de\/?page_id=5792"},"modified":"2025-02-16T20:47:23","modified_gmt":"2025-02-16T20:47:23","slug":"blau-goldschnapper","status":"publish","type":"page","link":"https:\/\/alles-ueber-riffe.de\/?page_id=5792","title":{"rendered":"Blau-Goldschnapper"},"content":{"rendered":"\n<div class=\"wp-block-group is-vertical is-layout-flex wp-container-core-group-is-layout-8cf370e7 wp-block-group-is-layout-flex\">\n<p><strong>Blau-Goldschnapper<\/strong><\/p>\n\n\n\n<p>Blue and gold snapper<\/p>\n\n\n\n<p><em>Lutjanus viridis<\/em><\/p>\n<\/div>\n\n\n\n<div style=\"height:30px\" aria-hidden=\"true\" class=\"wp-block-spacer\"><\/div>\n\n\n\n<figure class=\"wp-block-video\"><video height=\"576\" style=\"aspect-ratio: 1024 \/ 576;\" width=\"1024\" controls src=\"https:\/\/alles-ueber-riffe.de\/wp-content\/uploads\/2025\/02\/Blau-Goldschnapper-Kopie.mp4\"><\/video><figcaption class=\"wp-element-caption\">\u00a9 Heinz Krimmer<\/figcaption><\/figure>\n\n\n\n<hr class=\"wp-block-separator has-alpha-channel-opacity is-style-default\"\/>\n\n\n\n<p><strong>Gr\u00f6\u00dfe: <\/strong> bis 30 cm<\/p>\n\n\n\n<p><strong>Lebensraum:<\/strong> Korallen- und Felsenriffe<\/p>\n\n\n\n<p><strong>Vorkommen:  <\/strong>Pazifikk\u00fcste Mittelamerikas, Galapagos, Cocos, Malpelo<\/p>\n\n\n\n<p><strong>Erkennungsmerkmale:<\/strong> Grundfarbe gelb; Bauch wei\u00df; f\u00fcnf hellblaue L\u00e4ngssteifen<\/p>\n\n\n\n<p><strong>Biologie &amp; Verhalten: <\/strong> Blau-Goldschnapper sieht man immer in kleinen Gruppen. Er sieht sowohl dem Bengalen-Schnapper als auch dem Blaustreifen-Schnapper sehr \u00e4hnlich, kommt aber nicht im gleichen Verbreitungsgebiet vor und besitzt einen Streifen mehr als die anderen Arten.<\/p>\n\n\n\n<p><strong>Bedrohungsstatus:<\/strong> Die Art wird auf der Roten Liste der IUCN als <mark style=\"background-color:rgba(0, 0, 0, 0)\" class=\"has-inline-color has-vivid-green-cyan-color\">\u201enicht gef\u00e4hrdet\u201c<\/mark> gef\u00fchrt.<\/p>\n\n\n\n<hr class=\"wp-block-separator has-alpha-channel-opacity is-style-default\"\/>\n\n\n\n<p><\/p>\n","protected":false},"excerpt":{"rendered":"<p>Blau-Goldschnapper Blue and gold snapper Lutjanus viridis Gr\u00f6\u00dfe: bis 30 cm Lebensraum: Korallen- und Felsenriffe Vorkommen: Pazifikk\u00fcste Mittelamerikas, Galapagos, Cocos, Malpelo Erkennungsmerkmale: Grundfarbe gelb; Bauch wei\u00df; f\u00fcnf hellblaue L\u00e4ngssteifen Biologie &amp; Verhalten: Blau-Goldschnapper sieht man immer in kleinen Gruppen. Er sieht sowohl dem Bengalen-Schnapper als auch dem Blaustreifen-Schnapper sehr \u00e4hnlich, kommt aber nicht im gleichen &hellip; <\/p>\n<p class=\"link-more\"><a href=\"https:\/\/alles-ueber-riffe.de\/?page_id=5792\" class=\"more-link\"><span class=\"screen-reader-text\">\u201eBlau-Goldschnapper\u201c<\/span> weiterlesen<\/a><\/p>\n","protected":false},"author":1,"featured_media":0,"parent":0,"menu_order":0,"comment_status":"closed","ping_status":"closed","template":"","meta":{"footnotes":""},"class_list":["post-5792","page","type-page","status-publish","hentry"],"_links":{"self":[{"href":"https:\/\/alles-ueber-riffe.de\/index.php?rest_route=\/wp\/v2\/pages\/5792","targetHints":{"allow":["GET"]}}],"collection":[{"href":"https:\/\/alles-ueber-riffe.de\/index.php?rest_route=\/wp\/v2\/pages"}],"about":[{"href":"https:\/\/alles-ueber-riffe.de\/index.php?rest_route=\/wp\/v2\/types\/page"}],"author":[{"embeddable":true,"href":"https:\/\/alles-ueber-riffe.de\/index.php?rest_route=\/wp\/v2\/users\/1"}],"replies":[{"embeddable":true,"href":"https:\/\/alles-ueber-riffe.de\/index.php?rest_route=%2Fwp%2Fv2%2Fcomments&post=5792"}],"version-history":[{"count":4,"href":"https:\/\/alles-ueber-riffe.de\/index.php?rest_route=\/wp\/v2\/pages\/5792\/revisions"}],"predecessor-version":[{"id":9740,"href":"https:\/\/alles-ueber-riffe.de\/index.php?rest_route=\/wp\/v2\/pages\/5792\/revisions\/9740"}],"wp:attachment":[{"href":"https:\/\/alles-ueber-riffe.de\/index.php?rest_route=%2Fwp%2Fv2%2Fmedia&parent=5792"}],"curies":[{"name":"wp","href":"https:\/\/api.w.org\/{rel}","templated":true}]}}