{"id":5790,"date":"2025-01-08T22:24:46","date_gmt":"2025-01-08T22:24:46","guid":{"rendered":"https:\/\/alles-ueber-riffe.de\/?page_id=5790"},"modified":"2025-02-16T20:43:30","modified_gmt":"2025-02-16T20:43:30","slug":"bengalen-schnapper","status":"publish","type":"page","link":"https:\/\/alles-ueber-riffe.de\/?page_id=5790","title":{"rendered":"Bengalen-Schnapper"},"content":{"rendered":"\n<div class=\"wp-block-group is-vertical is-layout-flex wp-container-core-group-is-layout-8cf370e7 wp-block-group-is-layout-flex\">\n<p><strong>Bengalen-Schnapper<\/strong><\/p>\n\n\n\n<p>Bengal snapper<\/p>\n\n\n\n<p><em>Lutjanus bengalensis<\/em><\/p>\n<\/div>\n\n\n\n<div style=\"height:30px\" aria-hidden=\"true\" class=\"wp-block-spacer\"><\/div>\n\n\n\n<figure class=\"wp-block-video\"><video height=\"576\" style=\"aspect-ratio: 1024 \/ 576;\" width=\"1024\" controls src=\"https:\/\/alles-ueber-riffe.de\/wp-content\/uploads\/2025\/02\/Bengalen-Schnapper-Kopie.mp4\"><\/video><figcaption class=\"wp-element-caption\">\u00a9 Heinz Krimmer<\/figcaption><\/figure>\n\n\n\n<hr class=\"wp-block-separator has-alpha-channel-opacity is-style-default\"\/>\n\n\n\n<p><strong>Gr\u00f6\u00dfe: <\/strong> bis 30 cm<\/p>\n\n\n\n<p><strong>Lebensraum:<\/strong> Korallen- und Felsenriffe<\/p>\n\n\n\n<p><strong>Vorkommen:  <\/strong>von Ostafrika, Rotes Meer, Persischer Golf, Malediven, ganz S\u00fcdostasien<\/p>\n\n\n\n<p><strong>Erkennungsmerkmale:<\/strong> Grundfarbe gelb; Bauch wei\u00df; hellblaue L\u00e4ngssteifen<\/p>\n\n\n\n<p><strong>Biologie &amp; Verhalten: <\/strong> Bengalen-Schnapper sieht man immer in kleinen Gruppen. Er sieht dem, im gleichen Verbreitungsgebiet vorkommenden, Blaustreifen-Schnapper extrem \u00e4hnlich.<\/p>\n\n\n\n<p>Um sie unterscheiden zu k\u00f6nnen, muss man sehr genau hinsehen. Der Bengalen-Schnapper hat eine gelbe und eine etwas rundere Schnauze, der Blaustreifen-Schnapper eine spitzere und dunkelgraue Schnauze.<\/p>\n\n\n\n<p>Ebenfalls sehr \u00e4hnlich sieht ihm der Blau-Goldschnapper. Diesen findet man aber nur im Ostpazifik von der K\u00fcste Mittelamerikas bis Galapagos, Malpelo und Cocos. Au\u00dferdem hat dieser Schnapper f\u00fcnf Streifen.<\/p>\n\n\n\n<p><strong>Bedrohungsstatus:<\/strong> Die Art wird auf der Roten Liste der IUCN als <mark style=\"background-color:rgba(0, 0, 0, 0)\" class=\"has-inline-color has-vivid-green-cyan-color\">\u201enicht gef\u00e4hrdet\u201c<\/mark> gef\u00fchrt.<\/p>\n\n\n\n<hr class=\"wp-block-separator has-alpha-channel-opacity is-style-default\"\/>\n\n\n\n<p><\/p>\n","protected":false},"excerpt":{"rendered":"<p>Bengalen-Schnapper Bengal snapper Lutjanus bengalensis Gr\u00f6\u00dfe: bis 30 cm Lebensraum: Korallen- und Felsenriffe Vorkommen: von Ostafrika, Rotes Meer, Persischer Golf, Malediven, ganz S\u00fcdostasien Erkennungsmerkmale: Grundfarbe gelb; Bauch wei\u00df; hellblaue L\u00e4ngssteifen Biologie &amp; Verhalten: Bengalen-Schnapper sieht man immer in kleinen Gruppen. Er sieht dem, im gleichen Verbreitungsgebiet vorkommenden, Blaustreifen-Schnapper extrem \u00e4hnlich. Um sie unterscheiden zu k\u00f6nnen, &hellip; <\/p>\n<p class=\"link-more\"><a href=\"https:\/\/alles-ueber-riffe.de\/?page_id=5790\" class=\"more-link\"><span class=\"screen-reader-text\">\u201eBengalen-Schnapper\u201c<\/span> weiterlesen<\/a><\/p>\n","protected":false},"author":1,"featured_media":0,"parent":0,"menu_order":0,"comment_status":"closed","ping_status":"closed","template":"","meta":{"footnotes":""},"class_list":["post-5790","page","type-page","status-publish","hentry"],"_links":{"self":[{"href":"https:\/\/alles-ueber-riffe.de\/index.php?rest_route=\/wp\/v2\/pages\/5790","targetHints":{"allow":["GET"]}}],"collection":[{"href":"https:\/\/alles-ueber-riffe.de\/index.php?rest_route=\/wp\/v2\/pages"}],"about":[{"href":"https:\/\/alles-ueber-riffe.de\/index.php?rest_route=\/wp\/v2\/types\/page"}],"author":[{"embeddable":true,"href":"https:\/\/alles-ueber-riffe.de\/index.php?rest_route=\/wp\/v2\/users\/1"}],"replies":[{"embeddable":true,"href":"https:\/\/alles-ueber-riffe.de\/index.php?rest_route=%2Fwp%2Fv2%2Fcomments&post=5790"}],"version-history":[{"count":6,"href":"https:\/\/alles-ueber-riffe.de\/index.php?rest_route=\/wp\/v2\/pages\/5790\/revisions"}],"predecessor-version":[{"id":9737,"href":"https:\/\/alles-ueber-riffe.de\/index.php?rest_route=\/wp\/v2\/pages\/5790\/revisions\/9737"}],"wp:attachment":[{"href":"https:\/\/alles-ueber-riffe.de\/index.php?rest_route=%2Fwp%2Fv2%2Fmedia&parent=5790"}],"curies":[{"name":"wp","href":"https:\/\/api.w.org\/{rel}","templated":true}]}}