{"id":5784,"date":"2025-01-08T22:23:55","date_gmt":"2025-01-08T22:23:55","guid":{"rendered":"https:\/\/alles-ueber-riffe.de\/?page_id=5784"},"modified":"2025-02-14T18:37:30","modified_gmt":"2025-02-14T18:37:30","slug":"zweifarben-kammzaehner","status":"publish","type":"page","link":"https:\/\/alles-ueber-riffe.de\/?page_id=5784","title":{"rendered":"Zweifarben-Kammz\u00e4hner"},"content":{"rendered":"\n<div class=\"wp-block-group is-vertical is-layout-flex wp-container-core-group-is-layout-8cf370e7 wp-block-group-is-layout-flex\">\n<p><strong>Zweifarben-Kammz\u00e4hner<\/strong><\/p>\n\n\n\n<p>Bicolor blenny<\/p>\n\n\n\n<p><em>Ecsenius bicolor<\/em><\/p>\n<\/div>\n\n\n\n<div style=\"height:30px\" aria-hidden=\"true\" class=\"wp-block-spacer\"><\/div>\n\n\n\n<figure class=\"wp-block-image size-full\"><img loading=\"lazy\" decoding=\"async\" width=\"1024\" height=\"768\" src=\"https:\/\/alles-ueber-riffe.de\/wp-content\/uploads\/2025\/02\/Zweifarben-Kammzaehner_1024x768.jpg\" alt=\"\" class=\"wp-image-9681\" srcset=\"https:\/\/alles-ueber-riffe.de\/wp-content\/uploads\/2025\/02\/Zweifarben-Kammzaehner_1024x768.jpg 1024w, https:\/\/alles-ueber-riffe.de\/wp-content\/uploads\/2025\/02\/Zweifarben-Kammzaehner_1024x768-300x225.jpg 300w, https:\/\/alles-ueber-riffe.de\/wp-content\/uploads\/2025\/02\/Zweifarben-Kammzaehner_1024x768-768x576.jpg 768w\" sizes=\"auto, (max-width: 767px) 89vw, (max-width: 1000px) 54vw, (max-width: 1071px) 543px, 580px\" \/><figcaption class=\"wp-element-caption\">\u00a9 Joris Rombouts<\/figcaption><\/figure>\n\n\n\n<figure class=\"wp-block-image size-full\"><img loading=\"lazy\" decoding=\"async\" width=\"1024\" height=\"768\" src=\"https:\/\/alles-ueber-riffe.de\/wp-content\/uploads\/2025\/02\/Zweifarben-Kammzaehner_1024x768-2.jpg\" alt=\"\" class=\"wp-image-9685\" srcset=\"https:\/\/alles-ueber-riffe.de\/wp-content\/uploads\/2025\/02\/Zweifarben-Kammzaehner_1024x768-2.jpg 1024w, https:\/\/alles-ueber-riffe.de\/wp-content\/uploads\/2025\/02\/Zweifarben-Kammzaehner_1024x768-2-300x225.jpg 300w, https:\/\/alles-ueber-riffe.de\/wp-content\/uploads\/2025\/02\/Zweifarben-Kammzaehner_1024x768-2-768x576.jpg 768w\" sizes=\"auto, (max-width: 767px) 89vw, (max-width: 1000px) 54vw, (max-width: 1071px) 543px, 580px\" \/><figcaption class=\"wp-element-caption\">\u00a9 Joris Rombouts<\/figcaption><\/figure>\n\n\n\n<hr class=\"wp-block-separator has-alpha-channel-opacity is-style-default\"\/>\n\n\n\n<p><strong>Gr\u00f6\u00dfe: <\/strong> bis 11 cm<\/p>\n\n\n\n<p><strong>Lebensraum:<\/strong> Korallenriffe<\/p>\n\n\n\n<p><strong>Vorkommen:  <\/strong>Malediven, S\u00fcdjapan, ganz S\u00fcdostasien, Nordaustralien, Papua-Neuguinea, Ozeanien<\/p>\n\n\n\n<p><strong>Erkennungsmerkmale:<\/strong> sehr variabel; dunkelgrauer Vorder- und orangener Hinterk\u00f6rper; oder untere K\u00f6rperh\u00e4lfte wei\u00df; R\u00fccken dunkelbraun; hinterer R\u00fccken und Schwanzflosse orange bis hellbraun<\/p>\n\n\n\n<p><strong>Biologie &amp; Verhalten: <\/strong> Kaum zu glauben wie unterschiedlich dieser Schleimfisch aussehen kann und es hat nichts mit dem Geschlecht oder dem Lebensalter zu tun.<\/p>\n\n\n\n<p><strong>Bedrohungsstatus:<\/strong> Die Art wird auf der Roten Liste der IUCN als <mark style=\"background-color:rgba(0, 0, 0, 0)\" class=\"has-inline-color has-vivid-green-cyan-color\">\u201enicht gef\u00e4hrdet\u201c<\/mark> gef\u00fchrt.<\/p>\n\n\n\n<hr class=\"wp-block-separator has-alpha-channel-opacity is-style-default\"\/>\n\n\n\n<p><\/p>\n","protected":false},"excerpt":{"rendered":"<p>Zweifarben-Kammz\u00e4hner Bicolor blenny Ecsenius bicolor Gr\u00f6\u00dfe: bis 11 cm Lebensraum: Korallenriffe Vorkommen: Malediven, S\u00fcdjapan, ganz S\u00fcdostasien, Nordaustralien, Papua-Neuguinea, Ozeanien Erkennungsmerkmale: sehr variabel; dunkelgrauer Vorder- und orangener Hinterk\u00f6rper; oder untere K\u00f6rperh\u00e4lfte wei\u00df; R\u00fccken dunkelbraun; hinterer R\u00fccken und Schwanzflosse orange bis hellbraun Biologie &amp; Verhalten: Kaum zu glauben wie unterschiedlich dieser Schleimfisch aussehen kann und es hat &hellip; <\/p>\n<p class=\"link-more\"><a href=\"https:\/\/alles-ueber-riffe.de\/?page_id=5784\" class=\"more-link\"><span class=\"screen-reader-text\">\u201eZweifarben-Kammz\u00e4hner\u201c<\/span> weiterlesen<\/a><\/p>\n","protected":false},"author":1,"featured_media":0,"parent":0,"menu_order":0,"comment_status":"closed","ping_status":"closed","template":"","meta":{"footnotes":""},"class_list":["post-5784","page","type-page","status-publish","hentry"],"_links":{"self":[{"href":"https:\/\/alles-ueber-riffe.de\/index.php?rest_route=\/wp\/v2\/pages\/5784","targetHints":{"allow":["GET"]}}],"collection":[{"href":"https:\/\/alles-ueber-riffe.de\/index.php?rest_route=\/wp\/v2\/pages"}],"about":[{"href":"https:\/\/alles-ueber-riffe.de\/index.php?rest_route=\/wp\/v2\/types\/page"}],"author":[{"embeddable":true,"href":"https:\/\/alles-ueber-riffe.de\/index.php?rest_route=\/wp\/v2\/users\/1"}],"replies":[{"embeddable":true,"href":"https:\/\/alles-ueber-riffe.de\/index.php?rest_route=%2Fwp%2Fv2%2Fcomments&post=5784"}],"version-history":[{"count":6,"href":"https:\/\/alles-ueber-riffe.de\/index.php?rest_route=\/wp\/v2\/pages\/5784\/revisions"}],"predecessor-version":[{"id":9686,"href":"https:\/\/alles-ueber-riffe.de\/index.php?rest_route=\/wp\/v2\/pages\/5784\/revisions\/9686"}],"wp:attachment":[{"href":"https:\/\/alles-ueber-riffe.de\/index.php?rest_route=%2Fwp%2Fv2%2Fmedia&parent=5784"}],"curies":[{"name":"wp","href":"https:\/\/api.w.org\/{rel}","templated":true}]}}