{"id":5775,"date":"2025-01-08T22:23:24","date_gmt":"2025-01-08T22:23:24","guid":{"rendered":"https:\/\/alles-ueber-riffe.de\/?page_id=5775"},"modified":"2025-02-14T18:44:55","modified_gmt":"2025-02-14T18:44:55","slug":"segmentierter-schleimfisch","status":"publish","type":"page","link":"https:\/\/alles-ueber-riffe.de\/?page_id=5775","title":{"rendered":"Segmentierter Schleimfisch"},"content":{"rendered":"\n<div class=\"wp-block-group is-vertical is-layout-flex wp-container-core-group-is-layout-8cf370e7 wp-block-group-is-layout-flex\">\n<p><strong>Segmentierter Schleimfisch<\/strong><\/p>\n\n\n\n<p>Segmented blenny<\/p>\n\n\n\n<p><em>Salarias segmentatus<\/em><\/p>\n<\/div>\n\n\n\n<div style=\"height:30px\" aria-hidden=\"true\" class=\"wp-block-spacer\"><\/div>\n\n\n\n<figure class=\"wp-block-image size-full\"><img loading=\"lazy\" decoding=\"async\" width=\"1028\" height=\"768\" src=\"https:\/\/alles-ueber-riffe.de\/wp-content\/uploads\/2025\/02\/Segmentierter-Schleimfisch_1024x768.jpg\" alt=\"\" class=\"wp-image-9695\" srcset=\"https:\/\/alles-ueber-riffe.de\/wp-content\/uploads\/2025\/02\/Segmentierter-Schleimfisch_1024x768.jpg 1028w, https:\/\/alles-ueber-riffe.de\/wp-content\/uploads\/2025\/02\/Segmentierter-Schleimfisch_1024x768-300x224.jpg 300w, https:\/\/alles-ueber-riffe.de\/wp-content\/uploads\/2025\/02\/Segmentierter-Schleimfisch_1024x768-1024x765.jpg 1024w, https:\/\/alles-ueber-riffe.de\/wp-content\/uploads\/2025\/02\/Segmentierter-Schleimfisch_1024x768-768x574.jpg 768w\" sizes=\"auto, (max-width: 767px) 89vw, (max-width: 1000px) 54vw, (max-width: 1071px) 543px, 580px\" \/><figcaption class=\"wp-element-caption\">\u00a9 Joris Rombouts<\/figcaption><\/figure>\n\n\n\n<hr class=\"wp-block-separator has-alpha-channel-opacity is-style-default\"\/>\n\n\n\n<p><strong>Gr\u00f6\u00dfe: <\/strong> bis 11 cm<\/p>\n\n\n\n<p><strong>Lebensraum:<\/strong> Korallenriffe, Ger\u00f6llfl\u00e4chen und veralgte Riffbereiche<\/p>\n\n\n\n<p><strong>Vorkommen:  <\/strong>S\u00fcdjapan, Philippinen, Malaysia, Ostindonesien, Nordaustralien, Papua-Neuguinea, Ozeanien bis Palau<\/p>\n\n\n\n<p><strong>Erkennungsmerkmale:<\/strong> Grundfarbe gr\u00fcngrau; rote, kleine Flecken an der Basis der R\u00fcckenflosse; helle Querstreifen<\/p>\n\n\n\n<p><strong>Biologie &amp; Verhalten:<\/strong> Der Einzelg\u00e4nger frisst Algen.<\/p>\n\n\n\n<p><strong>Bedrohungsstatus:<\/strong> Die Art wird auf der Roten Liste der IUCN als <mark style=\"background-color:rgba(0, 0, 0, 0)\" class=\"has-inline-color has-vivid-green-cyan-color\">\u201enicht gef\u00e4hrdet\u201c<\/mark> gef\u00fchrt.<\/p>\n\n\n\n<hr class=\"wp-block-separator has-alpha-channel-opacity is-style-default\"\/>\n\n\n\n<p><\/p>\n","protected":false},"excerpt":{"rendered":"<p>Segmentierter Schleimfisch Segmented blenny Salarias segmentatus Gr\u00f6\u00dfe: bis 11 cm Lebensraum: Korallenriffe, Ger\u00f6llfl\u00e4chen und veralgte Riffbereiche Vorkommen: S\u00fcdjapan, Philippinen, Malaysia, Ostindonesien, Nordaustralien, Papua-Neuguinea, Ozeanien bis Palau Erkennungsmerkmale: Grundfarbe gr\u00fcngrau; rote, kleine Flecken an der Basis der R\u00fcckenflosse; helle Querstreifen Biologie &amp; Verhalten: Der Einzelg\u00e4nger frisst Algen. Bedrohungsstatus: Die Art wird auf der Roten Liste der &hellip; <\/p>\n<p class=\"link-more\"><a href=\"https:\/\/alles-ueber-riffe.de\/?page_id=5775\" class=\"more-link\"><span class=\"screen-reader-text\">\u201eSegmentierter Schleimfisch\u201c<\/span> weiterlesen<\/a><\/p>\n","protected":false},"author":1,"featured_media":0,"parent":0,"menu_order":0,"comment_status":"closed","ping_status":"closed","template":"","meta":{"footnotes":""},"class_list":["post-5775","page","type-page","status-publish","hentry"],"_links":{"self":[{"href":"https:\/\/alles-ueber-riffe.de\/index.php?rest_route=\/wp\/v2\/pages\/5775","targetHints":{"allow":["GET"]}}],"collection":[{"href":"https:\/\/alles-ueber-riffe.de\/index.php?rest_route=\/wp\/v2\/pages"}],"about":[{"href":"https:\/\/alles-ueber-riffe.de\/index.php?rest_route=\/wp\/v2\/types\/page"}],"author":[{"embeddable":true,"href":"https:\/\/alles-ueber-riffe.de\/index.php?rest_route=\/wp\/v2\/users\/1"}],"replies":[{"embeddable":true,"href":"https:\/\/alles-ueber-riffe.de\/index.php?rest_route=%2Fwp%2Fv2%2Fcomments&post=5775"}],"version-history":[{"count":4,"href":"https:\/\/alles-ueber-riffe.de\/index.php?rest_route=\/wp\/v2\/pages\/5775\/revisions"}],"predecessor-version":[{"id":9697,"href":"https:\/\/alles-ueber-riffe.de\/index.php?rest_route=\/wp\/v2\/pages\/5775\/revisions\/9697"}],"wp:attachment":[{"href":"https:\/\/alles-ueber-riffe.de\/index.php?rest_route=%2Fwp%2Fv2%2Fmedia&parent=5775"}],"curies":[{"name":"wp","href":"https:\/\/api.w.org\/{rel}","templated":true}]}}