{"id":5765,"date":"2025-01-08T22:22:43","date_gmt":"2025-01-08T22:22:43","guid":{"rendered":"https:\/\/alles-ueber-riffe.de\/?page_id=5765"},"modified":"2025-02-14T18:20:44","modified_gmt":"2025-02-14T18:20:44","slug":"nadelstreifen-kammzaehner","status":"publish","type":"page","link":"https:\/\/alles-ueber-riffe.de\/?page_id=5765","title":{"rendered":"Nadelstreifen-Kammz\u00e4hner"},"content":{"rendered":"\n<div class=\"wp-block-group is-vertical is-layout-flex wp-container-core-group-is-layout-8cf370e7 wp-block-group-is-layout-flex\">\n<p><strong>Nadelstreifen-Kammz\u00e4hner<\/strong><\/p>\n\n\n\n<p>White-lined comb-tooth<\/p>\n\n\n\n<p><em>Ecsenius pictus<\/em><\/p>\n<\/div>\n\n\n\n<div style=\"height:30px\" aria-hidden=\"true\" class=\"wp-block-spacer\"><\/div>\n\n\n\n<figure class=\"wp-block-image size-full\"><img loading=\"lazy\" decoding=\"async\" width=\"1024\" height=\"768\" src=\"https:\/\/alles-ueber-riffe.de\/wp-content\/uploads\/2025\/02\/Nadelstreifen-Kammzaehner_1024x768.jpg\" alt=\"\" class=\"wp-image-9659\" srcset=\"https:\/\/alles-ueber-riffe.de\/wp-content\/uploads\/2025\/02\/Nadelstreifen-Kammzaehner_1024x768.jpg 1024w, https:\/\/alles-ueber-riffe.de\/wp-content\/uploads\/2025\/02\/Nadelstreifen-Kammzaehner_1024x768-300x225.jpg 300w, https:\/\/alles-ueber-riffe.de\/wp-content\/uploads\/2025\/02\/Nadelstreifen-Kammzaehner_1024x768-768x576.jpg 768w\" sizes=\"auto, (max-width: 767px) 89vw, (max-width: 1000px) 54vw, (max-width: 1071px) 543px, 580px\" \/><figcaption class=\"wp-element-caption\">\u00a9 Joris Rombouts<\/figcaption><\/figure>\n\n\n\n<hr class=\"wp-block-separator has-alpha-channel-opacity is-style-default\"\/>\n\n\n\n<p><strong>Gr\u00f6\u00dfe: <\/strong> bis 5 cm<\/p>\n\n\n\n<p><strong>Lebensraum:<\/strong> Korallenriffe<\/p>\n\n\n\n<p><strong>Vorkommen:  <\/strong>Philippinen, Indonesien, Papua-Neuguinea, Salomonen<\/p>\n\n\n\n<p><strong>Erkennungsmerkmale:<\/strong> Grundfarbe braun; d\u00fcnne, wei\u00dfe L\u00e4ngslinien; untere Kopfh\u00e4lfte wei\u00df; gelbe Querstreifen vor der Schwanzflosse<\/p>\n\n\n\n<p><strong>Biologie &amp; Verhalten: <\/strong> Diese Grundeln leben auf Hartkorallen und Schw\u00e4mmen.<\/p>\n\n\n\n<p><strong>Bedrohungsstatus:<\/strong> Die Art wird auf der Roten Liste der IUCN als <mark style=\"background-color:rgba(0, 0, 0, 0)\" class=\"has-inline-color has-vivid-green-cyan-color\">\u201enicht gef\u00e4hrdet\u201c<\/mark> gef\u00fchrt.<\/p>\n\n\n\n<hr class=\"wp-block-separator has-alpha-channel-opacity is-style-default\"\/>\n\n\n\n<p><\/p>\n","protected":false},"excerpt":{"rendered":"<p>Nadelstreifen-Kammz\u00e4hner White-lined comb-tooth Ecsenius pictus Gr\u00f6\u00dfe: bis 5 cm Lebensraum: Korallenriffe Vorkommen: Philippinen, Indonesien, Papua-Neuguinea, Salomonen Erkennungsmerkmale: Grundfarbe braun; d\u00fcnne, wei\u00dfe L\u00e4ngslinien; untere Kopfh\u00e4lfte wei\u00df; gelbe Querstreifen vor der Schwanzflosse Biologie &amp; Verhalten: Diese Grundeln leben auf Hartkorallen und Schw\u00e4mmen. Bedrohungsstatus: Die Art wird auf der Roten Liste der IUCN als \u201enicht gef\u00e4hrdet\u201c gef\u00fchrt.<\/p>\n","protected":false},"author":1,"featured_media":0,"parent":0,"menu_order":0,"comment_status":"closed","ping_status":"closed","template":"","meta":{"footnotes":""},"class_list":["post-5765","page","type-page","status-publish","hentry"],"_links":{"self":[{"href":"https:\/\/alles-ueber-riffe.de\/index.php?rest_route=\/wp\/v2\/pages\/5765","targetHints":{"allow":["GET"]}}],"collection":[{"href":"https:\/\/alles-ueber-riffe.de\/index.php?rest_route=\/wp\/v2\/pages"}],"about":[{"href":"https:\/\/alles-ueber-riffe.de\/index.php?rest_route=\/wp\/v2\/types\/page"}],"author":[{"embeddable":true,"href":"https:\/\/alles-ueber-riffe.de\/index.php?rest_route=\/wp\/v2\/users\/1"}],"replies":[{"embeddable":true,"href":"https:\/\/alles-ueber-riffe.de\/index.php?rest_route=%2Fwp%2Fv2%2Fcomments&post=5765"}],"version-history":[{"count":4,"href":"https:\/\/alles-ueber-riffe.de\/index.php?rest_route=\/wp\/v2\/pages\/5765\/revisions"}],"predecessor-version":[{"id":9661,"href":"https:\/\/alles-ueber-riffe.de\/index.php?rest_route=\/wp\/v2\/pages\/5765\/revisions\/9661"}],"wp:attachment":[{"href":"https:\/\/alles-ueber-riffe.de\/index.php?rest_route=%2Fwp%2Fv2%2Fmedia&parent=5765"}],"curies":[{"name":"wp","href":"https:\/\/api.w.org\/{rel}","templated":true}]}}