{"id":5760,"date":"2025-01-08T22:22:12","date_gmt":"2025-01-08T22:22:12","guid":{"rendered":"https:\/\/alles-ueber-riffe.de\/?page_id=5760"},"modified":"2025-02-13T22:42:19","modified_gmt":"2025-02-13T22:42:19","slug":"falscher-putzerfisch","status":"publish","type":"page","link":"https:\/\/alles-ueber-riffe.de\/?page_id=5760","title":{"rendered":"Falscher Putzerfisch"},"content":{"rendered":"\n<div class=\"wp-block-group is-vertical is-layout-flex wp-container-core-group-is-layout-8cf370e7 wp-block-group-is-layout-flex\">\n<p><strong>Falscher Putzerfisch<\/strong><\/p>\n\n\n\n<p>False cleanerfish<\/p>\n\n\n\n<p><em>Aspidontus taeniatus<\/em><\/p>\n<\/div>\n\n\n\n<div style=\"height:30px\" aria-hidden=\"true\" class=\"wp-block-spacer\"><\/div>\n\n\n\n<figure class=\"wp-block-image size-full\"><img loading=\"lazy\" decoding=\"async\" width=\"1024\" height=\"768\" src=\"https:\/\/alles-ueber-riffe.de\/wp-content\/uploads\/2025\/02\/Falscher-Putzerfisch_1024x768.jpg\" alt=\"\" class=\"wp-image-9645\" srcset=\"https:\/\/alles-ueber-riffe.de\/wp-content\/uploads\/2025\/02\/Falscher-Putzerfisch_1024x768.jpg 1024w, https:\/\/alles-ueber-riffe.de\/wp-content\/uploads\/2025\/02\/Falscher-Putzerfisch_1024x768-300x225.jpg 300w, https:\/\/alles-ueber-riffe.de\/wp-content\/uploads\/2025\/02\/Falscher-Putzerfisch_1024x768-768x576.jpg 768w\" sizes=\"auto, (max-width: 767px) 89vw, (max-width: 1000px) 54vw, (max-width: 1071px) 543px, 580px\" \/><figcaption class=\"wp-element-caption\">\u00a9 Joris Rombouts<\/figcaption><\/figure>\n\n\n\n<hr class=\"wp-block-separator has-alpha-channel-opacity is-style-default\"\/>\n\n\n\n<p><strong>Gr\u00f6\u00dfe: <\/strong> bis 11,5 cm<\/p>\n\n\n\n<p><strong>Lebensraum:<\/strong> Korallenriffe<\/p>\n\n\n\n<p><strong>Vorkommen:  <\/strong>Ostafrika, Rotes Meer, Malediven, ganz S\u00fcdostasien, S\u00fcdjapan, Nordaustralien, Papua-Neuguinea, Ozeanien bis Franz\u00f6sisch-Polynesien<\/p>\n\n\n\n<p><strong>Erkennungsmerkmale:<\/strong> Grundfarbe wei\u00df; dunkler schwarzes L\u00e4ngsband, das nach hinten immer breiter wird<\/p>\n\n\n\n<p><strong>Biologie &amp; Verhalten: <\/strong> Der Falsche Putzerfisch sieht dem Gew\u00f6hnlichen Putzerlippfisch (Labroides dimidiatus) nicht nur sehr \u00e4hnlich, sondern ahmt auch dessen Verhalten nach. F\u00fcr Fische, die sich putzen lassen wollen, wird diese Art der Mimikry zum unangenehmen Erlebnis. Anstatt sie von Parasiten zu befreien, bei\u00dft der Falsche Putzerfisch seinen Opfern Hautst\u00fccke oder Flossenteile ab. Echt fies!<\/p>\n\n\n\n<p>Seltsamerweise schadet dieses Verhalten den Gew\u00f6hnlichen Putzerlippfischen nicht. Biologen beobachteten, dass  Fische, die vom Falschen Putzerfisch einmal attackiert wurden, ihr Vertrauen in die Putzerfische nicht grunds\u00e4tzlich verlieren. Die Vorteile der Dienstleistung scheinen gr\u00f6\u00dfer als die m\u00f6glichen Nachteile im Falle einer T\u00e4uschung.<\/p>\n\n\n\n<p>Unterscheiden kann man beide Arten am besten am Maul. Der Falsche Putzerfisch hat ein underst\u00e4ndiges, der Gew\u00f6hnliche Putzerlippfisch ein endst\u00e4ndiges Maul.<\/p>\n\n\n\n<p>Nach dem Angriff  versteckt sich der Falsche Putzerfisch in seiner Wohnr\u00f6hre, aus der oft nur der Kopf herausschaut.<\/p>\n\n\n\n<p><strong>Bedrohungsstatus:<\/strong> Die Art wird auf der Roten Liste der IUCN als <mark style=\"background-color:rgba(0, 0, 0, 0)\" class=\"has-inline-color has-vivid-green-cyan-color\">\u201enicht gef\u00e4hrdet\u201c<\/mark> gef\u00fchrt.<\/p>\n\n\n\n<hr class=\"wp-block-separator has-alpha-channel-opacity is-style-default\"\/>\n\n\n\n<p><\/p>\n","protected":false},"excerpt":{"rendered":"<p>Falscher Putzerfisch False cleanerfish Aspidontus taeniatus Gr\u00f6\u00dfe: bis 11,5 cm Lebensraum: Korallenriffe Vorkommen: Ostafrika, Rotes Meer, Malediven, ganz S\u00fcdostasien, S\u00fcdjapan, Nordaustralien, Papua-Neuguinea, Ozeanien bis Franz\u00f6sisch-Polynesien Erkennungsmerkmale: Grundfarbe wei\u00df; dunkler schwarzes L\u00e4ngsband, das nach hinten immer breiter wird Biologie &amp; Verhalten: Der Falsche Putzerfisch sieht dem Gew\u00f6hnlichen Putzerlippfisch (Labroides dimidiatus) nicht nur sehr \u00e4hnlich, sondern ahmt &hellip; <\/p>\n<p class=\"link-more\"><a href=\"https:\/\/alles-ueber-riffe.de\/?page_id=5760\" class=\"more-link\"><span class=\"screen-reader-text\">\u201eFalscher Putzerfisch\u201c<\/span> weiterlesen<\/a><\/p>\n","protected":false},"author":1,"featured_media":0,"parent":0,"menu_order":0,"comment_status":"closed","ping_status":"closed","template":"","meta":{"footnotes":""},"class_list":["post-5760","page","type-page","status-publish","hentry"],"_links":{"self":[{"href":"https:\/\/alles-ueber-riffe.de\/index.php?rest_route=\/wp\/v2\/pages\/5760","targetHints":{"allow":["GET"]}}],"collection":[{"href":"https:\/\/alles-ueber-riffe.de\/index.php?rest_route=\/wp\/v2\/pages"}],"about":[{"href":"https:\/\/alles-ueber-riffe.de\/index.php?rest_route=\/wp\/v2\/types\/page"}],"author":[{"embeddable":true,"href":"https:\/\/alles-ueber-riffe.de\/index.php?rest_route=\/wp\/v2\/users\/1"}],"replies":[{"embeddable":true,"href":"https:\/\/alles-ueber-riffe.de\/index.php?rest_route=%2Fwp%2Fv2%2Fcomments&post=5760"}],"version-history":[{"count":7,"href":"https:\/\/alles-ueber-riffe.de\/index.php?rest_route=\/wp\/v2\/pages\/5760\/revisions"}],"predecessor-version":[{"id":9650,"href":"https:\/\/alles-ueber-riffe.de\/index.php?rest_route=\/wp\/v2\/pages\/5760\/revisions\/9650"}],"wp:attachment":[{"href":"https:\/\/alles-ueber-riffe.de\/index.php?rest_route=%2Fwp%2Fv2%2Fmedia&parent=5760"}],"curies":[{"name":"wp","href":"https:\/\/api.w.org\/{rel}","templated":true}]}}