{"id":5753,"date":"2025-01-08T22:21:40","date_gmt":"2025-01-08T22:21:40","guid":{"rendered":"https:\/\/alles-ueber-riffe.de\/?page_id=5753"},"modified":"2025-02-13T22:29:09","modified_gmt":"2025-02-13T22:29:09","slug":"blaustreifen-saebelzaehner","status":"publish","type":"page","link":"https:\/\/alles-ueber-riffe.de\/?page_id=5753","title":{"rendered":"Blaustreifen-S\u00e4belz\u00e4hner"},"content":{"rendered":"\n<div class=\"wp-block-group is-vertical is-layout-flex wp-container-core-group-is-layout-8cf370e7 wp-block-group-is-layout-flex\">\n<p><strong>Blaustreifen-S\u00e4belz\u00e4hner<\/strong><\/p>\n\n\n\n<p>Bluestriped fangblenny<\/p>\n\n\n\n<p><em>Plagiotremus rhinorhynchos<\/em><strong><\/strong><\/p>\n<\/div>\n\n\n\n<div style=\"height:30px\" aria-hidden=\"true\" class=\"wp-block-spacer\"><\/div>\n\n\n\n<figure class=\"wp-block-image size-full\"><img loading=\"lazy\" decoding=\"async\" width=\"1024\" height=\"768\" src=\"https:\/\/alles-ueber-riffe.de\/wp-content\/uploads\/2025\/02\/Blaustreifen-Saebelzaehner_1024x768-2.jpg\" alt=\"\" class=\"wp-image-9628\" srcset=\"https:\/\/alles-ueber-riffe.de\/wp-content\/uploads\/2025\/02\/Blaustreifen-Saebelzaehner_1024x768-2.jpg 1024w, https:\/\/alles-ueber-riffe.de\/wp-content\/uploads\/2025\/02\/Blaustreifen-Saebelzaehner_1024x768-2-300x225.jpg 300w, https:\/\/alles-ueber-riffe.de\/wp-content\/uploads\/2025\/02\/Blaustreifen-Saebelzaehner_1024x768-2-768x576.jpg 768w\" sizes=\"auto, (max-width: 767px) 89vw, (max-width: 1000px) 54vw, (max-width: 1071px) 543px, 580px\" \/><figcaption class=\"wp-element-caption\">\u00a9 Joris Rombouts<\/figcaption><\/figure>\n\n\n\n<figure class=\"wp-block-image size-full\"><img loading=\"lazy\" decoding=\"async\" width=\"1024\" height=\"768\" src=\"https:\/\/alles-ueber-riffe.de\/wp-content\/uploads\/2025\/02\/Blaustreifen-Saebelzaehner_1024x768-1.jpg\" alt=\"\" class=\"wp-image-9632\" srcset=\"https:\/\/alles-ueber-riffe.de\/wp-content\/uploads\/2025\/02\/Blaustreifen-Saebelzaehner_1024x768-1.jpg 1024w, https:\/\/alles-ueber-riffe.de\/wp-content\/uploads\/2025\/02\/Blaustreifen-Saebelzaehner_1024x768-1-300x225.jpg 300w, https:\/\/alles-ueber-riffe.de\/wp-content\/uploads\/2025\/02\/Blaustreifen-Saebelzaehner_1024x768-1-768x576.jpg 768w\" sizes=\"auto, (max-width: 767px) 89vw, (max-width: 1000px) 54vw, (max-width: 1071px) 543px, 580px\" \/><figcaption class=\"wp-element-caption\">Wenn man einen anderen Fisch gebissen hat, ist es gut, wenn man in einem kleinen Loch verschwinden kann, um der Gegenattacke zu entgehen \u00a9 Joris Rombouts<\/figcaption><\/figure>\n\n\n\n<hr class=\"wp-block-separator has-alpha-channel-opacity is-style-default\"\/>\n\n\n\n<p><strong>Gr\u00f6\u00dfe: <\/strong> bis 12 cm<\/p>\n\n\n\n<p><strong>Lebensraum:<\/strong> Korallenriffe<\/p>\n\n\n\n<p><strong>Vorkommen:  <\/strong>Ostafrika, Rotes Meer, Malediven, S\u00fcdjapan, ganz S\u00fcdostasien, Nordaustralien, Papua-Neuguinea, Ozeanien bis zu den Gesellschaftsinseln<\/p>\n\n\n\n<p><strong>Erkennungsmerkmale:<\/strong> Grundfarbe braun; zwei hellblaue L\u00e4ngsstreifen<\/p>\n\n\n\n<p><strong>Biologie &amp; Verhalten: <\/strong> Unter all den kleinen Fieslingen unter den Schleimfischen ist er der gr\u00f6\u00dfte Fiesling. Er f\u00e4ngt schon klein an, denn die juvenilen Tiere ahmen den Gew\u00f6hnlichen Putzerfisch (Labroides dimidiatus) nach, um an Haut- oder Flossenst\u00fccke ihrer Opfer zu gelangen. Als adultes Tier stellt er auf blitzschnelle und \u00fcberraschende Angriffe aus dem Hinterhalt um.\u00a0\u00a0Dabei k\u00f6nnen Sie auch ihre Farbe variieren, um sich unauff\u00e4llig unter einen Fischschwarm zu mischen, um ihre Opfer zu t\u00e4uschen. Angst hat er keine und so wurde\u00a0\u00a0schon der eine oder andere Taucher gebissen. Gott sei Dank ist er aber nicht giftig, wie einige andere Schleimfische.<\/p>\n\n\n\n<p><strong>Bedrohungsstatus:<\/strong> Die Art wird auf der Roten Liste der IUCN als <mark style=\"background-color:rgba(0, 0, 0, 0)\" class=\"has-inline-color has-vivid-green-cyan-color\">\u201enicht gef\u00e4hrdet\u201c<\/mark> gef\u00fchrt.<\/p>\n\n\n\n<hr class=\"wp-block-separator has-alpha-channel-opacity is-style-default\"\/>\n\n\n\n<p><\/p>\n","protected":false},"excerpt":{"rendered":"<p>Blaustreifen-S\u00e4belz\u00e4hner Bluestriped fangblenny Plagiotremus rhinorhynchos Gr\u00f6\u00dfe: bis 12 cm Lebensraum: Korallenriffe Vorkommen: Ostafrika, Rotes Meer, Malediven, S\u00fcdjapan, ganz S\u00fcdostasien, Nordaustralien, Papua-Neuguinea, Ozeanien bis zu den Gesellschaftsinseln Erkennungsmerkmale: Grundfarbe braun; zwei hellblaue L\u00e4ngsstreifen Biologie &amp; Verhalten: Unter all den kleinen Fieslingen unter den Schleimfischen ist er der gr\u00f6\u00dfte Fiesling. Er f\u00e4ngt schon klein an, denn die &hellip; <\/p>\n<p class=\"link-more\"><a href=\"https:\/\/alles-ueber-riffe.de\/?page_id=5753\" class=\"more-link\"><span class=\"screen-reader-text\">\u201eBlaustreifen-S\u00e4belz\u00e4hner\u201c<\/span> weiterlesen<\/a><\/p>\n","protected":false},"author":1,"featured_media":0,"parent":0,"menu_order":0,"comment_status":"closed","ping_status":"closed","template":"","meta":{"footnotes":""},"class_list":["post-5753","page","type-page","status-publish","hentry"],"_links":{"self":[{"href":"https:\/\/alles-ueber-riffe.de\/index.php?rest_route=\/wp\/v2\/pages\/5753","targetHints":{"allow":["GET"]}}],"collection":[{"href":"https:\/\/alles-ueber-riffe.de\/index.php?rest_route=\/wp\/v2\/pages"}],"about":[{"href":"https:\/\/alles-ueber-riffe.de\/index.php?rest_route=\/wp\/v2\/types\/page"}],"author":[{"embeddable":true,"href":"https:\/\/alles-ueber-riffe.de\/index.php?rest_route=\/wp\/v2\/users\/1"}],"replies":[{"embeddable":true,"href":"https:\/\/alles-ueber-riffe.de\/index.php?rest_route=%2Fwp%2Fv2%2Fcomments&post=5753"}],"version-history":[{"count":7,"href":"https:\/\/alles-ueber-riffe.de\/index.php?rest_route=\/wp\/v2\/pages\/5753\/revisions"}],"predecessor-version":[{"id":9635,"href":"https:\/\/alles-ueber-riffe.de\/index.php?rest_route=\/wp\/v2\/pages\/5753\/revisions\/9635"}],"wp:attachment":[{"href":"https:\/\/alles-ueber-riffe.de\/index.php?rest_route=%2Fwp%2Fv2%2Fmedia&parent=5753"}],"curies":[{"name":"wp","href":"https:\/\/api.w.org\/{rel}","templated":true}]}}