{"id":5748,"date":"2025-01-08T22:21:16","date_gmt":"2025-01-08T22:21:16","guid":{"rendered":"https:\/\/alles-ueber-riffe.de\/?page_id=5748"},"modified":"2025-02-13T21:57:19","modified_gmt":"2025-02-13T21:57:19","slug":"townsends-saebelzahnschleimfisch","status":"publish","type":"page","link":"https:\/\/alles-ueber-riffe.de\/?page_id=5748","title":{"rendered":"Townsends-S\u00e4belzahnschleimfisch"},"content":{"rendered":"\n<div class=\"wp-block-group is-vertical is-layout-flex wp-container-core-group-is-layout-8cf370e7 wp-block-group-is-layout-flex\">\n<p><strong>Townsends-S\u00e4belzahnschleimfisch<\/strong><\/p>\n\n\n\n<p>Townsend&#8217;s fangblenny<\/p>\n\n\n\n<p><em>Plagiotremus townsendi<\/em><strong><\/strong><\/p>\n<\/div>\n\n\n\n<div style=\"height:30px\" aria-hidden=\"true\" class=\"wp-block-spacer\"><\/div>\n\n\n\n<figure class=\"wp-block-video\"><video height=\"576\" style=\"aspect-ratio: 1024 \/ 576;\" width=\"1024\" controls src=\"https:\/\/alles-ueber-riffe.de\/wp-content\/uploads\/2025\/02\/Townsends-Saebelzahnschleimfisch.mp4\"><\/video><figcaption class=\"wp-element-caption\">\u00a9 Heinz Krimmer<\/figcaption><\/figure>\n\n\n\n<hr class=\"wp-block-separator has-alpha-channel-opacity is-style-default\"\/>\n\n\n\n<p><strong>Gr\u00f6\u00dfe: <\/strong> bis 6 cm<\/p>\n\n\n\n<p><strong>Lebensraum:<\/strong> Korallenriffe<\/p>\n\n\n\n<p><strong>Vorkommen:  <\/strong>Rotes Meer, Oman<\/p>\n\n\n\n<p><strong>Erkennungsmerkmale:<\/strong> vordere K\u00f6rperh\u00e4lfte blau, die hintere K\u00f6rperh\u00e4lfte gelb<\/p>\n\n\n\n<p><strong>Biologie &amp; Verhalten: <\/strong> Sein Doppelg\u00e4nger ist der Schwarzstreifen-S\u00e4belz\u00e4hner (Meiacanthus nigrolineatus) bzw. umgekehrt, denn der Townsends-S\u00e4belzahnschleimfisch ahmt diesen nach. Der Grund: Der Schwarzstreifen-S\u00e4belz\u00e4hner ist giftig und wird von Raubfischen gemieden. Auch Menschen sp\u00fcren seinen Biss. Die Schmerzen erinnern an einen Wespenstich. Der Schwarzstreifen-Sabelz\u00e4hner unterscheidet sich durch einen d\u00fcnnen, schwarzen L\u00e4ngsstreifen.<\/p>\n\n\n\n<p><strong>Bedrohungsstatus:<\/strong> Die Art wird auf der Roten Liste der IUCN als <mark style=\"background-color:rgba(0, 0, 0, 0)\" class=\"has-inline-color has-vivid-green-cyan-color\">\u201enicht gef\u00e4hrdet\u201c<\/mark> gef\u00fchrt.<\/p>\n\n\n\n<hr class=\"wp-block-separator has-alpha-channel-opacity is-style-default\"\/>\n\n\n\n<p><\/p>\n","protected":false},"excerpt":{"rendered":"<p>Townsends-S\u00e4belzahnschleimfisch Townsend&#8217;s fangblenny Plagiotremus townsendi Gr\u00f6\u00dfe: bis 6 cm Lebensraum: Korallenriffe Vorkommen: Rotes Meer, Oman Erkennungsmerkmale: vordere K\u00f6rperh\u00e4lfte blau, die hintere K\u00f6rperh\u00e4lfte gelb Biologie &amp; Verhalten: Sein Doppelg\u00e4nger ist der Schwarzstreifen-S\u00e4belz\u00e4hner (Meiacanthus nigrolineatus) bzw. umgekehrt, denn der Townsends-S\u00e4belzahnschleimfisch ahmt diesen nach. Der Grund: Der Schwarzstreifen-S\u00e4belz\u00e4hner ist giftig und wird von Raubfischen gemieden. Auch Menschen sp\u00fcren &hellip; <\/p>\n<p class=\"link-more\"><a href=\"https:\/\/alles-ueber-riffe.de\/?page_id=5748\" class=\"more-link\"><span class=\"screen-reader-text\">\u201eTownsends-S\u00e4belzahnschleimfisch\u201c<\/span> weiterlesen<\/a><\/p>\n","protected":false},"author":1,"featured_media":0,"parent":0,"menu_order":0,"comment_status":"closed","ping_status":"closed","template":"","meta":{"footnotes":""},"class_list":["post-5748","page","type-page","status-publish","hentry"],"_links":{"self":[{"href":"https:\/\/alles-ueber-riffe.de\/index.php?rest_route=\/wp\/v2\/pages\/5748","targetHints":{"allow":["GET"]}}],"collection":[{"href":"https:\/\/alles-ueber-riffe.de\/index.php?rest_route=\/wp\/v2\/pages"}],"about":[{"href":"https:\/\/alles-ueber-riffe.de\/index.php?rest_route=\/wp\/v2\/types\/page"}],"author":[{"embeddable":true,"href":"https:\/\/alles-ueber-riffe.de\/index.php?rest_route=\/wp\/v2\/users\/1"}],"replies":[{"embeddable":true,"href":"https:\/\/alles-ueber-riffe.de\/index.php?rest_route=%2Fwp%2Fv2%2Fcomments&post=5748"}],"version-history":[{"count":3,"href":"https:\/\/alles-ueber-riffe.de\/index.php?rest_route=\/wp\/v2\/pages\/5748\/revisions"}],"predecessor-version":[{"id":9596,"href":"https:\/\/alles-ueber-riffe.de\/index.php?rest_route=\/wp\/v2\/pages\/5748\/revisions\/9596"}],"wp:attachment":[{"href":"https:\/\/alles-ueber-riffe.de\/index.php?rest_route=%2Fwp%2Fv2%2Fmedia&parent=5748"}],"curies":[{"name":"wp","href":"https:\/\/api.w.org\/{rel}","templated":true}]}}