{"id":5746,"date":"2025-01-08T22:21:07","date_gmt":"2025-01-08T22:21:07","guid":{"rendered":"https:\/\/alles-ueber-riffe.de\/?page_id=5746"},"modified":"2025-02-13T21:54:34","modified_gmt":"2025-02-13T21:54:34","slug":"segelflossen-saebelzahnschleimfisch","status":"publish","type":"page","link":"https:\/\/alles-ueber-riffe.de\/?page_id=5746","title":{"rendered":"Segelflossen-S\u00e4belzahnschleimfisch"},"content":{"rendered":"\n<div class=\"wp-block-group is-vertical is-layout-flex wp-container-core-group-is-layout-8cf370e7 wp-block-group-is-layout-flex\">\n<p><strong>Segelflossen-S\u00e4belzahnschleimfisch<\/strong><\/p>\n\n\n\n<p>Floral blenny<\/p>\n\n\n\n<p><em>Petroscirtes mitratus<\/em><strong><\/strong><\/p>\n<\/div>\n\n\n\n<div style=\"height:30px\" aria-hidden=\"true\" class=\"wp-block-spacer\"><\/div>\n\n\n\n<figure class=\"wp-block-video\"><video height=\"576\" style=\"aspect-ratio: 1024 \/ 576;\" width=\"1024\" controls src=\"https:\/\/alles-ueber-riffe.de\/wp-content\/uploads\/2025\/02\/Segelflossen-Saebelzahnschleimfisch.mp4\"><\/video><figcaption class=\"wp-element-caption\">\u00a9 Heinz Krimmer<\/figcaption><\/figure>\n\n\n\n<hr class=\"wp-block-separator has-alpha-channel-opacity is-style-default\"\/>\n\n\n\n<p><strong>Gr\u00f6\u00dfe: <\/strong> bis 8,5 cm<\/p>\n\n\n\n<p><strong>Lebensraum:<\/strong> Korallenriffe, oft auch  zwischen im Meer treibenden Algen.<\/p>\n\n\n\n<p><strong>Vorkommen:  <\/strong>Ostafrika, Rotes Meer, Malediven, ganz S\u00fcdostasien, Nordaustralien, Papua-Neuguinea, Ozeanien bis Samoa<\/p>\n\n\n\n<p><strong>Erkennungsmerkmale:<\/strong> wei\u00dfer Bauch; dunkler L\u00e4ngsstreifen mit wei\u00dfen Punkten, die schwarz umrandet sind; dunkle Querstreifen in der R\u00fcckenflosse<\/p>\n\n\n\n<p><strong>Biologie &amp; Verhalten: <\/strong> Scheu und aufmerksam verschwinden sie bei Gefahr sofort zwischen den Algen oder den Korallen. Sie schwimmen oft schr\u00e4g mit dem Kopf nach oben. Ihre Eier legen sie gerne in Muschelschalen ab. Sie leben nicht nur an der K\u00fcste, sondern auch im offenen Ozean. Hier leben sie in treibenden Saragassum-Algen. Das erkl\u00e4rt vermutlich ihre extrem weite Verbreitung.<\/p>\n\n\n\n<p><strong>Bedrohungsstatus:<\/strong> Die Art wird auf der Roten Liste der IUCN als <mark style=\"background-color:rgba(0, 0, 0, 0)\" class=\"has-inline-color has-vivid-green-cyan-color\">\u201enicht gef\u00e4hrdet\u201c<\/mark> gef\u00fchrt.<\/p>\n\n\n\n<hr class=\"wp-block-separator has-alpha-channel-opacity is-style-default\"\/>\n\n\n\n<p><\/p>\n","protected":false},"excerpt":{"rendered":"<p>Segelflossen-S\u00e4belzahnschleimfisch Floral blenny Petroscirtes mitratus Gr\u00f6\u00dfe: bis 8,5 cm Lebensraum: Korallenriffe, oft auch zwischen im Meer treibenden Algen. Vorkommen: Ostafrika, Rotes Meer, Malediven, ganz S\u00fcdostasien, Nordaustralien, Papua-Neuguinea, Ozeanien bis Samoa Erkennungsmerkmale: wei\u00dfer Bauch; dunkler L\u00e4ngsstreifen mit wei\u00dfen Punkten, die schwarz umrandet sind; dunkle Querstreifen in der R\u00fcckenflosse Biologie &amp; Verhalten: Scheu und aufmerksam verschwinden sie &hellip; <\/p>\n<p class=\"link-more\"><a href=\"https:\/\/alles-ueber-riffe.de\/?page_id=5746\" class=\"more-link\"><span class=\"screen-reader-text\">\u201eSegelflossen-S\u00e4belzahnschleimfisch\u201c<\/span> weiterlesen<\/a><\/p>\n","protected":false},"author":1,"featured_media":0,"parent":0,"menu_order":0,"comment_status":"closed","ping_status":"closed","template":"","meta":{"footnotes":""},"class_list":["post-5746","page","type-page","status-publish","hentry"],"_links":{"self":[{"href":"https:\/\/alles-ueber-riffe.de\/index.php?rest_route=\/wp\/v2\/pages\/5746","targetHints":{"allow":["GET"]}}],"collection":[{"href":"https:\/\/alles-ueber-riffe.de\/index.php?rest_route=\/wp\/v2\/pages"}],"about":[{"href":"https:\/\/alles-ueber-riffe.de\/index.php?rest_route=\/wp\/v2\/types\/page"}],"author":[{"embeddable":true,"href":"https:\/\/alles-ueber-riffe.de\/index.php?rest_route=\/wp\/v2\/users\/1"}],"replies":[{"embeddable":true,"href":"https:\/\/alles-ueber-riffe.de\/index.php?rest_route=%2Fwp%2Fv2%2Fcomments&post=5746"}],"version-history":[{"count":5,"href":"https:\/\/alles-ueber-riffe.de\/index.php?rest_route=\/wp\/v2\/pages\/5746\/revisions"}],"predecessor-version":[{"id":9593,"href":"https:\/\/alles-ueber-riffe.de\/index.php?rest_route=\/wp\/v2\/pages\/5746\/revisions\/9593"}],"wp:attachment":[{"href":"https:\/\/alles-ueber-riffe.de\/index.php?rest_route=%2Fwp%2Fv2%2Fmedia&parent=5746"}],"curies":[{"name":"wp","href":"https:\/\/api.w.org\/{rel}","templated":true}]}}