{"id":5742,"date":"2025-01-08T22:20:49","date_gmt":"2025-01-08T22:20:49","guid":{"rendered":"https:\/\/alles-ueber-riffe.de\/?page_id=5742"},"modified":"2025-02-13T22:14:41","modified_gmt":"2025-02-13T22:14:41","slug":"piano-saebelzaehner","status":"publish","type":"page","link":"https:\/\/alles-ueber-riffe.de\/?page_id=5742","title":{"rendered":"Piano-S\u00e4belz\u00e4hner"},"content":{"rendered":"\n<div class=\"wp-block-group is-vertical is-layout-flex wp-container-core-group-is-layout-8cf370e7 wp-block-group-is-layout-flex\">\n<p><strong>Piano-S\u00e4belz\u00e4hner<\/strong><\/p>\n\n\n\n<p>Piano fangblenny<\/p>\n\n\n\n<p><em>Plagiotremus tapeinosoma<\/em><strong><\/strong><\/p>\n<\/div>\n\n\n\n<div style=\"height:30px\" aria-hidden=\"true\" class=\"wp-block-spacer\"><\/div>\n\n\n\n<figure class=\"wp-block-video\"><video height=\"576\" style=\"aspect-ratio: 1024 \/ 576;\" width=\"1024\" controls src=\"https:\/\/alles-ueber-riffe.de\/wp-content\/uploads\/2025\/02\/Piano-Saebelzaehner.mp4\"><\/video><figcaption class=\"wp-element-caption\">\u00a9 Heinz Krimmer<\/figcaption><\/figure>\n\n\n\n<hr class=\"wp-block-separator has-alpha-channel-opacity is-style-default\"\/>\n\n\n\n<p><strong>Gr\u00f6\u00dfe: <\/strong> bis 14 cm<\/p>\n\n\n\n<p><strong>Lebensraum:<\/strong> Korallenriffe<\/p>\n\n\n\n<p><strong>Vorkommen:  <\/strong>Ostafrika, Rotes Meer, Malediven, S\u00fcdjapan, Philippinen, Malaysia, Ostindonesien, Nordaustralien, Papua-Neuguinea, Ozeanien bis zu den Tuamoto Inseln<\/p>\n\n\n\n<p><strong>Erkennungsmerkmale:<\/strong> breiter, wei\u00dfer L\u00e4ngsstreifen in der unteren K\u00f6rpermitte; dar\u00fcber, ein breiter, brauner L\u00e4ngsstreifen mit dunkelbraunen Querb\u00e4ndern; schmaler wei\u00dfer L\u00e4ngsstreifen am R\u00fccken<\/p>\n\n\n\n<p><strong>Biologie &amp; Verhalten: <\/strong> Der Piano-S\u00e4belz\u00e4hner ist ein kleiner Fiesling. Blitzschnell und \u00fcberraschend attackiert er andere, darunter auch gro\u00dfe Fische, und bei\u00dft ihnen Flossen- oder Hautst\u00fccke ab. Um m\u00f6glichen Attacken der Angegriffenen zu entgehen, fl\u00fcchtet er nach einem Biss sofort in kleine L\u00f6cher im Riff, wie z.B. verlassene Wurml\u00f6cher. Gerne kommt er auch unbemerkt von hinten. Von Scheinangriffen auf Taucher wurde auch schon berichtet.<\/p>\n\n\n\n<p><strong>Bedrohungsstatus:<\/strong> Die Art wird auf der Roten Liste der IUCN als <mark style=\"background-color:rgba(0, 0, 0, 0)\" class=\"has-inline-color has-vivid-green-cyan-color\">\u201enicht gef\u00e4hrdet\u201c<\/mark> gef\u00fchrt.<\/p>\n\n\n\n<hr class=\"wp-block-separator has-alpha-channel-opacity is-style-default\"\/>\n\n\n\n<p><\/p>\n","protected":false},"excerpt":{"rendered":"<p>Piano-S\u00e4belz\u00e4hner Piano fangblenny Plagiotremus tapeinosoma Gr\u00f6\u00dfe: bis 14 cm Lebensraum: Korallenriffe Vorkommen: Ostafrika, Rotes Meer, Malediven, S\u00fcdjapan, Philippinen, Malaysia, Ostindonesien, Nordaustralien, Papua-Neuguinea, Ozeanien bis zu den Tuamoto Inseln Erkennungsmerkmale: breiter, wei\u00dfer L\u00e4ngsstreifen in der unteren K\u00f6rpermitte; dar\u00fcber, ein breiter, brauner L\u00e4ngsstreifen mit dunkelbraunen Querb\u00e4ndern; schmaler wei\u00dfer L\u00e4ngsstreifen am R\u00fccken Biologie &amp; Verhalten: Der Piano-S\u00e4belz\u00e4hner ist &hellip; <\/p>\n<p class=\"link-more\"><a href=\"https:\/\/alles-ueber-riffe.de\/?page_id=5742\" class=\"more-link\"><span class=\"screen-reader-text\">\u201ePiano-S\u00e4belz\u00e4hner\u201c<\/span> weiterlesen<\/a><\/p>\n","protected":false},"author":1,"featured_media":0,"parent":0,"menu_order":0,"comment_status":"closed","ping_status":"closed","template":"","meta":{"footnotes":""},"class_list":["post-5742","page","type-page","status-publish","hentry"],"_links":{"self":[{"href":"https:\/\/alles-ueber-riffe.de\/index.php?rest_route=\/wp\/v2\/pages\/5742","targetHints":{"allow":["GET"]}}],"collection":[{"href":"https:\/\/alles-ueber-riffe.de\/index.php?rest_route=\/wp\/v2\/pages"}],"about":[{"href":"https:\/\/alles-ueber-riffe.de\/index.php?rest_route=\/wp\/v2\/types\/page"}],"author":[{"embeddable":true,"href":"https:\/\/alles-ueber-riffe.de\/index.php?rest_route=\/wp\/v2\/users\/1"}],"replies":[{"embeddable":true,"href":"https:\/\/alles-ueber-riffe.de\/index.php?rest_route=%2Fwp%2Fv2%2Fcomments&post=5742"}],"version-history":[{"count":4,"href":"https:\/\/alles-ueber-riffe.de\/index.php?rest_route=\/wp\/v2\/pages\/5742\/revisions"}],"predecessor-version":[{"id":9617,"href":"https:\/\/alles-ueber-riffe.de\/index.php?rest_route=\/wp\/v2\/pages\/5742\/revisions\/9617"}],"wp:attachment":[{"href":"https:\/\/alles-ueber-riffe.de\/index.php?rest_route=%2Fwp%2Fv2%2Fmedia&parent=5742"}],"curies":[{"name":"wp","href":"https:\/\/api.w.org\/{rel}","templated":true}]}}