{"id":5740,"date":"2025-01-08T22:20:38","date_gmt":"2025-01-08T22:20:38","guid":{"rendered":"https:\/\/alles-ueber-riffe.de\/?page_id=5740"},"modified":"2025-02-13T22:11:45","modified_gmt":"2025-02-13T22:11:45","slug":"kurzkopf-saebelzaehner","status":"publish","type":"page","link":"https:\/\/alles-ueber-riffe.de\/?page_id=5740","title":{"rendered":"Kurzkopf-S\u00e4belz\u00e4hner"},"content":{"rendered":"\n<div class=\"wp-block-group is-vertical is-layout-flex wp-container-core-group-is-layout-8cf370e7 wp-block-group-is-layout-flex\">\n<p><strong>Kurzkopf-S\u00e4belz\u00e4hner<\/strong><\/p>\n\n\n\n<p>Striped poison-fang blenny mimic<\/p>\n\n\n\n<p><em>Petroscirtes breviceps<\/em><strong><\/strong><\/p>\n<\/div>\n\n\n\n<div style=\"height:30px\" aria-hidden=\"true\" class=\"wp-block-spacer\"><\/div>\n\n\n\n<figure class=\"wp-block-video\"><video height=\"576\" style=\"aspect-ratio: 1024 \/ 576;\" width=\"1024\" controls src=\"https:\/\/alles-ueber-riffe.de\/wp-content\/uploads\/2025\/02\/Kurzkopf-Saebelzaehner.mp4\"><\/video><figcaption class=\"wp-element-caption\">\u00a9 Heinz Krimmer<\/figcaption><\/figure>\n\n\n\n<hr class=\"wp-block-separator has-alpha-channel-opacity is-style-default\"\/>\n\n\n\n<p><strong>Gr\u00f6\u00dfe: <\/strong> bis 11 cm<\/p>\n\n\n\n<p><strong>Lebensraum:<\/strong> Korallenriffe, Sand- und Ger\u00f6llfl\u00e4chen<\/p>\n\n\n\n<p><strong>Vorkommen:  <\/strong>Ostafrika, Malediven, S\u00fcdjapan, ganz S\u00fcdostasien, Nordaustralien, Papua-Neuguinea<\/p>\n\n\n\n<p><strong>Erkennungsmerkmale:<\/strong> Grundfarbe wei\u00df; schwarze L\u00e4ngsstreifen; gelblicher Kopf<\/p>\n\n\n\n<p><strong>Biologie &amp; Verhalten: <\/strong> Dieser interessante Schleimfisch ist in Bezug auf sein Versteck nicht w\u00e4hlerisch. Eine Flasche ist im genauso angenehm, wie ein\u00a0<em>verlassenes\u00a0Loch im Sand oder Felsen.<\/em><\/p>\n\n\n\n<p>Um sich zu sch\u00fctzen, ahmt er den giftigen Dreistreifen-S\u00e4belz\u00e4hner (Meiacanthus grammistes)\u00a0nach. Er unterscheidet sich dadurch, dass sich seine schwarzen L\u00e4ngsstreifen am Hinterk\u00f6rper nicht in Punkte aufl\u00f6sen.<\/p>\n\n\n\n<p>Interessanterweise fressen diese Fische im Sommer kleine Krustentiere, w\u00e4hrend sie im Winter auf pflanzliche Nahrung umstellen.<\/p>\n\n\n\n<p><strong>Bedrohungsstatus:<\/strong> Die Art wird auf der Roten Liste der IUCN als <mark style=\"background-color:rgba(0, 0, 0, 0)\" class=\"has-inline-color has-vivid-green-cyan-color\">\u201enicht gef\u00e4hrdet\u201c<\/mark> gef\u00fchrt.<\/p>\n\n\n\n<p><mark style=\"background-color:rgba(0, 0, 0, 0)\" class=\"has-inline-color has-vivid-red-color\"><strong>Gefahr:<\/strong> <em>Sie be<\/em>i\u00dfen fest zu, wenn man sie bel\u00e4stigt. Ihr Biss ist aber, im Gegensatz zum Dreistreifen-S\u00e4belz\u00e4hner, nicht giftig.<\/mark><\/p>\n\n\n\n<hr class=\"wp-block-separator has-alpha-channel-opacity is-style-default\"\/>\n\n\n\n<p><\/p>\n","protected":false},"excerpt":{"rendered":"<p>Kurzkopf-S\u00e4belz\u00e4hner Striped poison-fang blenny mimic Petroscirtes breviceps Gr\u00f6\u00dfe: bis 11 cm Lebensraum: Korallenriffe, Sand- und Ger\u00f6llfl\u00e4chen Vorkommen: Ostafrika, Malediven, S\u00fcdjapan, ganz S\u00fcdostasien, Nordaustralien, Papua-Neuguinea Erkennungsmerkmale: Grundfarbe wei\u00df; schwarze L\u00e4ngsstreifen; gelblicher Kopf Biologie &amp; Verhalten: Dieser interessante Schleimfisch ist in Bezug auf sein Versteck nicht w\u00e4hlerisch. Eine Flasche ist im genauso angenehm, wie ein\u00a0verlassenes\u00a0Loch im Sand &hellip; <\/p>\n<p class=\"link-more\"><a href=\"https:\/\/alles-ueber-riffe.de\/?page_id=5740\" class=\"more-link\"><span class=\"screen-reader-text\">\u201eKurzkopf-S\u00e4belz\u00e4hner\u201c<\/span> weiterlesen<\/a><\/p>\n","protected":false},"author":1,"featured_media":0,"parent":0,"menu_order":0,"comment_status":"closed","ping_status":"closed","template":"","meta":{"footnotes":""},"class_list":["post-5740","page","type-page","status-publish","hentry"],"_links":{"self":[{"href":"https:\/\/alles-ueber-riffe.de\/index.php?rest_route=\/wp\/v2\/pages\/5740","targetHints":{"allow":["GET"]}}],"collection":[{"href":"https:\/\/alles-ueber-riffe.de\/index.php?rest_route=\/wp\/v2\/pages"}],"about":[{"href":"https:\/\/alles-ueber-riffe.de\/index.php?rest_route=\/wp\/v2\/types\/page"}],"author":[{"embeddable":true,"href":"https:\/\/alles-ueber-riffe.de\/index.php?rest_route=\/wp\/v2\/users\/1"}],"replies":[{"embeddable":true,"href":"https:\/\/alles-ueber-riffe.de\/index.php?rest_route=%2Fwp%2Fv2%2Fcomments&post=5740"}],"version-history":[{"count":6,"href":"https:\/\/alles-ueber-riffe.de\/index.php?rest_route=\/wp\/v2\/pages\/5740\/revisions"}],"predecessor-version":[{"id":9613,"href":"https:\/\/alles-ueber-riffe.de\/index.php?rest_route=\/wp\/v2\/pages\/5740\/revisions\/9613"}],"wp:attachment":[{"href":"https:\/\/alles-ueber-riffe.de\/index.php?rest_route=%2Fwp%2Fv2%2Fmedia&parent=5740"}],"curies":[{"name":"wp","href":"https:\/\/api.w.org\/{rel}","templated":true}]}}