{"id":5738,"date":"2025-01-08T22:20:27","date_gmt":"2025-01-08T22:20:27","guid":{"rendered":"https:\/\/alles-ueber-riffe.de\/?page_id=5738"},"modified":"2025-02-13T21:47:42","modified_gmt":"2025-02-13T21:47:42","slug":"kastanien-schleimfisch","status":"publish","type":"page","link":"https:\/\/alles-ueber-riffe.de\/?page_id=5738","title":{"rendered":"Kastanien-Schleimfisch"},"content":{"rendered":"\n<div class=\"wp-block-group is-vertical is-layout-flex wp-container-core-group-is-layout-8cf370e7 wp-block-group-is-layout-flex\">\n<p><strong>Kastanien-Schleimfisch<\/strong><\/p>\n\n\n\n<p>Chestnut eyelash-blenny<em><\/em><\/p>\n\n\n\n<p><em>Cirripectes castaneus<\/em><\/p>\n<\/div>\n\n\n\n<div style=\"height:30px\" aria-hidden=\"true\" class=\"wp-block-spacer\"><\/div>\n\n\n\n<figure class=\"wp-block-video\"><video height=\"576\" style=\"aspect-ratio: 1024 \/ 576;\" width=\"1024\" controls src=\"https:\/\/alles-ueber-riffe.de\/wp-content\/uploads\/2025\/02\/Kastanien-Schleimfisch.mp4\"><\/video><figcaption class=\"wp-element-caption\">\u00a9 Heinz Krimmer<\/figcaption><\/figure>\n\n\n\n<hr class=\"wp-block-separator has-alpha-channel-opacity is-style-default\"\/>\n\n\n\n<p><strong>Gr\u00f6\u00dfe: <\/strong> bis 9,2 cm<\/p>\n\n\n\n<p><strong>Lebensraum:<\/strong> Korallenriffe<\/p>\n\n\n\n<p><strong>Vorkommen:  <\/strong>Rotes Meer, Malediven, S\u00fcdjapan, ganz S\u00fcdostasien, Nordaustralien, Papua-Neuguinea, Ozeanien bis Tonga<\/p>\n\n\n\n<p><strong>Erkennungsmerkmale:<\/strong> Grundfarbe dunkelbraun; gelegentlich mit dunkleren Querb\u00e4ndern<\/p>\n\n\n\n<p><strong>Biologie &amp; Verhalten: <\/strong> Dieser Schleimfisch bevorzugt Korallen- und Felsenriffe mit Algenbewuchs und den Flachwasserbereich. Wenn n\u00f6tig kann auch Luft geatmet werden. Die Eier werden am Substrat befestigt. Die Larven leben planktonisch bevor sie ins Riff zur\u00fcck kehren. Oft in kleinen Gruppen zu sehen.<\/p>\n\n\n\n<p><strong>Bedrohungsstatus:<\/strong> Die Art wird auf der Roten Liste der IUCN als <mark style=\"background-color:rgba(0, 0, 0, 0)\" class=\"has-inline-color has-vivid-green-cyan-color\">\u201enicht gef\u00e4hrdet\u201c<\/mark> gef\u00fchrt.<\/p>\n\n\n\n<hr class=\"wp-block-separator has-alpha-channel-opacity is-style-default\"\/>\n\n\n\n<p><\/p>\n","protected":false},"excerpt":{"rendered":"<p>Kastanien-Schleimfisch Chestnut eyelash-blenny Cirripectes castaneus Gr\u00f6\u00dfe: bis 9,2 cm Lebensraum: Korallenriffe Vorkommen: Rotes Meer, Malediven, S\u00fcdjapan, ganz S\u00fcdostasien, Nordaustralien, Papua-Neuguinea, Ozeanien bis Tonga Erkennungsmerkmale: Grundfarbe dunkelbraun; gelegentlich mit dunkleren Querb\u00e4ndern Biologie &amp; Verhalten: Dieser Schleimfisch bevorzugt Korallen- und Felsenriffe mit Algenbewuchs und den Flachwasserbereich. Wenn n\u00f6tig kann auch Luft geatmet werden. Die Eier werden am &hellip; <\/p>\n<p class=\"link-more\"><a href=\"https:\/\/alles-ueber-riffe.de\/?page_id=5738\" class=\"more-link\"><span class=\"screen-reader-text\">\u201eKastanien-Schleimfisch\u201c<\/span> weiterlesen<\/a><\/p>\n","protected":false},"author":1,"featured_media":0,"parent":0,"menu_order":0,"comment_status":"closed","ping_status":"closed","template":"","meta":{"footnotes":""},"class_list":["post-5738","page","type-page","status-publish","hentry"],"_links":{"self":[{"href":"https:\/\/alles-ueber-riffe.de\/index.php?rest_route=\/wp\/v2\/pages\/5738","targetHints":{"allow":["GET"]}}],"collection":[{"href":"https:\/\/alles-ueber-riffe.de\/index.php?rest_route=\/wp\/v2\/pages"}],"about":[{"href":"https:\/\/alles-ueber-riffe.de\/index.php?rest_route=\/wp\/v2\/types\/page"}],"author":[{"embeddable":true,"href":"https:\/\/alles-ueber-riffe.de\/index.php?rest_route=\/wp\/v2\/users\/1"}],"replies":[{"embeddable":true,"href":"https:\/\/alles-ueber-riffe.de\/index.php?rest_route=%2Fwp%2Fv2%2Fcomments&post=5738"}],"version-history":[{"count":4,"href":"https:\/\/alles-ueber-riffe.de\/index.php?rest_route=\/wp\/v2\/pages\/5738\/revisions"}],"predecessor-version":[{"id":9586,"href":"https:\/\/alles-ueber-riffe.de\/index.php?rest_route=\/wp\/v2\/pages\/5738\/revisions\/9586"}],"wp:attachment":[{"href":"https:\/\/alles-ueber-riffe.de\/index.php?rest_route=%2Fwp%2Fv2%2Fmedia&parent=5738"}],"curies":[{"name":"wp","href":"https:\/\/api.w.org\/{rel}","templated":true}]}}