{"id":5736,"date":"2025-01-08T22:20:17","date_gmt":"2025-01-08T22:20:17","guid":{"rendered":"https:\/\/alles-ueber-riffe.de\/?page_id=5736"},"modified":"2025-02-13T22:02:43","modified_gmt":"2025-02-13T22:02:43","slug":"juwelen-felsenhuepfer","status":"publish","type":"page","link":"https:\/\/alles-ueber-riffe.de\/?page_id=5736","title":{"rendered":"Juwelen-Felsenh\u00fcpfer"},"content":{"rendered":"\n<div class=\"wp-block-group is-vertical is-layout-flex wp-container-core-group-is-layout-8cf370e7 wp-block-group-is-layout-flex\">\n<p><strong>Juwelen-Felsenh\u00fcpfer<\/strong><\/p>\n\n\n\n<p>Jewelled blenny<\/p>\n\n\n\n<p><em>Salarias fasciatus<\/em><strong><\/strong><\/p>\n<\/div>\n\n\n\n<div style=\"height:30px\" aria-hidden=\"true\" class=\"wp-block-spacer\"><\/div>\n\n\n\n<figure class=\"wp-block-video\"><video height=\"576\" style=\"aspect-ratio: 1024 \/ 576;\" width=\"1024\" controls src=\"https:\/\/alles-ueber-riffe.de\/wp-content\/uploads\/2025\/02\/Juwelen-Felsenhuepfer_.mp4\"><\/video><figcaption class=\"wp-element-caption\">\u00a9 Heinz Krimmer<\/figcaption><\/figure>\n\n\n\n<hr class=\"wp-block-separator has-alpha-channel-opacity is-style-default\"\/>\n\n\n\n<p><strong>Gr\u00f6\u00dfe: <\/strong> bis 14 cm<\/p>\n\n\n\n<p><strong>Lebensraum:<\/strong> Korallenriffe vor allem in Bereichen mit abgestorbenen und veralgten Korallen, Sand- und Ger\u00f6llfl\u00e4chen<\/p>\n\n\n\n<p><strong>Vorkommen:  <\/strong>Ostafrika, Rotes Meer, Malediven, S\u00fcdjapan, ganz S\u00fcdostasien, Nordaustralien, Papua-Neuguinea, Ozeanien bis Samoa<\/p>\n\n\n\n<p><strong>Erkennungsmerkmale:<\/strong>  dunkelbraun-wei\u00df marmoriert<\/p>\n\n\n\n<p><strong>Biologie &amp; Verhalten: <\/strong> Dieser Schleimfisch lebt im flachem Wasser bis ca. 8m Tiefe. Er lebte alleine in seiner Wohnh\u00f6hle und ist sehr scheu. Fri\u00dft Algen vom Substrat.<\/p>\n\n\n\n<p><strong>Bedrohungsstatus:<\/strong> Die Art wird auf der Roten Liste der IUCN als <mark style=\"background-color:rgba(0, 0, 0, 0)\" class=\"has-inline-color has-vivid-green-cyan-color\">\u201enicht gef\u00e4hrdet\u201c<\/mark> gef\u00fchrt.<\/p>\n\n\n\n<hr class=\"wp-block-separator has-alpha-channel-opacity is-style-default\"\/>\n\n\n\n<p><\/p>\n","protected":false},"excerpt":{"rendered":"<p>Juwelen-Felsenh\u00fcpfer Jewelled blenny Salarias fasciatus Gr\u00f6\u00dfe: bis 14 cm Lebensraum: Korallenriffe vor allem in Bereichen mit abgestorbenen und veralgten Korallen, Sand- und Ger\u00f6llfl\u00e4chen Vorkommen: Ostafrika, Rotes Meer, Malediven, S\u00fcdjapan, ganz S\u00fcdostasien, Nordaustralien, Papua-Neuguinea, Ozeanien bis Samoa Erkennungsmerkmale: dunkelbraun-wei\u00df marmoriert Biologie &amp; Verhalten: Dieser Schleimfisch lebt im flachem Wasser bis ca. 8m Tiefe. Er lebte alleine &hellip; <\/p>\n<p class=\"link-more\"><a href=\"https:\/\/alles-ueber-riffe.de\/?page_id=5736\" class=\"more-link\"><span class=\"screen-reader-text\">\u201eJuwelen-Felsenh\u00fcpfer\u201c<\/span> weiterlesen<\/a><\/p>\n","protected":false},"author":1,"featured_media":0,"parent":0,"menu_order":0,"comment_status":"closed","ping_status":"closed","template":"","meta":{"footnotes":""},"class_list":["post-5736","page","type-page","status-publish","hentry"],"_links":{"self":[{"href":"https:\/\/alles-ueber-riffe.de\/index.php?rest_route=\/wp\/v2\/pages\/5736","targetHints":{"allow":["GET"]}}],"collection":[{"href":"https:\/\/alles-ueber-riffe.de\/index.php?rest_route=\/wp\/v2\/pages"}],"about":[{"href":"https:\/\/alles-ueber-riffe.de\/index.php?rest_route=\/wp\/v2\/types\/page"}],"author":[{"embeddable":true,"href":"https:\/\/alles-ueber-riffe.de\/index.php?rest_route=\/wp\/v2\/users\/1"}],"replies":[{"embeddable":true,"href":"https:\/\/alles-ueber-riffe.de\/index.php?rest_route=%2Fwp%2Fv2%2Fcomments&post=5736"}],"version-history":[{"count":5,"href":"https:\/\/alles-ueber-riffe.de\/index.php?rest_route=\/wp\/v2\/pages\/5736\/revisions"}],"predecessor-version":[{"id":9602,"href":"https:\/\/alles-ueber-riffe.de\/index.php?rest_route=\/wp\/v2\/pages\/5736\/revisions\/9602"}],"wp:attachment":[{"href":"https:\/\/alles-ueber-riffe.de\/index.php?rest_route=%2Fwp%2Fv2%2Fmedia&parent=5736"}],"curies":[{"name":"wp","href":"https:\/\/api.w.org\/{rel}","templated":true}]}}