{"id":5725,"date":"2025-01-08T22:19:19","date_gmt":"2025-01-08T22:19:19","guid":{"rendered":"https:\/\/alles-ueber-riffe.de\/?page_id=5725"},"modified":"2025-02-12T22:06:12","modified_gmt":"2025-02-12T22:06:12","slug":"arons-kammzaehner","status":"publish","type":"page","link":"https:\/\/alles-ueber-riffe.de\/?page_id=5725","title":{"rendered":"Arons Kammz\u00e4hner"},"content":{"rendered":"\n<div class=\"wp-block-group is-vertical is-layout-flex wp-container-core-group-is-layout-8cf370e7 wp-block-group-is-layout-flex\">\n<p><strong>Arons Kammz\u00e4hner<\/strong><\/p>\n\n\n\n<p>Aron`s blenny<\/p>\n\n\n\n<p><em>Ecsenius aroni<\/em><\/p>\n<\/div>\n\n\n\n<div style=\"height:30px\" aria-hidden=\"true\" class=\"wp-block-spacer\"><\/div>\n\n\n\n<figure class=\"wp-block-image size-full\"><img loading=\"lazy\" decoding=\"async\" width=\"1024\" height=\"768\" src=\"https:\/\/alles-ueber-riffe.de\/wp-content\/uploads\/2025\/02\/Arons-Kammzaehner_1024x768.jpg\" alt=\"\" class=\"wp-image-9554\" srcset=\"https:\/\/alles-ueber-riffe.de\/wp-content\/uploads\/2025\/02\/Arons-Kammzaehner_1024x768.jpg 1024w, https:\/\/alles-ueber-riffe.de\/wp-content\/uploads\/2025\/02\/Arons-Kammzaehner_1024x768-300x225.jpg 300w, https:\/\/alles-ueber-riffe.de\/wp-content\/uploads\/2025\/02\/Arons-Kammzaehner_1024x768-768x576.jpg 768w\" sizes=\"auto, (max-width: 767px) 89vw, (max-width: 1000px) 54vw, (max-width: 1071px) 543px, 580px\" \/><figcaption class=\"wp-element-caption\">\u00a9 JStephan Moldzio<\/figcaption><\/figure>\n\n\n\n<hr class=\"wp-block-separator has-alpha-channel-opacity is-style-default\"\/>\n\n\n\n<p><strong>Gr\u00f6\u00dfe: <\/strong> bis 5,5 cm<\/p>\n\n\n\n<p><strong>Lebensraum:<\/strong> Korallenriffe<\/p>\n\n\n\n<p><strong>Vorkommen: <\/strong> endemisch im Roten Meer<\/p>\n\n\n\n<p><strong>Erkennungsmerkmale:<\/strong> Grundfarbe braun; dunkelblauer Kopf; schwarzer Fleck am Schwanzstil<\/p>\n\n\n\n<p><strong>Biologie &amp; Verhalten: <\/strong>Dieser scheue Kammz\u00e4hner macht es Fotografen nicht leicht. Kaum nimmt man ihn ins Visier verschwindet er in einem Loch.<\/p>\n\n\n\n<p>Wie alle Schleimfische der Gruppe der Kammz\u00e4hner frisst er pflanzliche Nahrung. Die Der werden am Substrat befestigt. Die Larven leben plaktonisch.<\/p>\n\n\n\n<p><strong>Bedrohungsstatus:<\/strong> Die Art wird auf der Roten Liste der IUCN als <mark style=\"background-color:rgba(0, 0, 0, 0)\" class=\"has-inline-color has-vivid-green-cyan-color\">\u201enicht gef\u00e4hrdet\u201c<\/mark> gef\u00fchrt.<\/p>\n\n\n\n<hr class=\"wp-block-separator has-alpha-channel-opacity is-style-default\"\/>\n\n\n\n<p><\/p>\n","protected":false},"excerpt":{"rendered":"<p>Arons Kammz\u00e4hner Aron`s blenny Ecsenius aroni Gr\u00f6\u00dfe: bis 5,5 cm Lebensraum: Korallenriffe Vorkommen: endemisch im Roten Meer Erkennungsmerkmale: Grundfarbe braun; dunkelblauer Kopf; schwarzer Fleck am Schwanzstil Biologie &amp; Verhalten: Dieser scheue Kammz\u00e4hner macht es Fotografen nicht leicht. Kaum nimmt man ihn ins Visier verschwindet er in einem Loch. Wie alle Schleimfische der Gruppe der Kammz\u00e4hner &hellip; <\/p>\n<p class=\"link-more\"><a href=\"https:\/\/alles-ueber-riffe.de\/?page_id=5725\" class=\"more-link\"><span class=\"screen-reader-text\">\u201eArons Kammz\u00e4hner\u201c<\/span> weiterlesen<\/a><\/p>\n","protected":false},"author":1,"featured_media":0,"parent":0,"menu_order":0,"comment_status":"closed","ping_status":"closed","template":"","meta":{"footnotes":""},"class_list":["post-5725","page","type-page","status-publish","hentry"],"_links":{"self":[{"href":"https:\/\/alles-ueber-riffe.de\/index.php?rest_route=\/wp\/v2\/pages\/5725","targetHints":{"allow":["GET"]}}],"collection":[{"href":"https:\/\/alles-ueber-riffe.de\/index.php?rest_route=\/wp\/v2\/pages"}],"about":[{"href":"https:\/\/alles-ueber-riffe.de\/index.php?rest_route=\/wp\/v2\/types\/page"}],"author":[{"embeddable":true,"href":"https:\/\/alles-ueber-riffe.de\/index.php?rest_route=\/wp\/v2\/users\/1"}],"replies":[{"embeddable":true,"href":"https:\/\/alles-ueber-riffe.de\/index.php?rest_route=%2Fwp%2Fv2%2Fcomments&post=5725"}],"version-history":[{"count":6,"href":"https:\/\/alles-ueber-riffe.de\/index.php?rest_route=\/wp\/v2\/pages\/5725\/revisions"}],"predecessor-version":[{"id":9558,"href":"https:\/\/alles-ueber-riffe.de\/index.php?rest_route=\/wp\/v2\/pages\/5725\/revisions\/9558"}],"wp:attachment":[{"href":"https:\/\/alles-ueber-riffe.de\/index.php?rest_route=%2Fwp%2Fv2%2Fmedia&parent=5725"}],"curies":[{"name":"wp","href":"https:\/\/api.w.org\/{rel}","templated":true}]}}