{"id":5723,"date":"2025-01-08T22:19:06","date_gmt":"2025-01-08T22:19:06","guid":{"rendered":"https:\/\/alles-ueber-riffe.de\/?page_id=5723"},"modified":"2025-02-12T22:00:51","modified_gmt":"2025-02-12T22:00:51","slug":"sternengucker-schlangenaal","status":"publish","type":"page","link":"https:\/\/alles-ueber-riffe.de\/?page_id=5723","title":{"rendered":"Sternengucker-Schlangenaal"},"content":{"rendered":"\n<div class=\"wp-block-group is-vertical is-layout-flex wp-container-core-group-is-layout-8cf370e7 wp-block-group-is-layout-flex\">\n<p><strong>Sternengucker-Schlangenaal<\/strong><\/p>\n\n\n\n<p>Stargazer snake eel<\/p>\n\n\n\n<p><em>Brachysomophis cirrocheilos<\/em><\/p>\n<\/div>\n\n\n\n<div style=\"height:30px\" aria-hidden=\"true\" class=\"wp-block-spacer\"><\/div>\n\n\n\n<figure class=\"wp-block-image size-full\"><img loading=\"lazy\" decoding=\"async\" width=\"1024\" height=\"768\" src=\"https:\/\/alles-ueber-riffe.de\/wp-content\/uploads\/2025\/02\/Sternengucker-Schlangenaal_1024x768.jpg\" alt=\"\" class=\"wp-image-9546\" srcset=\"https:\/\/alles-ueber-riffe.de\/wp-content\/uploads\/2025\/02\/Sternengucker-Schlangenaal_1024x768.jpg 1024w, https:\/\/alles-ueber-riffe.de\/wp-content\/uploads\/2025\/02\/Sternengucker-Schlangenaal_1024x768-300x225.jpg 300w, https:\/\/alles-ueber-riffe.de\/wp-content\/uploads\/2025\/02\/Sternengucker-Schlangenaal_1024x768-768x576.jpg 768w\" sizes=\"auto, (max-width: 767px) 89vw, (max-width: 1000px) 54vw, (max-width: 1071px) 543px, 580px\" \/><figcaption class=\"wp-element-caption\">\u00a9 Joris Rombouts<\/figcaption><\/figure>\n\n\n\n<hr class=\"wp-block-separator has-alpha-channel-opacity is-style-default\"\/>\n\n\n\n<p><strong>Gr\u00f6\u00dfe: <\/strong> bis 1,59 m<\/p>\n\n\n\n<p><strong>Lebensraum:<\/strong> Sand- und Schlammb\u00f6den u.a. in der N\u00e4he von Korallenriffen<\/p>\n\n\n\n<p><strong>Vorkommen:  <\/strong>von Ostafrika, Rotes Meer, Malediven, S\u00fcdjapan, Philippinen, Ostindonesien, Nordaustralien, Papua-Neuguinea<\/p>\n\n\n\n<p><strong>Erkennungsmerkmale:<\/strong> Grundfarbe dunkelbraun; Augen nach oben ausgerichtet<\/p>\n\n\n\n<p><strong>Biologie &amp; Verhalten: <\/strong>Der Einzelg\u00e4nger lebt im Sand vergraben. Nachts jagt er Krebse, Garnelen und Fische.<\/p>\n\n\n\n<p><strong>Bedrohungsstatus:<\/strong> Die Art wird auf der Roten Liste der IUCN als <mark style=\"background-color:rgba(0, 0, 0, 0)\" class=\"has-inline-color has-vivid-green-cyan-color\">\u201enicht gef\u00e4hrdet\u201c<\/mark> gef\u00fchrt.<\/p>\n\n\n\n<hr class=\"wp-block-separator has-alpha-channel-opacity is-style-default\"\/>\n\n\n\n<p><\/p>\n","protected":false},"excerpt":{"rendered":"<p>Sternengucker-Schlangenaal Stargazer snake eel Brachysomophis cirrocheilos Gr\u00f6\u00dfe: bis 1,59 m Lebensraum: Sand- und Schlammb\u00f6den u.a. in der N\u00e4he von Korallenriffen Vorkommen: von Ostafrika, Rotes Meer, Malediven, S\u00fcdjapan, Philippinen, Ostindonesien, Nordaustralien, Papua-Neuguinea Erkennungsmerkmale: Grundfarbe dunkelbraun; Augen nach oben ausgerichtet Biologie &amp; Verhalten: Der Einzelg\u00e4nger lebt im Sand vergraben. Nachts jagt er Krebse, Garnelen und Fische. Bedrohungsstatus: &hellip; <\/p>\n<p class=\"link-more\"><a href=\"https:\/\/alles-ueber-riffe.de\/?page_id=5723\" class=\"more-link\"><span class=\"screen-reader-text\">\u201eSternengucker-Schlangenaal\u201c<\/span> weiterlesen<\/a><\/p>\n","protected":false},"author":1,"featured_media":0,"parent":0,"menu_order":0,"comment_status":"closed","ping_status":"closed","template":"","meta":{"footnotes":""},"class_list":["post-5723","page","type-page","status-publish","hentry"],"_links":{"self":[{"href":"https:\/\/alles-ueber-riffe.de\/index.php?rest_route=\/wp\/v2\/pages\/5723","targetHints":{"allow":["GET"]}}],"collection":[{"href":"https:\/\/alles-ueber-riffe.de\/index.php?rest_route=\/wp\/v2\/pages"}],"about":[{"href":"https:\/\/alles-ueber-riffe.de\/index.php?rest_route=\/wp\/v2\/types\/page"}],"author":[{"embeddable":true,"href":"https:\/\/alles-ueber-riffe.de\/index.php?rest_route=\/wp\/v2\/users\/1"}],"replies":[{"embeddable":true,"href":"https:\/\/alles-ueber-riffe.de\/index.php?rest_route=%2Fwp%2Fv2%2Fcomments&post=5723"}],"version-history":[{"count":8,"href":"https:\/\/alles-ueber-riffe.de\/index.php?rest_route=\/wp\/v2\/pages\/5723\/revisions"}],"predecessor-version":[{"id":9552,"href":"https:\/\/alles-ueber-riffe.de\/index.php?rest_route=\/wp\/v2\/pages\/5723\/revisions\/9552"}],"wp:attachment":[{"href":"https:\/\/alles-ueber-riffe.de\/index.php?rest_route=%2Fwp%2Fv2%2Fmedia&parent=5723"}],"curies":[{"name":"wp","href":"https:\/\/api.w.org\/{rel}","templated":true}]}}