{"id":5721,"date":"2025-01-08T22:18:55","date_gmt":"2025-01-08T22:18:55","guid":{"rendered":"https:\/\/alles-ueber-riffe.de\/?page_id=5721"},"modified":"2025-02-12T21:58:10","modified_gmt":"2025-02-12T21:58:10","slug":"spitzschnautzen-schlangenaal","status":"publish","type":"page","link":"https:\/\/alles-ueber-riffe.de\/?page_id=5721","title":{"rendered":"Spitzschnautzen-Schlangenaal"},"content":{"rendered":"\n<div class=\"wp-block-group is-vertical is-layout-flex wp-container-core-group-is-layout-8cf370e7 wp-block-group-is-layout-flex\">\n<p><strong>Spitzschnautzen-Schlangenaal<\/strong><\/p>\n\n\n\n<p>Sharpsnout snake eel<\/p>\n\n\n\n<p><em>Apterichtus klazingai<\/em><\/p>\n<\/div>\n\n\n\n<div style=\"height:30px\" aria-hidden=\"true\" class=\"wp-block-spacer\"><\/div>\n\n\n\n<figure class=\"wp-block-image size-full\"><img loading=\"lazy\" decoding=\"async\" width=\"1024\" height=\"768\" src=\"https:\/\/alles-ueber-riffe.de\/wp-content\/uploads\/2025\/02\/Spitzschnautzen-Schlangenaal_1024x768.jpg\" alt=\"\" class=\"wp-image-9540\" srcset=\"https:\/\/alles-ueber-riffe.de\/wp-content\/uploads\/2025\/02\/Spitzschnautzen-Schlangenaal_1024x768.jpg 1024w, https:\/\/alles-ueber-riffe.de\/wp-content\/uploads\/2025\/02\/Spitzschnautzen-Schlangenaal_1024x768-300x225.jpg 300w, https:\/\/alles-ueber-riffe.de\/wp-content\/uploads\/2025\/02\/Spitzschnautzen-Schlangenaal_1024x768-768x576.jpg 768w\" sizes=\"auto, (max-width: 767px) 89vw, (max-width: 1000px) 54vw, (max-width: 1071px) 543px, 580px\" \/><figcaption class=\"wp-element-caption\">\u00a9 Joris Rombouts<\/figcaption><\/figure>\n\n\n\n<hr class=\"wp-block-separator has-alpha-channel-opacity is-style-default\"\/>\n\n\n\n<p><strong>Gr\u00f6\u00dfe: <\/strong> bis 40 cm<\/p>\n\n\n\n<p><strong>Lebensraum:<\/strong> Sandb\u00f6den u.a. in der N\u00e4he von Korallenriffen<\/p>\n\n\n\n<p><strong>Vorkommen:  <\/strong>von Ostafrika, Malediven, ganz S\u00fcdostasien, Nordaustralien, Papua-Neuguinea, Ozeanien bis Hawaii<\/p>\n\n\n\n<p><strong>Erkennungsmerkmale:<\/strong> spitze Schnauze<\/p>\n\n\n\n<p><strong>Biologie &amp; Verhalten: <\/strong> Dieser kleine Schlangenaal lebt als Einzelg\u00e4nger im Sand vergraben. Wenn er Krebse, Garnelen oder Fische jagt, verl\u00e4sst er sein Versteck.<\/p>\n\n\n\n<p><strong>Bedrohungsstatus:<\/strong> Die Art wird auf der Roten Liste der IUCN als <mark style=\"background-color:rgba(0, 0, 0, 0)\" class=\"has-inline-color has-vivid-green-cyan-color\">\u201enicht gef\u00e4hrdet\u201c<\/mark> gef\u00fchrt.<\/p>\n\n\n\n<hr class=\"wp-block-separator has-alpha-channel-opacity is-style-default\"\/>\n\n\n\n<p><\/p>\n","protected":false},"excerpt":{"rendered":"<p>Spitzschnautzen-Schlangenaal Sharpsnout snake eel Apterichtus klazingai Gr\u00f6\u00dfe: bis 40 cm Lebensraum: Sandb\u00f6den u.a. in der N\u00e4he von Korallenriffen Vorkommen: von Ostafrika, Malediven, ganz S\u00fcdostasien, Nordaustralien, Papua-Neuguinea, Ozeanien bis Hawaii Erkennungsmerkmale: spitze Schnauze Biologie &amp; Verhalten: Dieser kleine Schlangenaal lebt als Einzelg\u00e4nger im Sand vergraben. Wenn er Krebse, Garnelen oder Fische jagt, verl\u00e4sst er sein Versteck. &hellip; <\/p>\n<p class=\"link-more\"><a href=\"https:\/\/alles-ueber-riffe.de\/?page_id=5721\" class=\"more-link\"><span class=\"screen-reader-text\">\u201eSpitzschnautzen-Schlangenaal\u201c<\/span> weiterlesen<\/a><\/p>\n","protected":false},"author":1,"featured_media":0,"parent":0,"menu_order":0,"comment_status":"closed","ping_status":"closed","template":"","meta":{"footnotes":""},"class_list":["post-5721","page","type-page","status-publish","hentry"],"_links":{"self":[{"href":"https:\/\/alles-ueber-riffe.de\/index.php?rest_route=\/wp\/v2\/pages\/5721","targetHints":{"allow":["GET"]}}],"collection":[{"href":"https:\/\/alles-ueber-riffe.de\/index.php?rest_route=\/wp\/v2\/pages"}],"about":[{"href":"https:\/\/alles-ueber-riffe.de\/index.php?rest_route=\/wp\/v2\/types\/page"}],"author":[{"embeddable":true,"href":"https:\/\/alles-ueber-riffe.de\/index.php?rest_route=\/wp\/v2\/users\/1"}],"replies":[{"embeddable":true,"href":"https:\/\/alles-ueber-riffe.de\/index.php?rest_route=%2Fwp%2Fv2%2Fcomments&post=5721"}],"version-history":[{"count":5,"href":"https:\/\/alles-ueber-riffe.de\/index.php?rest_route=\/wp\/v2\/pages\/5721\/revisions"}],"predecessor-version":[{"id":9543,"href":"https:\/\/alles-ueber-riffe.de\/index.php?rest_route=\/wp\/v2\/pages\/5721\/revisions\/9543"}],"wp:attachment":[{"href":"https:\/\/alles-ueber-riffe.de\/index.php?rest_route=%2Fwp%2Fv2%2Fmedia&parent=5721"}],"curies":[{"name":"wp","href":"https:\/\/api.w.org\/{rel}","templated":true}]}}