{"id":5708,"date":"2025-01-08T22:17:42","date_gmt":"2025-01-08T22:17:42","guid":{"rendered":"https:\/\/alles-ueber-riffe.de\/?page_id=5708"},"modified":"2025-02-12T21:37:14","modified_gmt":"2025-02-12T21:37:14","slug":"krokodil-schlangenaal","status":"publish","type":"page","link":"https:\/\/alles-ueber-riffe.de\/?page_id=5708","title":{"rendered":"Krokodil-Schlangenaal"},"content":{"rendered":"\n<div class=\"wp-block-group is-vertical is-layout-flex wp-container-core-group-is-layout-8cf370e7 wp-block-group-is-layout-flex\">\n<p><strong>Krokodil-Schlangenaal<\/strong><\/p>\n\n\n\n<p>Reptilian snake eel<\/p>\n\n\n\n<p><em>Brachysomophis henshawi<\/em><em><\/em><\/p>\n<\/div>\n\n\n\n<div style=\"height:30px\" aria-hidden=\"true\" class=\"wp-block-spacer\"><\/div>\n\n\n\n<figure class=\"wp-block-image size-full\"><img loading=\"lazy\" decoding=\"async\" width=\"1024\" height=\"768\" src=\"https:\/\/alles-ueber-riffe.de\/wp-content\/uploads\/2025\/02\/Krokodil-Schlangenaal_1024x768.jpg\" alt=\"\" class=\"wp-image-9504\" srcset=\"https:\/\/alles-ueber-riffe.de\/wp-content\/uploads\/2025\/02\/Krokodil-Schlangenaal_1024x768.jpg 1024w, https:\/\/alles-ueber-riffe.de\/wp-content\/uploads\/2025\/02\/Krokodil-Schlangenaal_1024x768-300x225.jpg 300w, https:\/\/alles-ueber-riffe.de\/wp-content\/uploads\/2025\/02\/Krokodil-Schlangenaal_1024x768-768x576.jpg 768w\" sizes=\"auto, (max-width: 767px) 89vw, (max-width: 1000px) 54vw, (max-width: 1071px) 543px, 580px\" \/><figcaption class=\"wp-element-caption\">\u00a9 Heinz Krimmer<\/figcaption><\/figure>\n\n\n\n<hr class=\"wp-block-separator has-alpha-channel-opacity is-style-default\"\/>\n\n\n\n<p><strong>Gr\u00f6\u00dfe: <\/strong> bis 1,01 m<\/p>\n\n\n\n<p><strong>Lebensraum:<\/strong> Sandb\u00f6den u.a. in der N\u00e4he von Korallenriffe<\/p>\n\n\n\n<p><strong>Vorkommen:  <\/strong>Malediven, S\u00fcdjapan, Ostindonesien, Philippinen, Nordaustralien, Papua-Neuguinea, Ozeanien bis Hawaii<\/p>\n\n\n\n<p><strong>Erkennungsmerkmale:<\/strong> Grundfarbe rot bis wei\u00df oder wei\u00df rot gefleckt; hervorstehende Augen<\/p>\n\n\n\n<p><strong>Biologie &amp; Verhalten: <\/strong> Der Einzelg\u00e4nger lebt in seinem Versteck im Sand, das er selbst nachts selten ganz verl\u00e4sst. Frisst Fische und Krebse.<\/p>\n\n\n\n<p><strong>Bedrohungsstatus:<\/strong> Die Art wird auf der Roten Liste der IUCN als <mark style=\"background-color:rgba(0, 0, 0, 0)\" class=\"has-inline-color has-vivid-green-cyan-color\">\u201enicht gef\u00e4hrdet\u201c<\/mark> gef\u00fchrt.<\/p>\n\n\n\n<hr class=\"wp-block-separator has-alpha-channel-opacity is-style-default\"\/>\n\n\n\n<p><\/p>\n","protected":false},"excerpt":{"rendered":"<p>Krokodil-Schlangenaal Reptilian snake eel Brachysomophis henshawi Gr\u00f6\u00dfe: bis 1,01 m Lebensraum: Sandb\u00f6den u.a. in der N\u00e4he von Korallenriffe Vorkommen: Malediven, S\u00fcdjapan, Ostindonesien, Philippinen, Nordaustralien, Papua-Neuguinea, Ozeanien bis Hawaii Erkennungsmerkmale: Grundfarbe rot bis wei\u00df oder wei\u00df rot gefleckt; hervorstehende Augen Biologie &amp; Verhalten: Der Einzelg\u00e4nger lebt in seinem Versteck im Sand, das er selbst nachts selten &hellip; <\/p>\n<p class=\"link-more\"><a href=\"https:\/\/alles-ueber-riffe.de\/?page_id=5708\" class=\"more-link\"><span class=\"screen-reader-text\">\u201eKrokodil-Schlangenaal\u201c<\/span> weiterlesen<\/a><\/p>\n","protected":false},"author":1,"featured_media":0,"parent":0,"menu_order":0,"comment_status":"closed","ping_status":"closed","template":"","meta":{"footnotes":""},"class_list":["post-5708","page","type-page","status-publish","hentry"],"_links":{"self":[{"href":"https:\/\/alles-ueber-riffe.de\/index.php?rest_route=\/wp\/v2\/pages\/5708","targetHints":{"allow":["GET"]}}],"collection":[{"href":"https:\/\/alles-ueber-riffe.de\/index.php?rest_route=\/wp\/v2\/pages"}],"about":[{"href":"https:\/\/alles-ueber-riffe.de\/index.php?rest_route=\/wp\/v2\/types\/page"}],"author":[{"embeddable":true,"href":"https:\/\/alles-ueber-riffe.de\/index.php?rest_route=\/wp\/v2\/users\/1"}],"replies":[{"embeddable":true,"href":"https:\/\/alles-ueber-riffe.de\/index.php?rest_route=%2Fwp%2Fv2%2Fcomments&post=5708"}],"version-history":[{"count":4,"href":"https:\/\/alles-ueber-riffe.de\/index.php?rest_route=\/wp\/v2\/pages\/5708\/revisions"}],"predecessor-version":[{"id":9507,"href":"https:\/\/alles-ueber-riffe.de\/index.php?rest_route=\/wp\/v2\/pages\/5708\/revisions\/9507"}],"wp:attachment":[{"href":"https:\/\/alles-ueber-riffe.de\/index.php?rest_route=%2Fwp%2Fv2%2Fmedia&parent=5708"}],"curies":[{"name":"wp","href":"https:\/\/api.w.org\/{rel}","templated":true}]}}