{"id":5705,"date":"2025-01-08T22:17:32","date_gmt":"2025-01-08T22:17:32","guid":{"rendered":"https:\/\/alles-ueber-riffe.de\/?page_id=5705"},"modified":"2025-02-14T18:11:37","modified_gmt":"2025-02-14T18:11:37","slug":"gefleckter-schlangenaal","status":"publish","type":"page","link":"https:\/\/alles-ueber-riffe.de\/?page_id=5705","title":{"rendered":"Gefleckter Schlangenaal"},"content":{"rendered":"\n<div class=\"wp-block-group is-vertical is-layout-flex wp-container-core-group-is-layout-8cf370e7 wp-block-group-is-layout-flex\">\n<p><strong>Gefleckter Schlangenaal<\/strong><\/p>\n\n\n\n<p>Tiger snake eel<\/p>\n\n\n\n<p><em>Myrichthys maculosus<\/em><\/p>\n<\/div>\n\n\n\n<div style=\"height:30px\" aria-hidden=\"true\" class=\"wp-block-spacer\"><\/div>\n\n\n\n<figure class=\"wp-block-video\"><video height=\"576\" style=\"aspect-ratio: 1024 \/ 576;\" width=\"1024\" controls src=\"https:\/\/alles-ueber-riffe.de\/wp-content\/uploads\/2025\/02\/Gefleckter-Schlangenaal-Kopie.mp4\"><\/video><figcaption class=\"wp-element-caption\">\u00a9 Heinz Krimmer<\/figcaption><\/figure>\n\n\n\n<hr class=\"wp-block-separator has-alpha-channel-opacity is-style-default\"\/>\n\n\n\n<p><strong>Gr\u00f6\u00dfe: <\/strong> bis 100 cm<\/p>\n\n\n\n<p><strong>Lebensraum:<\/strong> Sand- und Schlammb\u00f6den, Seegraswiesen in der N\u00e4he von Korallenriffen<\/p>\n\n\n\n<p><strong>Vorkommen:  <\/strong>von Ostafrika, Rotes Meer, Oman, S\u00fcdjapan, ganz S\u00fcdostasien, Nordaustralien, Papua-Neuguinea, Ozeanien au\u00dfer Hawaii<\/p>\n\n\n\n<p><strong>Erkennungsmerkmale:<\/strong> Grundfarbe wei\u00df bis hellgelb; zahlreiche gro\u00dfe, schwarze Punkte<\/p>\n\n\n\n<p><strong>Biologie &amp; Verhalten: <\/strong> Der Einzelg\u00e4nger gr\u00e4bt sich mit seinem Schwanz zuerst in den Sand ein. Au\u00dferhalb seines Versteckes sieht man ihn meistens nachts, seltener tags\u00fcber, beim Jagen nach im Sand lebenden Wirbellosen und kleinen Fischen. Der Film zeigt einen Gefleckten Schlangenaal beim Suchen nach Beute.<\/p>\n\n\n\n<p><strong>Bedrohungsstatus:<\/strong> Die Art wird auf der Roten Liste der IUCN als <mark style=\"background-color:rgba(0, 0, 0, 0)\" class=\"has-inline-color has-vivid-green-cyan-color\">\u201enicht gef\u00e4hrdet\u201c<\/mark> gef\u00fchrt.<\/p>\n\n\n\n<hr class=\"wp-block-separator has-alpha-channel-opacity is-style-default\"\/>\n\n\n\n<p><\/p>\n","protected":false},"excerpt":{"rendered":"<p>Gefleckter Schlangenaal Tiger snake eel Myrichthys maculosus Gr\u00f6\u00dfe: bis 100 cm Lebensraum: Sand- und Schlammb\u00f6den, Seegraswiesen in der N\u00e4he von Korallenriffen Vorkommen: von Ostafrika, Rotes Meer, Oman, S\u00fcdjapan, ganz S\u00fcdostasien, Nordaustralien, Papua-Neuguinea, Ozeanien au\u00dfer Hawaii Erkennungsmerkmale: Grundfarbe wei\u00df bis hellgelb; zahlreiche gro\u00dfe, schwarze Punkte Biologie &amp; Verhalten: Der Einzelg\u00e4nger gr\u00e4bt sich mit seinem Schwanz zuerst &hellip; <\/p>\n<p class=\"link-more\"><a href=\"https:\/\/alles-ueber-riffe.de\/?page_id=5705\" class=\"more-link\"><span class=\"screen-reader-text\">\u201eGefleckter Schlangenaal\u201c<\/span> weiterlesen<\/a><\/p>\n","protected":false},"author":1,"featured_media":0,"parent":0,"menu_order":0,"comment_status":"closed","ping_status":"closed","template":"","meta":{"footnotes":""},"class_list":["post-5705","page","type-page","status-publish","hentry"],"_links":{"self":[{"href":"https:\/\/alles-ueber-riffe.de\/index.php?rest_route=\/wp\/v2\/pages\/5705","targetHints":{"allow":["GET"]}}],"collection":[{"href":"https:\/\/alles-ueber-riffe.de\/index.php?rest_route=\/wp\/v2\/pages"}],"about":[{"href":"https:\/\/alles-ueber-riffe.de\/index.php?rest_route=\/wp\/v2\/types\/page"}],"author":[{"embeddable":true,"href":"https:\/\/alles-ueber-riffe.de\/index.php?rest_route=\/wp\/v2\/users\/1"}],"replies":[{"embeddable":true,"href":"https:\/\/alles-ueber-riffe.de\/index.php?rest_route=%2Fwp%2Fv2%2Fcomments&post=5705"}],"version-history":[{"count":5,"href":"https:\/\/alles-ueber-riffe.de\/index.php?rest_route=\/wp\/v2\/pages\/5705\/revisions"}],"predecessor-version":[{"id":9653,"href":"https:\/\/alles-ueber-riffe.de\/index.php?rest_route=\/wp\/v2\/pages\/5705\/revisions\/9653"}],"wp:attachment":[{"href":"https:\/\/alles-ueber-riffe.de\/index.php?rest_route=%2Fwp%2Fv2%2Fmedia&parent=5705"}],"curies":[{"name":"wp","href":"https:\/\/api.w.org\/{rel}","templated":true}]}}