{"id":5703,"date":"2025-01-08T22:17:20","date_gmt":"2025-01-08T22:17:20","guid":{"rendered":"https:\/\/alles-ueber-riffe.de\/?page_id=5703"},"modified":"2025-02-12T21:21:16","modified_gmt":"2025-02-12T21:21:16","slug":"seeigel-schildbauch","status":"publish","type":"page","link":"https:\/\/alles-ueber-riffe.de\/?page_id=5703","title":{"rendered":"Seeigel-Schildbauch"},"content":{"rendered":"\n<div class=\"wp-block-group is-vertical is-layout-flex wp-container-core-group-is-layout-8cf370e7 wp-block-group-is-layout-flex\">\n<p><strong>Seeigel-Schildbauch<\/strong><\/p>\n\n\n\n<p>Urchin clingfish<em><\/em><\/p>\n\n\n\n<p><em>Diademichthys lineatus<\/em><\/p>\n<\/div>\n\n\n\n<div style=\"height:30px\" aria-hidden=\"true\" class=\"wp-block-spacer\"><\/div>\n\n\n\n<figure class=\"wp-block-image size-full\"><img loading=\"lazy\" decoding=\"async\" width=\"1024\" height=\"768\" src=\"https:\/\/alles-ueber-riffe.de\/wp-content\/uploads\/2025\/02\/Seeigel-Schildbauch_1024x768.jpg\" alt=\"\" class=\"wp-image-9491\" srcset=\"https:\/\/alles-ueber-riffe.de\/wp-content\/uploads\/2025\/02\/Seeigel-Schildbauch_1024x768.jpg 1024w, https:\/\/alles-ueber-riffe.de\/wp-content\/uploads\/2025\/02\/Seeigel-Schildbauch_1024x768-300x225.jpg 300w, https:\/\/alles-ueber-riffe.de\/wp-content\/uploads\/2025\/02\/Seeigel-Schildbauch_1024x768-768x576.jpg 768w\" sizes=\"auto, (max-width: 767px) 89vw, (max-width: 1000px) 54vw, (max-width: 1071px) 543px, 580px\" \/><figcaption class=\"wp-element-caption\">\u00a9 Joris Rombouts<\/figcaption><\/figure>\n\n\n\n<hr class=\"wp-block-separator has-alpha-channel-opacity is-style-default\"\/>\n\n\n\n<p><strong>Gr\u00f6\u00dfe: <\/strong> bis 5 cm<\/p>\n\n\n\n<p><strong>Lebensraum:<\/strong> Korallenriffe<\/p>\n\n\n\n<p><strong>Vorkommen:  <\/strong>von Ostafrika, Oman, S\u00fcdjapan, Philippinen, Indonesien, Nordaustralien, Papua-Neuguinea, Ozeanien bis Fidschi<\/p>\n\n\n\n<p><strong>Erkennungsmerkmale:<\/strong> Grundfarbe rot bis dunkelbraun; zwei wei\u00dfe L\u00e4ngsreifen<\/p>\n\n\n\n<p><strong>Biologie &amp; Verhalten: <\/strong> Den Seeigel-Schildbauch entdeckt man oft zwischen den Stacheln von Seeigeln. Vermutlich bieten diese ihm Schutz vor Fressfeinden. Leider dankt er es dem Seeigel nicht, sondern ern\u00e4hrt sich von ihm. Juvenile Tieren fressen die kleinen \u00c4rmchen zwischen den Stacheln, adulte Tiere die F\u00fc\u00dfe. Allerdings fressen sie auch in Korallen lebende Muscheln und Eier von Garnelen.<\/p>\n\n\n\n<p><strong>Bedrohungsstatus:<\/strong> Die Art wird auf der Roten Liste der IUCN als <mark style=\"background-color:rgba(0, 0, 0, 0)\" class=\"has-inline-color has-vivid-green-cyan-color\">\u201enicht gef\u00e4hrdet\u201c<\/mark> gef\u00fchrt.<\/p>\n\n\n\n<hr class=\"wp-block-separator has-alpha-channel-opacity is-style-default\"\/>\n\n\n\n<p><\/p>\n","protected":false},"excerpt":{"rendered":"<p>Seeigel-Schildbauch Urchin clingfish Diademichthys lineatus Gr\u00f6\u00dfe: bis 5 cm Lebensraum: Korallenriffe Vorkommen: von Ostafrika, Oman, S\u00fcdjapan, Philippinen, Indonesien, Nordaustralien, Papua-Neuguinea, Ozeanien bis Fidschi Erkennungsmerkmale: Grundfarbe rot bis dunkelbraun; zwei wei\u00dfe L\u00e4ngsreifen Biologie &amp; Verhalten: Den Seeigel-Schildbauch entdeckt man oft zwischen den Stacheln von Seeigeln. Vermutlich bieten diese ihm Schutz vor Fressfeinden. Leider dankt er es &hellip; <\/p>\n<p class=\"link-more\"><a href=\"https:\/\/alles-ueber-riffe.de\/?page_id=5703\" class=\"more-link\"><span class=\"screen-reader-text\">\u201eSeeigel-Schildbauch\u201c<\/span> weiterlesen<\/a><\/p>\n","protected":false},"author":1,"featured_media":0,"parent":0,"menu_order":0,"comment_status":"closed","ping_status":"closed","template":"","meta":{"footnotes":""},"class_list":["post-5703","page","type-page","status-publish","hentry"],"_links":{"self":[{"href":"https:\/\/alles-ueber-riffe.de\/index.php?rest_route=\/wp\/v2\/pages\/5703","targetHints":{"allow":["GET"]}}],"collection":[{"href":"https:\/\/alles-ueber-riffe.de\/index.php?rest_route=\/wp\/v2\/pages"}],"about":[{"href":"https:\/\/alles-ueber-riffe.de\/index.php?rest_route=\/wp\/v2\/types\/page"}],"author":[{"embeddable":true,"href":"https:\/\/alles-ueber-riffe.de\/index.php?rest_route=\/wp\/v2\/users\/1"}],"replies":[{"embeddable":true,"href":"https:\/\/alles-ueber-riffe.de\/index.php?rest_route=%2Fwp%2Fv2%2Fcomments&post=5703"}],"version-history":[{"count":4,"href":"https:\/\/alles-ueber-riffe.de\/index.php?rest_route=\/wp\/v2\/pages\/5703\/revisions"}],"predecessor-version":[{"id":9493,"href":"https:\/\/alles-ueber-riffe.de\/index.php?rest_route=\/wp\/v2\/pages\/5703\/revisions\/9493"}],"wp:attachment":[{"href":"https:\/\/alles-ueber-riffe.de\/index.php?rest_route=%2Fwp%2Fv2%2Fmedia&parent=5703"}],"curies":[{"name":"wp","href":"https:\/\/api.w.org\/{rel}","templated":true}]}}