{"id":5701,"date":"2025-01-08T22:17:10","date_gmt":"2025-01-08T22:17:10","guid":{"rendered":"https:\/\/alles-ueber-riffe.de\/?page_id=5701"},"modified":"2025-02-12T21:17:43","modified_gmt":"2025-02-12T21:17:43","slug":"haarstern-schildbauch","status":"publish","type":"page","link":"https:\/\/alles-ueber-riffe.de\/?page_id=5701","title":{"rendered":"Haarstern-Schildbauch"},"content":{"rendered":"\n<div class=\"wp-block-group is-vertical is-layout-flex wp-container-core-group-is-layout-8cf370e7 wp-block-group-is-layout-flex\">\n<p><strong>Haarstern-Schildbauch<\/strong><\/p>\n\n\n\n<p>Crinoid clingfish<\/p>\n\n\n\n<p><em>Discotrema crinophila<\/em><\/p>\n<\/div>\n\n\n\n<div style=\"height:30px\" aria-hidden=\"true\" class=\"wp-block-spacer\"><\/div>\n\n\n\n<figure class=\"wp-block-image size-full\"><img loading=\"lazy\" decoding=\"async\" width=\"1024\" height=\"768\" src=\"https:\/\/alles-ueber-riffe.de\/wp-content\/uploads\/2025\/02\/Haarstern-Schildbauch_1024x768-2.jpg\" alt=\"\" class=\"wp-image-9484\" srcset=\"https:\/\/alles-ueber-riffe.de\/wp-content\/uploads\/2025\/02\/Haarstern-Schildbauch_1024x768-2.jpg 1024w, https:\/\/alles-ueber-riffe.de\/wp-content\/uploads\/2025\/02\/Haarstern-Schildbauch_1024x768-2-300x225.jpg 300w, https:\/\/alles-ueber-riffe.de\/wp-content\/uploads\/2025\/02\/Haarstern-Schildbauch_1024x768-2-768x576.jpg 768w\" sizes=\"auto, (max-width: 767px) 89vw, (max-width: 1000px) 54vw, (max-width: 1071px) 543px, 580px\" \/><figcaption class=\"wp-element-caption\">\u00a9 Joris Rombouts<\/figcaption><\/figure>\n\n\n\n<figure class=\"wp-block-image size-full\"><img loading=\"lazy\" decoding=\"async\" width=\"1024\" height=\"768\" src=\"https:\/\/alles-ueber-riffe.de\/wp-content\/uploads\/2025\/02\/Haarstern-Schildbauch_1024x768.jpg\" alt=\"\" class=\"wp-image-9488\" srcset=\"https:\/\/alles-ueber-riffe.de\/wp-content\/uploads\/2025\/02\/Haarstern-Schildbauch_1024x768.jpg 1024w, https:\/\/alles-ueber-riffe.de\/wp-content\/uploads\/2025\/02\/Haarstern-Schildbauch_1024x768-300x225.jpg 300w, https:\/\/alles-ueber-riffe.de\/wp-content\/uploads\/2025\/02\/Haarstern-Schildbauch_1024x768-768x576.jpg 768w\" sizes=\"auto, (max-width: 767px) 89vw, (max-width: 1000px) 54vw, (max-width: 1071px) 543px, 580px\" \/><figcaption class=\"wp-element-caption\">\u00a9 Joris Rombouts<\/figcaption><\/figure>\n\n\n\n<hr class=\"wp-block-separator has-alpha-channel-opacity is-style-default\"\/>\n\n\n\n<p><strong>Gr\u00f6\u00dfe: <\/strong> bis 5 cm<\/p>\n\n\n\n<p><strong>Lebensraum:<\/strong> Korallenriffe<\/p>\n\n\n\n<p><strong>Vorkommen:  <\/strong>S\u00fcdjapan, Philippinen, Indonesien, Nordaustralien, Papua-Neuguinea, Ozeanien bis Fidschi<\/p>\n\n\n\n<p><strong>Erkennungsmerkmale:<\/strong> Grundfarbe variabel von gelb bis schwarz<\/p>\n\n\n\n<p><strong>Biologie &amp; Verhalten: <\/strong> Der Haarstern-Schildbauch lebt vorzugsweise zwischen Haarsternen. Er h\u00e4lt sich mit seinen Brustflossen an den Armen des Haarsternes fest. Sein \u00c4u\u00dferes passt er der jeweiligen Farbe des Haarsterns an. Die Art der Symbiose mit den Haarsternen wird als\u00a0Kommensalismus\u00a0bezeichnet. Kommensalismus bedeutet, dass die Beziehung f\u00fcr eine Art positiv f\u00fcr die anderen neutral ist.<\/p>\n\n\n\n<p><strong>Bedrohungsstatus:<\/strong> Die Art wird auf der Roten Liste der IUCN als <mark style=\"background-color:rgba(0, 0, 0, 0)\" class=\"has-inline-color has-vivid-green-cyan-color\">\u201enicht gef\u00e4hrdet\u201c<\/mark> gef\u00fchrt.<\/p>\n\n\n\n<hr class=\"wp-block-separator has-alpha-channel-opacity is-style-default\"\/>\n\n\n\n<p><\/p>\n","protected":false},"excerpt":{"rendered":"<p>Haarstern-Schildbauch Crinoid clingfish Discotrema crinophila Gr\u00f6\u00dfe: bis 5 cm Lebensraum: Korallenriffe Vorkommen: S\u00fcdjapan, Philippinen, Indonesien, Nordaustralien, Papua-Neuguinea, Ozeanien bis Fidschi Erkennungsmerkmale: Grundfarbe variabel von gelb bis schwarz Biologie &amp; Verhalten: Der Haarstern-Schildbauch lebt vorzugsweise zwischen Haarsternen. Er h\u00e4lt sich mit seinen Brustflossen an den Armen des Haarsternes fest. Sein \u00c4u\u00dferes passt er der jeweiligen Farbe &hellip; <\/p>\n<p class=\"link-more\"><a href=\"https:\/\/alles-ueber-riffe.de\/?page_id=5701\" class=\"more-link\"><span class=\"screen-reader-text\">\u201eHaarstern-Schildbauch\u201c<\/span> weiterlesen<\/a><\/p>\n","protected":false},"author":1,"featured_media":0,"parent":0,"menu_order":0,"comment_status":"closed","ping_status":"closed","template":"","meta":{"footnotes":""},"class_list":["post-5701","page","type-page","status-publish","hentry"],"_links":{"self":[{"href":"https:\/\/alles-ueber-riffe.de\/index.php?rest_route=\/wp\/v2\/pages\/5701","targetHints":{"allow":["GET"]}}],"collection":[{"href":"https:\/\/alles-ueber-riffe.de\/index.php?rest_route=\/wp\/v2\/pages"}],"about":[{"href":"https:\/\/alles-ueber-riffe.de\/index.php?rest_route=\/wp\/v2\/types\/page"}],"author":[{"embeddable":true,"href":"https:\/\/alles-ueber-riffe.de\/index.php?rest_route=\/wp\/v2\/users\/1"}],"replies":[{"embeddable":true,"href":"https:\/\/alles-ueber-riffe.de\/index.php?rest_route=%2Fwp%2Fv2%2Fcomments&post=5701"}],"version-history":[{"count":5,"href":"https:\/\/alles-ueber-riffe.de\/index.php?rest_route=\/wp\/v2\/pages\/5701\/revisions"}],"predecessor-version":[{"id":9489,"href":"https:\/\/alles-ueber-riffe.de\/index.php?rest_route=\/wp\/v2\/pages\/5701\/revisions\/9489"}],"wp:attachment":[{"href":"https:\/\/alles-ueber-riffe.de\/index.php?rest_route=%2Fwp%2Fv2%2Fmedia&parent=5701"}],"curies":[{"name":"wp","href":"https:\/\/api.w.org\/{rel}","templated":true}]}}