{"id":5699,"date":"2025-01-08T22:16:58","date_gmt":"2025-01-08T22:16:58","guid":{"rendered":"https:\/\/alles-ueber-riffe.de\/?page_id=5699"},"modified":"2025-02-09T22:32:22","modified_gmt":"2025-02-09T22:32:22","slug":"gestreifter-schiffshalter","status":"publish","type":"page","link":"https:\/\/alles-ueber-riffe.de\/?page_id=5699","title":{"rendered":"Gestreifter Schiffshalter"},"content":{"rendered":"\n<div class=\"wp-block-group is-vertical is-layout-flex wp-container-core-group-is-layout-8cf370e7 wp-block-group-is-layout-flex\">\n<p><strong>Gestreifter Schiffshalter<\/strong><\/p>\n\n\n\n<p>Live sharksucker<\/p>\n\n\n\n<p><em>Echeneis naucrates<\/em><\/p>\n<\/div>\n\n\n\n<div style=\"height:30px\" aria-hidden=\"true\" class=\"wp-block-spacer\"><\/div>\n\n\n\n<figure class=\"wp-block-video\"><video height=\"576\" style=\"aspect-ratio: 1024 \/ 576;\" width=\"1024\" controls src=\"https:\/\/alles-ueber-riffe.de\/wp-content\/uploads\/2025\/02\/Gestreifter-Schiffshalter.mp4\"><\/video><figcaption class=\"wp-element-caption\">\u00a9 Heinz Krimmer<\/figcaption><\/figure>\n\n\n\n<hr class=\"wp-block-separator has-alpha-channel-opacity is-style-default\"\/>\n\n\n\n<p><strong>Gr\u00f6\u00dfe: <\/strong> bis 1,10 m<\/p>\n\n\n\n<p><strong>Lebensraum:<\/strong> leben immer mit gr\u00f6\u00dferen Tieren zusammen, an denen sie sich festsaugen<\/p>\n\n\n\n<p><strong>Vorkommen:  <\/strong>in allen tropischen und subtropischen Bereichen des Atlantik und des Pazifik, einschliesslich der Nebenmeer Rotes Meer und Persischer Golf<\/p>\n\n\n\n<p><strong>Erkennungsmerkmale:<\/strong> breiter, schwarzer Seitenstreifen, der von wei\u00dfen Linien eingefasst ist; Saugscheibe am Hinterkopf<\/p>\n\n\n\n<p><strong>Biologie &amp; Verhalten: <\/strong> Als blinder Passagier durch die Ozeane unseres Planeten ist das Motto dieses au\u00dfergew\u00f6hnlichen Fisches. Er saugt sich an allem fest, was gr\u00f6\u00dfer ist: Haie, Schildkr\u00f6ten, Wale, Delfine, Schiffe und wenn wir ihn lassen auch an uns Menschen.<\/p>\n\n\n\n<p>Sie fressen kleine Fische, Reste der Malzeiten und Parasiten ihrer lebenden Transportmittel. Kleine juvenile Tiere wurden dabei beobachtet, wie sie im Riff gr\u00f6\u00dfere Fische putzten.<\/p>\n\n\n\n<p>Eingeborene in Asien haben eine interessante Fischfangmethode entwickelt. Sie binden an dem Schiffshalter eine Leine fest und lassen ihn wieder frei. Hat er sich an einem gr\u00f6\u00dferen Tier festgesaugt, holen sie beide Tiere ein.<\/p>\n\n\n\n<p><strong>Bedrohungsstatus:<\/strong> Die Art wird auf der Roten Liste der IUCN als <mark style=\"background-color:rgba(0, 0, 0, 0)\" class=\"has-inline-color has-vivid-green-cyan-color\">\u201enicht gef\u00e4hrdet\u201c<\/mark> gef\u00fchrt.<\/p>\n\n\n\n<hr class=\"wp-block-separator has-alpha-channel-opacity is-style-default\"\/>\n\n\n\n<p><\/p>\n","protected":false},"excerpt":{"rendered":"<p>Gestreifter Schiffshalter Live sharksucker Echeneis naucrates Gr\u00f6\u00dfe: bis 1,10 m Lebensraum: leben immer mit gr\u00f6\u00dferen Tieren zusammen, an denen sie sich festsaugen Vorkommen: in allen tropischen und subtropischen Bereichen des Atlantik und des Pazifik, einschliesslich der Nebenmeer Rotes Meer und Persischer Golf Erkennungsmerkmale: breiter, schwarzer Seitenstreifen, der von wei\u00dfen Linien eingefasst ist; Saugscheibe am Hinterkopf &hellip; <\/p>\n<p class=\"link-more\"><a href=\"https:\/\/alles-ueber-riffe.de\/?page_id=5699\" class=\"more-link\"><span class=\"screen-reader-text\">\u201eGestreifter Schiffshalter\u201c<\/span> weiterlesen<\/a><\/p>\n","protected":false},"author":1,"featured_media":0,"parent":0,"menu_order":0,"comment_status":"closed","ping_status":"closed","template":"","meta":{"footnotes":""},"class_list":["post-5699","page","type-page","status-publish","hentry"],"_links":{"self":[{"href":"https:\/\/alles-ueber-riffe.de\/index.php?rest_route=\/wp\/v2\/pages\/5699","targetHints":{"allow":["GET"]}}],"collection":[{"href":"https:\/\/alles-ueber-riffe.de\/index.php?rest_route=\/wp\/v2\/pages"}],"about":[{"href":"https:\/\/alles-ueber-riffe.de\/index.php?rest_route=\/wp\/v2\/types\/page"}],"author":[{"embeddable":true,"href":"https:\/\/alles-ueber-riffe.de\/index.php?rest_route=\/wp\/v2\/users\/1"}],"replies":[{"embeddable":true,"href":"https:\/\/alles-ueber-riffe.de\/index.php?rest_route=%2Fwp%2Fv2%2Fcomments&post=5699"}],"version-history":[{"count":6,"href":"https:\/\/alles-ueber-riffe.de\/index.php?rest_route=\/wp\/v2\/pages\/5699\/revisions"}],"predecessor-version":[{"id":9482,"href":"https:\/\/alles-ueber-riffe.de\/index.php?rest_route=\/wp\/v2\/pages\/5699\/revisions\/9482"}],"wp:attachment":[{"href":"https:\/\/alles-ueber-riffe.de\/index.php?rest_route=%2Fwp%2Fv2%2Fmedia&parent=5699"}],"curies":[{"name":"wp","href":"https:\/\/api.w.org\/{rel}","templated":true}]}}