{"id":5673,"date":"2025-01-08T22:14:17","date_gmt":"2025-01-08T22:14:17","guid":{"rendered":"https:\/\/alles-ueber-riffe.de\/?page_id=5673"},"modified":"2025-02-09T22:27:19","modified_gmt":"2025-02-09T22:27:19","slug":"schaukelfisch","status":"publish","type":"page","link":"https:\/\/alles-ueber-riffe.de\/?page_id=5673","title":{"rendered":"Schaukelfisch"},"content":{"rendered":"\n<div class=\"wp-block-group is-vertical is-layout-flex wp-container-core-group-is-layout-8cf370e7 wp-block-group-is-layout-flex\">\n<p><strong>Schaukelfisch<\/strong><\/p>\n\n\n\n<p>Leaf scorpionfish<\/p>\n\n\n\n<p><em>Taenianotus triacanthus<\/em><\/p>\n<\/div>\n\n\n\n<div style=\"height:30px\" aria-hidden=\"true\" class=\"wp-block-spacer\"><\/div>\n\n\n\n<figure class=\"wp-block-video\"><video height=\"576\" style=\"aspect-ratio: 1024 \/ 576;\" width=\"1024\" controls src=\"https:\/\/alles-ueber-riffe.de\/wp-content\/uploads\/2025\/02\/Schaukelfisch-.mp4\"><\/video><figcaption class=\"wp-element-caption\">\u00a9 Heinz Krimmer<\/figcaption><\/figure>\n\n\n\n<hr class=\"wp-block-separator has-alpha-channel-opacity is-style-default\"\/>\n\n\n\n<p><strong>Gr\u00f6\u00dfe: <\/strong> bis 10 cm<\/p>\n\n\n\n<p><strong>Lebensraum:<\/strong> Korallenriffe, Seegrasb\u00f6den<\/p>\n\n\n\n<p><strong>Vorkommen:  <\/strong>Ostafrika, Malediven, S\u00fcdjapan, ganz S\u00fcdostasien, Papua-Neuguinea, Nordaustralien, Ozeanien bis Hawaii, Galapagos<\/p>\n\n\n\n<p><strong>Erkennungsmerkmale:<\/strong> Grundfarbe extrem variabel, von schwarz, gelb, rot, rosa und braun ist alles m\u00f6glich; hohe gro\u00dfe R\u00fcckenflosse<\/p>\n\n\n\n<p><strong>Biologie &amp; Verhalten: <\/strong> Der Schaukelfisch ist kein guter Schwimmer. Deshalb verl\u00e4sst er sich auf sein Gift in den Flossenstrahlen und auf seine Tarnung, indem er seine Farbe der Umgebung anpasst. Zus\u00e4tzlich ahmt er tote Bl\u00e4tter nach, in dem er in der D\u00fcnung hin und her schaukelt.<\/p>\n\n\n\n<p><strong>Bedrohungsstatus:<\/strong> Die Art wird auf der Roten Liste der IUCN als <mark style=\"background-color:rgba(0, 0, 0, 0)\" class=\"has-inline-color has-vivid-green-cyan-color\">\u201enicht gef\u00e4hrdet\u201c<\/mark> gef\u00fchrt.<\/p>\n\n\n\n<p><mark style=\"background-color:rgba(0, 0, 0, 0)\" class=\"has-inline-color has-vivid-red-color\"><strong>Gefahr:<\/strong> Der Schaukelfisch geh\u00f6rt zu den Skorpionsfischen. Wie diese verf\u00fcgt er in den Flossenstrahlen \u00fcber ein Gift, das beim Menschen starke Schmerzen ausl\u00f6sen kann.<\/mark><\/p>\n\n\n\n<hr class=\"wp-block-separator has-alpha-channel-opacity is-style-default\"\/>\n\n\n\n<p><\/p>\n","protected":false},"excerpt":{"rendered":"<p>Schaukelfisch Leaf scorpionfish Taenianotus triacanthus Gr\u00f6\u00dfe: bis 10 cm Lebensraum: Korallenriffe, Seegrasb\u00f6den Vorkommen: Ostafrika, Malediven, S\u00fcdjapan, ganz S\u00fcdostasien, Papua-Neuguinea, Nordaustralien, Ozeanien bis Hawaii, Galapagos Erkennungsmerkmale: Grundfarbe extrem variabel, von schwarz, gelb, rot, rosa und braun ist alles m\u00f6glich; hohe gro\u00dfe R\u00fcckenflosse Biologie &amp; Verhalten: Der Schaukelfisch ist kein guter Schwimmer. Deshalb verl\u00e4sst er sich auf &hellip; <\/p>\n<p class=\"link-more\"><a href=\"https:\/\/alles-ueber-riffe.de\/?page_id=5673\" class=\"more-link\"><span class=\"screen-reader-text\">\u201eSchaukelfisch\u201c<\/span> weiterlesen<\/a><\/p>\n","protected":false},"author":1,"featured_media":0,"parent":0,"menu_order":0,"comment_status":"closed","ping_status":"closed","template":"","meta":{"footnotes":""},"class_list":["post-5673","page","type-page","status-publish","hentry"],"_links":{"self":[{"href":"https:\/\/alles-ueber-riffe.de\/index.php?rest_route=\/wp\/v2\/pages\/5673","targetHints":{"allow":["GET"]}}],"collection":[{"href":"https:\/\/alles-ueber-riffe.de\/index.php?rest_route=\/wp\/v2\/pages"}],"about":[{"href":"https:\/\/alles-ueber-riffe.de\/index.php?rest_route=\/wp\/v2\/types\/page"}],"author":[{"embeddable":true,"href":"https:\/\/alles-ueber-riffe.de\/index.php?rest_route=\/wp\/v2\/users\/1"}],"replies":[{"embeddable":true,"href":"https:\/\/alles-ueber-riffe.de\/index.php?rest_route=%2Fwp%2Fv2%2Fcomments&post=5673"}],"version-history":[{"count":7,"href":"https:\/\/alles-ueber-riffe.de\/index.php?rest_route=\/wp\/v2\/pages\/5673\/revisions"}],"predecessor-version":[{"id":9476,"href":"https:\/\/alles-ueber-riffe.de\/index.php?rest_route=\/wp\/v2\/pages\/5673\/revisions\/9476"}],"wp:attachment":[{"href":"https:\/\/alles-ueber-riffe.de\/index.php?rest_route=%2Fwp%2Fv2%2Fmedia&parent=5673"}],"curies":[{"name":"wp","href":"https:\/\/api.w.org\/{rel}","templated":true}]}}