{"id":5669,"date":"2025-01-08T22:13:53","date_gmt":"2025-01-08T22:13:53","guid":{"rendered":"https:\/\/alles-ueber-riffe.de\/?page_id=5669"},"modified":"2025-02-09T22:23:50","modified_gmt":"2025-02-09T22:23:50","slug":"goldstreifen-sandtaucher","status":"publish","type":"page","link":"https:\/\/alles-ueber-riffe.de\/?page_id=5669","title":{"rendered":"Goldstreifen-Sandtaucher"},"content":{"rendered":"\n<div class=\"wp-block-group is-vertical is-layout-flex wp-container-core-group-is-layout-8cf370e7 wp-block-group-is-layout-flex\">\n<p><strong>Goldstreifen-Sandtaucher<\/strong><\/p>\n\n\n\n<p>Gold-bar sand-diver<\/p>\n\n\n\n<p><em>Trichonotus halstead<\/em><\/p>\n<\/div>\n\n\n\n<div style=\"height:30px\" aria-hidden=\"true\" class=\"wp-block-spacer\"><\/div>\n\n\n\n<figure class=\"wp-block-video\"><video height=\"576\" style=\"aspect-ratio: 1024 \/ 576;\" width=\"1024\" controls src=\"https:\/\/alles-ueber-riffe.de\/wp-content\/uploads\/2025\/02\/Goldstreifen-Sandtaucher.mp4\"><\/video><figcaption class=\"wp-element-caption\">\u00a9 Heinz Krimmer<\/figcaption><\/figure>\n\n\n\n<hr class=\"wp-block-separator has-alpha-channel-opacity is-style-default\"\/>\n\n\n\n<p><strong>Gr\u00f6\u00dfe: <\/strong> bis 15 cm<\/p>\n\n\n\n<p><strong>Lebensraum:<\/strong> Korallenriffe<\/p>\n\n\n\n<p><strong>Vorkommen:  <\/strong>Philippinen, Ostindonesien, Papua-Neuguinea<\/p>\n\n\n\n<p><strong>Erkennungsmerkmale:<\/strong> Grundfarbe sandfarben; langer, schlanker Fisch; gro\u00dfe R\u00fcckenflosse mit drei sehr langen Flossenstrahlen; gro\u00dfe, schwarze Brustflossen<\/p>\n\n\n\n<p><strong>Biologie &amp; Verhalten: <\/strong> Der Goldstreifen-Sandtaucher ruht auf oder im Sandboden. Zum Fressen schwimmt er\u00a0\u00a0\u00fcber dem Boden und jagt Zooplankton. Sie halten sich eher im flachen Bereich auf.<\/p>\n\n\n\n<p><strong>Bedrohungsstatus:<\/strong> Es liegen zu wenig Daten vor, um einen Status auf der Roten Liste der IUCN zu bestimmen.<\/p>\n\n\n\n<hr class=\"wp-block-separator has-alpha-channel-opacity is-style-default\"\/>\n\n\n\n<p><\/p>\n","protected":false},"excerpt":{"rendered":"<p>Goldstreifen-Sandtaucher Gold-bar sand-diver Trichonotus halstead Gr\u00f6\u00dfe: bis 15 cm Lebensraum: Korallenriffe Vorkommen: Philippinen, Ostindonesien, Papua-Neuguinea Erkennungsmerkmale: Grundfarbe sandfarben; langer, schlanker Fisch; gro\u00dfe R\u00fcckenflosse mit drei sehr langen Flossenstrahlen; gro\u00dfe, schwarze Brustflossen Biologie &amp; Verhalten: Der Goldstreifen-Sandtaucher ruht auf oder im Sandboden. Zum Fressen schwimmt er\u00a0\u00a0\u00fcber dem Boden und jagt Zooplankton. Sie halten sich eher im &hellip; <\/p>\n<p class=\"link-more\"><a href=\"https:\/\/alles-ueber-riffe.de\/?page_id=5669\" class=\"more-link\"><span class=\"screen-reader-text\">\u201eGoldstreifen-Sandtaucher\u201c<\/span> weiterlesen<\/a><\/p>\n","protected":false},"author":1,"featured_media":0,"parent":0,"menu_order":0,"comment_status":"closed","ping_status":"closed","template":"","meta":{"footnotes":""},"class_list":["post-5669","page","type-page","status-publish","hentry"],"_links":{"self":[{"href":"https:\/\/alles-ueber-riffe.de\/index.php?rest_route=\/wp\/v2\/pages\/5669","targetHints":{"allow":["GET"]}}],"collection":[{"href":"https:\/\/alles-ueber-riffe.de\/index.php?rest_route=\/wp\/v2\/pages"}],"about":[{"href":"https:\/\/alles-ueber-riffe.de\/index.php?rest_route=\/wp\/v2\/types\/page"}],"author":[{"embeddable":true,"href":"https:\/\/alles-ueber-riffe.de\/index.php?rest_route=\/wp\/v2\/users\/1"}],"replies":[{"embeddable":true,"href":"https:\/\/alles-ueber-riffe.de\/index.php?rest_route=%2Fwp%2Fv2%2Fcomments&post=5669"}],"version-history":[{"count":5,"href":"https:\/\/alles-ueber-riffe.de\/index.php?rest_route=\/wp\/v2\/pages\/5669\/revisions"}],"predecessor-version":[{"id":9469,"href":"https:\/\/alles-ueber-riffe.de\/index.php?rest_route=\/wp\/v2\/pages\/5669\/revisions\/9469"}],"wp:attachment":[{"href":"https:\/\/alles-ueber-riffe.de\/index.php?rest_route=%2Fwp%2Fv2%2Fmedia&parent=5669"}],"curies":[{"name":"wp","href":"https:\/\/api.w.org\/{rel}","templated":true}]}}