{"id":5667,"date":"2025-01-08T22:13:43","date_gmt":"2025-01-08T22:13:43","guid":{"rendered":"https:\/\/alles-ueber-riffe.de\/?page_id=5667"},"modified":"2025-02-09T21:45:17","modified_gmt":"2025-02-09T21:45:17","slug":"schwanzfleck-sandbarsch","status":"publish","type":"page","link":"https:\/\/alles-ueber-riffe.de\/?page_id=5667","title":{"rendered":"Schwanzfleck-Sandbarsch"},"content":{"rendered":"\n<div class=\"wp-block-group is-vertical is-layout-flex wp-container-core-group-is-layout-8cf370e7 wp-block-group-is-layout-flex\">\n<p><strong>Schwanzfleck-Sandbarsch<\/strong><\/p>\n\n\n\n<p>Speckled sandperch<\/p>\n\n\n\n<p><em>Parapercis hexophthalma<\/em><\/p>\n<\/div>\n\n\n\n<div style=\"height:30px\" aria-hidden=\"true\" class=\"wp-block-spacer\"><\/div>\n\n\n\n<figure class=\"wp-block-video\"><video height=\"576\" style=\"aspect-ratio: 1024 \/ 576;\" width=\"1024\" controls src=\"https:\/\/alles-ueber-riffe.de\/wp-content\/uploads\/2025\/02\/Schwanzfleck-Sandbarsch.mp4\"><\/video><figcaption class=\"wp-element-caption\">\u00a9 Heinz Krimmer<\/figcaption><\/figure>\n\n\n\n<hr class=\"wp-block-separator has-alpha-channel-opacity is-style-default\"\/>\n\n\n\n<p><strong>Gr\u00f6\u00dfe: <\/strong> bis 29 cm<\/p>\n\n\n\n<p><strong>Lebensraum:<\/strong> Sand- und Ger\u00f6llb\u00f6den in der N\u00e4hen von Korallenriffen<\/p>\n\n\n\n<p><strong>Vorkommen:  <\/strong>Ostafrika, Rotes Meer, Oman, Malediven, ganz S\u00fcdostasien, Papua-Neuguinea, Nordaustralien, Ozeanien bis Fidschi<\/p>\n\n\n\n<p><strong>Erkennungsmerkmale:<\/strong> Grundfarbe sandfarben; schwarzer Fleck auf der Schwanzflosse<\/p>\n\n\n\n<p><strong>Biologie &amp; Verhalten: <\/strong> M\u00e4nnchen haben ein Revier, in dem sie mit ihrem Harem leben. Sie fressen kleine Wirbellose.&nbsp;&nbsp;Elegant stehen sie oft auf ihren Bauchflossen.<\/p>\n\n\n\n<p>Auf den ersten Blick kann man Sandbarsche leicht mit Eidechsenfischen verwechseln. Sie haben eine \u00e4hnliche Form, leben im gleichen Biotop und besitzen eine \u00e4hnliche Zeichnung und F\u00e4rbung. Am einfachsten unterscheidet man sie am Maul. Das der Sandbarsche ist kleiner und ohne Z\u00e4hne.<\/p>\n\n\n\n<p><strong>Bedrohungsstatus:<\/strong> Die Art wird auf der Roten Liste der IUCN als <mark style=\"background-color:rgba(0, 0, 0, 0)\" class=\"has-inline-color has-vivid-green-cyan-color\">\u201enicht gef\u00e4hrdet\u201c<\/mark> gef\u00fchrt.<\/p>\n\n\n\n<hr class=\"wp-block-separator has-alpha-channel-opacity is-style-default\"\/>\n\n\n\n<p><\/p>\n","protected":false},"excerpt":{"rendered":"<p>Schwanzfleck-Sandbarsch Speckled sandperch Parapercis hexophthalma Gr\u00f6\u00dfe: bis 29 cm Lebensraum: Sand- und Ger\u00f6llb\u00f6den in der N\u00e4hen von Korallenriffen Vorkommen: Ostafrika, Rotes Meer, Oman, Malediven, ganz S\u00fcdostasien, Papua-Neuguinea, Nordaustralien, Ozeanien bis Fidschi Erkennungsmerkmale: Grundfarbe sandfarben; schwarzer Fleck auf der Schwanzflosse Biologie &amp; Verhalten: M\u00e4nnchen haben ein Revier, in dem sie mit ihrem Harem leben. Sie fressen &hellip; <\/p>\n<p class=\"link-more\"><a href=\"https:\/\/alles-ueber-riffe.de\/?page_id=5667\" class=\"more-link\"><span class=\"screen-reader-text\">\u201eSchwanzfleck-Sandbarsch\u201c<\/span> weiterlesen<\/a><\/p>\n","protected":false},"author":1,"featured_media":0,"parent":0,"menu_order":0,"comment_status":"closed","ping_status":"closed","template":"","meta":{"footnotes":""},"class_list":["post-5667","page","type-page","status-publish","hentry"],"_links":{"self":[{"href":"https:\/\/alles-ueber-riffe.de\/index.php?rest_route=\/wp\/v2\/pages\/5667","targetHints":{"allow":["GET"]}}],"collection":[{"href":"https:\/\/alles-ueber-riffe.de\/index.php?rest_route=\/wp\/v2\/pages"}],"about":[{"href":"https:\/\/alles-ueber-riffe.de\/index.php?rest_route=\/wp\/v2\/types\/page"}],"author":[{"embeddable":true,"href":"https:\/\/alles-ueber-riffe.de\/index.php?rest_route=\/wp\/v2\/users\/1"}],"replies":[{"embeddable":true,"href":"https:\/\/alles-ueber-riffe.de\/index.php?rest_route=%2Fwp%2Fv2%2Fcomments&post=5667"}],"version-history":[{"count":5,"href":"https:\/\/alles-ueber-riffe.de\/index.php?rest_route=\/wp\/v2\/pages\/5667\/revisions"}],"predecessor-version":[{"id":9412,"href":"https:\/\/alles-ueber-riffe.de\/index.php?rest_route=\/wp\/v2\/pages\/5667\/revisions\/9412"}],"wp:attachment":[{"href":"https:\/\/alles-ueber-riffe.de\/index.php?rest_route=%2Fwp%2Fv2%2Fmedia&parent=5667"}],"curies":[{"name":"wp","href":"https:\/\/api.w.org\/{rel}","templated":true}]}}