{"id":5659,"date":"2025-01-08T22:12:38","date_gmt":"2025-01-08T22:12:38","guid":{"rendered":"https:\/\/alles-ueber-riffe.de\/?page_id=5659"},"modified":"2025-02-08T21:55:08","modified_gmt":"2025-02-08T21:55:08","slug":"zebra-feuerfisch","status":"publish","type":"page","link":"https:\/\/alles-ueber-riffe.de\/?page_id=5659","title":{"rendered":"Zebra-Feuerfisch"},"content":{"rendered":"\n<div class=\"wp-block-group is-vertical is-layout-flex wp-container-core-group-is-layout-8cf370e7 wp-block-group-is-layout-flex\">\n<p><strong>Zebra-Feuerfisch<\/strong><\/p>\n\n\n\n<p>Zebra turkeyfish<\/p>\n\n\n\n<p><em>Dendrochirus zebra<\/em><\/p>\n<\/div>\n\n\n\n<div style=\"height:30px\" aria-hidden=\"true\" class=\"wp-block-spacer\"><\/div>\n\n\n\n<figure class=\"wp-block-video\"><video height=\"576\" style=\"aspect-ratio: 1024 \/ 576;\" width=\"1024\" controls src=\"https:\/\/alles-ueber-riffe.de\/wp-content\/uploads\/2025\/02\/Zebra-Feuerfisch.mp4\"><\/video><figcaption class=\"wp-element-caption\">\u00a9 Heinz Krimmer<\/figcaption><\/figure>\n\n\n\n<hr class=\"wp-block-separator has-alpha-channel-opacity is-style-default\"\/>\n\n\n\n<p><strong>Gr\u00f6\u00dfe: <\/strong> bis 25 cm<\/p>\n\n\n\n<p><strong>Lebensraum:<\/strong> Korallenriffe<\/p>\n\n\n\n<p><strong>Vorkommen:  <\/strong>Ostafrika, Rotes Meer, S\u00fcdjapan, ganz S\u00fcdostasien, Nordaustralien, Papaua-Neuguinea, Ozeanien bis Samoa<\/p>\n\n\n\n<p><strong>Erkennungsmerkmale:<\/strong> gro\u00dfe, f\u00e4cherf\u00f6rmige Brustflossen und breite dunkelrote Querstreifen am K\u00f6rper, die von jeweils zwei wei\u00dfen unterbrochen werden<\/p>\n\n\n\n<p><strong>Biologie &amp; Verhalten: <\/strong> Tags\u00fcber meistens versteckt in H\u00f6hlen oder Riff\u00fcberh\u00e4ngen. Jagt in der D\u00e4mmerung Garnelen, Krabben und Fische. Die Paarung findet nachts statt und das Weibchen legt zwischen 2.000 bis 15.000 Eier. Die Jungen schl\u00fcpfen schon nach etwa 36 Stunden.<\/p>\n\n\n\n<p><strong>Bedrohungsstatus:<\/strong> Die Art wird auf der Roten Liste der IUCN als <mark style=\"background-color:rgba(0, 0, 0, 0)\" class=\"has-inline-color has-vivid-green-cyan-color\">\u201enicht gef\u00e4hrdet\u201c<\/mark> gef\u00fchrt.<\/p>\n\n\n\n<p><mark style=\"background-color:rgba(0, 0, 0, 0)\" class=\"has-inline-color has-vivid-red-color\"><strong>Gefahr:<\/strong> Die Stacheln der Flossen enthalten ein starkes Gift. Zwar \u00fcberlebt man den Stich im allgemeine, aber man leidet unter extrem starke Schmerzen in den betroffenen Gliedma\u00dfen. Auch k\u00f6nnen \u00dcbelkeit, Kreislaufprobleme und Kopfschmerzen auftreten.<\/mark><\/p>\n\n\n\n<hr class=\"wp-block-separator has-alpha-channel-opacity is-style-default\"\/>\n\n\n\n<p><\/p>\n","protected":false},"excerpt":{"rendered":"<p>Zebra-Feuerfisch Zebra turkeyfish Dendrochirus zebra Gr\u00f6\u00dfe: bis 25 cm Lebensraum: Korallenriffe Vorkommen: Ostafrika, Rotes Meer, S\u00fcdjapan, ganz S\u00fcdostasien, Nordaustralien, Papaua-Neuguinea, Ozeanien bis Samoa Erkennungsmerkmale: gro\u00dfe, f\u00e4cherf\u00f6rmige Brustflossen und breite dunkelrote Querstreifen am K\u00f6rper, die von jeweils zwei wei\u00dfen unterbrochen werden Biologie &amp; Verhalten: Tags\u00fcber meistens versteckt in H\u00f6hlen oder Riff\u00fcberh\u00e4ngen. Jagt in der D\u00e4mmerung Garnelen, &hellip; <\/p>\n<p class=\"link-more\"><a href=\"https:\/\/alles-ueber-riffe.de\/?page_id=5659\" class=\"more-link\"><span class=\"screen-reader-text\">\u201eZebra-Feuerfisch\u201c<\/span> weiterlesen<\/a><\/p>\n","protected":false},"author":1,"featured_media":0,"parent":0,"menu_order":0,"comment_status":"closed","ping_status":"closed","template":"","meta":{"footnotes":""},"class_list":["post-5659","page","type-page","status-publish","hentry"],"_links":{"self":[{"href":"https:\/\/alles-ueber-riffe.de\/index.php?rest_route=\/wp\/v2\/pages\/5659","targetHints":{"allow":["GET"]}}],"collection":[{"href":"https:\/\/alles-ueber-riffe.de\/index.php?rest_route=\/wp\/v2\/pages"}],"about":[{"href":"https:\/\/alles-ueber-riffe.de\/index.php?rest_route=\/wp\/v2\/types\/page"}],"author":[{"embeddable":true,"href":"https:\/\/alles-ueber-riffe.de\/index.php?rest_route=\/wp\/v2\/users\/1"}],"replies":[{"embeddable":true,"href":"https:\/\/alles-ueber-riffe.de\/index.php?rest_route=%2Fwp%2Fv2%2Fcomments&post=5659"}],"version-history":[{"count":5,"href":"https:\/\/alles-ueber-riffe.de\/index.php?rest_route=\/wp\/v2\/pages\/5659\/revisions"}],"predecessor-version":[{"id":9198,"href":"https:\/\/alles-ueber-riffe.de\/index.php?rest_route=\/wp\/v2\/pages\/5659\/revisions\/9198"}],"wp:attachment":[{"href":"https:\/\/alles-ueber-riffe.de\/index.php?rest_route=%2Fwp%2Fv2%2Fmedia&parent=5659"}],"curies":[{"name":"wp","href":"https:\/\/api.w.org\/{rel}","templated":true}]}}