{"id":5657,"date":"2025-01-08T22:12:21","date_gmt":"2025-01-08T22:12:21","guid":{"rendered":"https:\/\/alles-ueber-riffe.de\/?page_id=5657"},"modified":"2025-02-07T23:32:46","modified_gmt":"2025-02-07T23:32:46","slug":"strahlenfeuerfisch","status":"publish","type":"page","link":"https:\/\/alles-ueber-riffe.de\/?page_id=5657","title":{"rendered":"Strahlenfeuerfisch"},"content":{"rendered":"\n<div class=\"wp-block-group is-vertical is-layout-flex wp-container-core-group-is-layout-8cf370e7 wp-block-group-is-layout-flex\">\n<p><strong>Strahlenfeuerfisch<\/strong><\/p>\n\n\n\n<p>Broadbarred firefish<\/p>\n\n\n\n<p><em>Pterois radiata<\/em><\/p>\n<\/div>\n\n\n\n<div style=\"height:30px\" aria-hidden=\"true\" class=\"wp-block-spacer\"><\/div>\n\n\n\n<figure class=\"wp-block-video\"><video height=\"576\" style=\"aspect-ratio: 1024 \/ 576;\" width=\"1024\" controls src=\"https:\/\/alles-ueber-riffe.de\/wp-content\/uploads\/2025\/02\/Strahlenfeuerfisch.mp4\"><\/video><figcaption class=\"wp-element-caption\">\u00a9 Heinz Krimmer<\/figcaption><\/figure>\n\n\n\n<hr class=\"wp-block-separator has-alpha-channel-opacity is-style-default\"\/>\n\n\n\n<p><strong>Gr\u00f6\u00dfe: <\/strong> bis 24 cm<\/p>\n\n\n\n<p><strong>Lebensraum:<\/strong> Korallenriffe<\/p>\n\n\n\n<p><strong>Vorkommen:  <\/strong>Ostafrika, Rotes Meer, Malediven, S\u00fcdjapan, ganz S\u00fcdostasien, Nordaustralien, Papua-Neuginea, Ozeanien bis zu den Gesellschaftsinseln<\/p>\n\n\n\n<p><strong>Erkennungsmerkmale:<\/strong> sehr lange, d\u00fcnne, wei\u00dfe Brustflossenstrahlen; an der Schwanzwurzel mit zwei wei\u00dfen L\u00e4ngsstreifen<\/p>\n\n\n\n<p><strong>Biologie &amp; Verhalten: <\/strong> Sehr leicht mit dem Antennen-Feuerfisch zu verwechseln. Die wei\u00dfen L\u00e4ngsstreifen an der Schwanzwurzel sind aber ein sicheres Unterscheidungsmerkmal.<\/p>\n\n\n\n<p><a href=\"https:\/\/www.youtube.com\/watch?v=Fx3tf71TdfE\">T<\/a>ags\u00fcber meistens versteckt in H\u00f6hlen oder Riff\u00fcberh\u00e4ngen. Jagt in der D\u00e4mmerung Garnelen und Krabben.<\/p>\n\n\n\n<p><strong>Bedrohungsstatus:<\/strong> Die Art wird auf der Roten Liste der IUCN als <mark style=\"background-color:rgba(0, 0, 0, 0)\" class=\"has-inline-color has-vivid-green-cyan-color\">\u201enicht gef\u00e4hrdet\u201c<\/mark> gef\u00fchrt.<\/p>\n\n\n\n<p><mark style=\"background-color:rgba(0, 0, 0, 0)\" class=\"has-inline-color has-vivid-red-color\"><strong>Gefahr:<\/strong> Die Stacheln der Flossen enthalten ein starkes Gift. Zwar \u00fcberlebt man den Stich im allgemeinen, aber man leidet unter extrem starke Schmerzen in den betroffenen Gliedma\u00dfen. Auch k\u00f6nnen \u00dcbelkeit, Kreislaufprobleme und Kopfschmerzen auftreten.<\/mark><\/p>\n\n\n\n<hr class=\"wp-block-separator has-alpha-channel-opacity is-style-default\"\/>\n\n\n\n<p><\/p>\n","protected":false},"excerpt":{"rendered":"<p>Strahlenfeuerfisch Broadbarred firefish Pterois radiata Gr\u00f6\u00dfe: bis 24 cm Lebensraum: Korallenriffe Vorkommen: Ostafrika, Rotes Meer, Malediven, S\u00fcdjapan, ganz S\u00fcdostasien, Nordaustralien, Papua-Neuginea, Ozeanien bis zu den Gesellschaftsinseln Erkennungsmerkmale: sehr lange, d\u00fcnne, wei\u00dfe Brustflossenstrahlen; an der Schwanzwurzel mit zwei wei\u00dfen L\u00e4ngsstreifen Biologie &amp; Verhalten: Sehr leicht mit dem Antennen-Feuerfisch zu verwechseln. Die wei\u00dfen L\u00e4ngsstreifen an der Schwanzwurzel &hellip; <\/p>\n<p class=\"link-more\"><a href=\"https:\/\/alles-ueber-riffe.de\/?page_id=5657\" class=\"more-link\"><span class=\"screen-reader-text\">\u201eStrahlenfeuerfisch\u201c<\/span> weiterlesen<\/a><\/p>\n","protected":false},"author":1,"featured_media":0,"parent":0,"menu_order":0,"comment_status":"closed","ping_status":"closed","template":"","meta":{"footnotes":""},"class_list":["post-5657","page","type-page","status-publish","hentry"],"_links":{"self":[{"href":"https:\/\/alles-ueber-riffe.de\/index.php?rest_route=\/wp\/v2\/pages\/5657","targetHints":{"allow":["GET"]}}],"collection":[{"href":"https:\/\/alles-ueber-riffe.de\/index.php?rest_route=\/wp\/v2\/pages"}],"about":[{"href":"https:\/\/alles-ueber-riffe.de\/index.php?rest_route=\/wp\/v2\/types\/page"}],"author":[{"embeddable":true,"href":"https:\/\/alles-ueber-riffe.de\/index.php?rest_route=\/wp\/v2\/users\/1"}],"replies":[{"embeddable":true,"href":"https:\/\/alles-ueber-riffe.de\/index.php?rest_route=%2Fwp%2Fv2%2Fcomments&post=5657"}],"version-history":[{"count":5,"href":"https:\/\/alles-ueber-riffe.de\/index.php?rest_route=\/wp\/v2\/pages\/5657\/revisions"}],"predecessor-version":[{"id":9179,"href":"https:\/\/alles-ueber-riffe.de\/index.php?rest_route=\/wp\/v2\/pages\/5657\/revisions\/9179"}],"wp:attachment":[{"href":"https:\/\/alles-ueber-riffe.de\/index.php?rest_route=%2Fwp%2Fv2%2Fmedia&parent=5657"}],"curies":[{"name":"wp","href":"https:\/\/api.w.org\/{rel}","templated":true}]}}