{"id":5653,"date":"2025-01-08T22:11:51","date_gmt":"2025-01-08T22:11:51","guid":{"rendered":"https:\/\/alles-ueber-riffe.de\/?page_id=5653"},"modified":"2025-02-08T21:49:16","modified_gmt":"2025-02-08T21:49:16","slug":"kurzflossen-feuerfisch","status":"publish","type":"page","link":"https:\/\/alles-ueber-riffe.de\/?page_id=5653","title":{"rendered":"Kurzflossen-Feuerfisch"},"content":{"rendered":"\n<div class=\"wp-block-group is-vertical is-layout-flex wp-container-core-group-is-layout-8cf370e7 wp-block-group-is-layout-flex\">\n<p><strong>Kurzflossen-Feuerfisch<\/strong><\/p>\n\n\n\n<p>Shortfin turkeyfish<\/p>\n\n\n\n<p><em>Dendrochirus brachypterus<\/em><\/p>\n<\/div>\n\n\n\n<div style=\"height:30px\" aria-hidden=\"true\" class=\"wp-block-spacer\"><\/div>\n\n\n\n<figure class=\"wp-block-video\"><video height=\"576\" style=\"aspect-ratio: 1024 \/ 576;\" width=\"1024\" controls src=\"https:\/\/alles-ueber-riffe.de\/wp-content\/uploads\/2025\/02\/Kurzflossen-Feuerfisch.mp4\"><\/video><figcaption class=\"wp-element-caption\">\u00a9 Heinz Krimmer<\/figcaption><\/figure>\n\n\n\n<hr class=\"wp-block-separator has-alpha-channel-opacity is-style-default\"\/>\n\n\n\n<p><strong>Gr\u00f6\u00dfe: <\/strong> bis 17 cm<\/p>\n\n\n\n<p><strong>Lebensraum:<\/strong> Korallenriffe<\/p>\n\n\n\n<p><strong>Vorkommen:  <\/strong>Ostafrika, Rotes Meer, Malediven, S\u00fcdjapan, ganz S\u00fcdostasien, Nordaustralien, Papua-Neuguinea, Ozeanien bis Samoa<\/p>\n\n\n\n<p><strong>Erkennungsmerkmale:<\/strong> gro\u00dfe f\u00e4cherf\u00f6rmige Brustflossen mit schmalen, hellen und breiteren, dunklen B\u00e4ndern<\/p>\n\n\n\n<p><strong>Biologie &amp; Verhalten: <\/strong> Der nachtaktive J\u00e4ger frisst kleine Krebse und Garnelen. Tags\u00fcber oft in H\u00f6hlen oder unter Korallen versteckt.<\/p>\n\n\n\n<p><strong>Bedrohungsstatus:<\/strong> Die Art wird auf der Roten Liste der IUCN als <mark style=\"background-color:rgba(0, 0, 0, 0)\" class=\"has-inline-color has-vivid-green-cyan-color\">\u201enicht gef\u00e4hrdet\u201c<\/mark> gef\u00fchrt.<\/p>\n\n\n\n<p><mark style=\"background-color:rgba(0, 0, 0, 0)\" class=\"has-inline-color has-vivid-red-color\"><strong>Gefahr:<\/strong> Die Stacheln der Flossen enthalten ein starkes Gift. Zwar \u00fcberlebt man den Stich im allgemeinen, aber man leidet unter extrem starke Schmerzen in den betroffenen Gliedma\u00dfen. Auch k\u00f6nnen \u00dcbelkeit, Kreislaufprobleme und Kopfschmerzen auftreten <\/mark><\/p>\n\n\n\n<hr class=\"wp-block-separator has-alpha-channel-opacity is-style-default\"\/>\n\n\n\n<p><\/p>\n","protected":false},"excerpt":{"rendered":"<p>Kurzflossen-Feuerfisch Shortfin turkeyfish Dendrochirus brachypterus Gr\u00f6\u00dfe: bis 17 cm Lebensraum: Korallenriffe Vorkommen: Ostafrika, Rotes Meer, Malediven, S\u00fcdjapan, ganz S\u00fcdostasien, Nordaustralien, Papua-Neuguinea, Ozeanien bis Samoa Erkennungsmerkmale: gro\u00dfe f\u00e4cherf\u00f6rmige Brustflossen mit schmalen, hellen und breiteren, dunklen B\u00e4ndern Biologie &amp; Verhalten: Der nachtaktive J\u00e4ger frisst kleine Krebse und Garnelen. Tags\u00fcber oft in H\u00f6hlen oder unter Korallen versteckt. Bedrohungsstatus: &hellip; <\/p>\n<p class=\"link-more\"><a href=\"https:\/\/alles-ueber-riffe.de\/?page_id=5653\" class=\"more-link\"><span class=\"screen-reader-text\">\u201eKurzflossen-Feuerfisch\u201c<\/span> weiterlesen<\/a><\/p>\n","protected":false},"author":1,"featured_media":0,"parent":0,"menu_order":0,"comment_status":"closed","ping_status":"closed","template":"","meta":{"footnotes":""},"class_list":["post-5653","page","type-page","status-publish","hentry"],"_links":{"self":[{"href":"https:\/\/alles-ueber-riffe.de\/index.php?rest_route=\/wp\/v2\/pages\/5653","targetHints":{"allow":["GET"]}}],"collection":[{"href":"https:\/\/alles-ueber-riffe.de\/index.php?rest_route=\/wp\/v2\/pages"}],"about":[{"href":"https:\/\/alles-ueber-riffe.de\/index.php?rest_route=\/wp\/v2\/types\/page"}],"author":[{"embeddable":true,"href":"https:\/\/alles-ueber-riffe.de\/index.php?rest_route=\/wp\/v2\/users\/1"}],"replies":[{"embeddable":true,"href":"https:\/\/alles-ueber-riffe.de\/index.php?rest_route=%2Fwp%2Fv2%2Fcomments&post=5653"}],"version-history":[{"count":4,"href":"https:\/\/alles-ueber-riffe.de\/index.php?rest_route=\/wp\/v2\/pages\/5653\/revisions"}],"predecessor-version":[{"id":9192,"href":"https:\/\/alles-ueber-riffe.de\/index.php?rest_route=\/wp\/v2\/pages\/5653\/revisions\/9192"}],"wp:attachment":[{"href":"https:\/\/alles-ueber-riffe.de\/index.php?rest_route=%2Fwp%2Fv2%2Fmedia&parent=5653"}],"curies":[{"name":"wp","href":"https:\/\/api.w.org\/{rel}","templated":true}]}}