{"id":5651,"date":"2025-01-08T22:11:41","date_gmt":"2025-01-08T22:11:41","guid":{"rendered":"https:\/\/alles-ueber-riffe.de\/?page_id=5651"},"modified":"2025-02-07T23:14:10","modified_gmt":"2025-02-07T23:14:10","slug":"indischer-rotfeuerfisch","status":"publish","type":"page","link":"https:\/\/alles-ueber-riffe.de\/?page_id=5651","title":{"rendered":"Indischer Rotfeuerfisch"},"content":{"rendered":"\n<div class=\"wp-block-group is-vertical is-layout-flex wp-container-core-group-is-layout-8cf370e7 wp-block-group-is-layout-flex\">\n<p><strong>Indischer Rotfeuerfisch<\/strong><\/p>\n\n\n\n<p>Common lionfish<\/p>\n\n\n\n<p><em>Pterois miles<\/em><\/p>\n<\/div>\n\n\n\n<div style=\"height:30px\" aria-hidden=\"true\" class=\"wp-block-spacer\"><\/div>\n\n\n\n<figure class=\"wp-block-video\"><video height=\"576\" style=\"aspect-ratio: 1024 \/ 576;\" width=\"1024\" controls src=\"https:\/\/alles-ueber-riffe.de\/wp-content\/uploads\/2025\/02\/Indischer-Rotfeuerfisch.mp4\"><\/video><figcaption class=\"wp-element-caption\">\u00a9 Heinz Krimmer<\/figcaption><\/figure>\n\n\n\n<hr class=\"wp-block-separator has-alpha-channel-opacity is-style-default\"\/>\n\n\n\n<p><strong>Gr\u00f6\u00dfe: <\/strong> bis 43 cm<\/p>\n\n\n\n<p><strong>Lebensraum:<\/strong> Korallenriffe<\/p>\n\n\n\n<p><strong>Vorkommen:  <\/strong>Von Ostafrika, Rotes Meer bis Sumatra. Wanderte durch den Suezkanal auch in das Mittelmeer, Karibik<\/p>\n\n\n\n<p><strong>Erkennungsmerkmale:<\/strong> gro\u00dfe f\u00e4cherf\u00f6rmige Brustflossen; lange Flossenstrahlen auf dem R\u00fccken; rote bis schwarz-rote dicke Querstreifen und d\u00fcnne wei\u00dfe Streifen<\/p>\n\n\n\n<p><strong>Biologie &amp; Verhalten: <\/strong> Der Indischen Rotfeuerfisch (Pterois miles) ist von dem Rotfeuerfisch oder Pazifischen Rotfeuerfisch nur an Hand genetischer Untersuchungen zu unterscheiden. Lange bezweifelten manche Biologen, dass es sich wirklich um zwei Arten handelt.&nbsp;&nbsp;Am Besten richtet man sich bei der Identifizierung nach dem Verbreitungsgebiet.<\/p>\n\n\n\n<p>Den Indische Rotfeuerfisch (Pterois miles)&nbsp;findet man von Ostafrika, \u00fcber das Rote Meer bis Sumatra. Vom Roten Meer wanderte er \u00fcber den Suezkanal auch in das Mittelmeer ein.<\/p>\n\n\n\n<p>Der Rotfeuerfisch(Pterois volitans) ist von Sumatra bis Franz\u00f6sisch Polynesien verbreitet.<\/p>\n\n\n\n<p>Beide Arten tauchten ca. 1993 auch in der Karibik auf und entwickelten sich zu einer Bedrohung f\u00fcr die dortige Fauna. Ohne nat\u00fcrliche Feinde und mit einem gro\u00dfen Appetit fressen sie die Riffe leer. Biologen bezeichnen sie inzwischen als die \u201egef\u00e4hrlichsten, invasiven Arten\u201c.<\/p>\n\n\n\n<p>Zum Schutz der Riffe wird er jetzt ausgiebig gejagt und auch gegessen. Er soll sehr gut schmecken. Wie man einen Rotfeuerfisch filetiert und zubereitet kann man auf Youtube sehen:&nbsp;&nbsp;<a href=\"https:\/\/www.youtube.com\/watch?v=Fx3tf71TdfE\">https:\/\/www.youtube.com\/watch?v=Fx3tf71TdfE<\/a><\/p>\n\n\n\n<p>Wie kamen die Rotfeuerfische in die Karibik? Zwei Theorien gibt es: Im Ballastwasser von Schiffen oder von Aquarianern ausgesetzt.<\/p>\n\n\n\n<p>Der Indische Rotfeuerfisch ist nachtaktiv und jagt in der D\u00e4mmerung. Bei Nachttauchg\u00e4ngen nutzen sie gerne das Licht der Taucherlampen, um Beute zu jagen.<\/p>\n\n\n\n<p><strong>Bedrohungsstatus:<\/strong> Die Art wird auf der Roten Liste der IUCN als <mark style=\"background-color:rgba(0, 0, 0, 0)\" class=\"has-inline-color has-vivid-green-cyan-color\">\u201enicht gef\u00e4hrdet\u201c<\/mark> gef\u00fchrt.<\/p>\n\n\n\n<p><mark style=\"background-color:rgba(0, 0, 0, 0)\" class=\"has-inline-color has-vivid-red-color\"><strong>Gefahr:<\/strong>Die Stacheln der Flosse enthalten ein starkes Gift. Zwar kann ein Stich auch zum Tode f\u00fchren, doch \u00fcberlebt man die Vergiftung im allgemeinen. Man leidet jedoch unter extrem starke Schmerzen in den betroffenen Gliedma\u00dfen. Auch k\u00f6nnen \u00dcbelkeit, Kreislaufprobleme und Kopfschmerzen auftreten.<\/mark><\/p>\n\n\n\n<hr class=\"wp-block-separator has-alpha-channel-opacity is-style-default\"\/>\n\n\n\n<p><\/p>\n","protected":false},"excerpt":{"rendered":"<p>Indischer Rotfeuerfisch Common lionfish Pterois miles Gr\u00f6\u00dfe: bis 43 cm Lebensraum: Korallenriffe Vorkommen: Von Ostafrika, Rotes Meer bis Sumatra. Wanderte durch den Suezkanal auch in das Mittelmeer, Karibik Erkennungsmerkmale: gro\u00dfe f\u00e4cherf\u00f6rmige Brustflossen; lange Flossenstrahlen auf dem R\u00fccken; rote bis schwarz-rote dicke Querstreifen und d\u00fcnne wei\u00dfe Streifen Biologie &amp; Verhalten: Der Indischen Rotfeuerfisch (Pterois miles) ist &hellip; <\/p>\n<p class=\"link-more\"><a href=\"https:\/\/alles-ueber-riffe.de\/?page_id=5651\" class=\"more-link\"><span class=\"screen-reader-text\">\u201eIndischer Rotfeuerfisch\u201c<\/span> weiterlesen<\/a><\/p>\n","protected":false},"author":1,"featured_media":0,"parent":0,"menu_order":0,"comment_status":"closed","ping_status":"closed","template":"","meta":{"footnotes":""},"class_list":["post-5651","page","type-page","status-publish","hentry"],"_links":{"self":[{"href":"https:\/\/alles-ueber-riffe.de\/index.php?rest_route=\/wp\/v2\/pages\/5651","targetHints":{"allow":["GET"]}}],"collection":[{"href":"https:\/\/alles-ueber-riffe.de\/index.php?rest_route=\/wp\/v2\/pages"}],"about":[{"href":"https:\/\/alles-ueber-riffe.de\/index.php?rest_route=\/wp\/v2\/types\/page"}],"author":[{"embeddable":true,"href":"https:\/\/alles-ueber-riffe.de\/index.php?rest_route=\/wp\/v2\/users\/1"}],"replies":[{"embeddable":true,"href":"https:\/\/alles-ueber-riffe.de\/index.php?rest_route=%2Fwp%2Fv2%2Fcomments&post=5651"}],"version-history":[{"count":3,"href":"https:\/\/alles-ueber-riffe.de\/index.php?rest_route=\/wp\/v2\/pages\/5651\/revisions"}],"predecessor-version":[{"id":9159,"href":"https:\/\/alles-ueber-riffe.de\/index.php?rest_route=\/wp\/v2\/pages\/5651\/revisions\/9159"}],"wp:attachment":[{"href":"https:\/\/alles-ueber-riffe.de\/index.php?rest_route=%2Fwp%2Fv2%2Fmedia&parent=5651"}],"curies":[{"name":"wp","href":"https:\/\/api.w.org\/{rel}","templated":true}]}}