{"id":5649,"date":"2025-01-08T22:11:29","date_gmt":"2025-01-08T22:11:29","guid":{"rendered":"https:\/\/alles-ueber-riffe.de\/?page_id=5649"},"modified":"2025-02-07T23:28:27","modified_gmt":"2025-02-07T23:28:27","slug":"antennen-feuerfisch","status":"publish","type":"page","link":"https:\/\/alles-ueber-riffe.de\/?page_id=5649","title":{"rendered":"Antennen-Feuerfisch"},"content":{"rendered":"\n<div class=\"wp-block-group is-vertical is-layout-flex wp-container-core-group-is-layout-8cf370e7 wp-block-group-is-layout-flex\">\n<p><strong>Antennen-Feuerfisch<\/strong><\/p>\n\n\n\n<p>Broadbarred firefish<\/p>\n\n\n\n<p><em>Pterois antennata<\/em><\/p>\n<\/div>\n\n\n\n<div style=\"height:30px\" aria-hidden=\"true\" class=\"wp-block-spacer\"><\/div>\n\n\n\n<figure class=\"wp-block-image size-full\"><img loading=\"lazy\" decoding=\"async\" width=\"1024\" height=\"768\" src=\"https:\/\/alles-ueber-riffe.de\/wp-content\/uploads\/2025\/02\/Antennen-Feuerfisch_1024x768.jpg\" alt=\"\" class=\"wp-image-9172\" srcset=\"https:\/\/alles-ueber-riffe.de\/wp-content\/uploads\/2025\/02\/Antennen-Feuerfisch_1024x768.jpg 1024w, https:\/\/alles-ueber-riffe.de\/wp-content\/uploads\/2025\/02\/Antennen-Feuerfisch_1024x768-300x225.jpg 300w, https:\/\/alles-ueber-riffe.de\/wp-content\/uploads\/2025\/02\/Antennen-Feuerfisch_1024x768-768x576.jpg 768w\" sizes=\"auto, (max-width: 767px) 89vw, (max-width: 1000px) 54vw, (max-width: 1071px) 543px, 580px\" \/><figcaption class=\"wp-element-caption\">\u00a9 Heinz Krimmer<\/figcaption><\/figure>\n\n\n\n<hr class=\"wp-block-separator has-alpha-channel-opacity is-style-default\"\/>\n\n\n\n<p><strong>Gr\u00f6\u00dfe: <\/strong> bis 20 cm<\/p>\n\n\n\n<p><strong>Lebensraum:<\/strong> Korallenriffe<\/p>\n\n\n\n<p><strong>Vorkommen:  <\/strong>Ostafrika, Rotes Meer, S\u00fcdjapan, ganz S\u00fcdostasien, Nord- und Ostaustralien bis Franz\u00f6sisch-Polynesien<\/p>\n\n\n\n<p><strong>Erkennungsmerkmale:<\/strong> sehr lange, d\u00fcnne, wei\u00dfe Brustflossenstrahlen; Brustflossen mit dunklen Punkten<\/p>\n\n\n\n<p><strong>Biologie &amp; Verhalten: <\/strong> Tags\u00fcber meistens versteckt in H\u00f6hlen oder Riff\u00fcberh\u00e4ngen. Jagt in der D\u00e4mmerung Garnelen und Krabben. Einzeln oder in kleinen Gruppen.<\/p>\n\n\n\n<p><strong>Bedrohungsstatus:<\/strong> Die Art wird auf der Roten Liste der IUCN als <mark style=\"background-color:rgba(0, 0, 0, 0)\" class=\"has-inline-color has-vivid-green-cyan-color\">\u201enicht gef\u00e4hrdet\u201c<\/mark> gef\u00fchrt.<\/p>\n\n\n\n<p><mark style=\"background-color:rgba(0, 0, 0, 0)\" class=\"has-inline-color has-vivid-red-color\"><strong>Gefahr:<\/strong> Die Stacheln der Flossen enthalten ein starkes Gift. Zwar \u00fcberlebt man den Stich im allgemeinen, aber man leidet unter extrem starke Schmerzen in den betroffenen Gliedma\u00dfen. Auch k\u00f6nnen \u00dcbelkeit, Kreislaufprobleme und Kopfschmerzen auftreten.<\/mark><\/p>\n\n\n\n<hr class=\"wp-block-separator has-alpha-channel-opacity is-style-default\"\/>\n\n\n\n<p><\/p>\n","protected":false},"excerpt":{"rendered":"<p>Antennen-Feuerfisch Broadbarred firefish Pterois antennata Gr\u00f6\u00dfe: bis 20 cm Lebensraum: Korallenriffe Vorkommen: Ostafrika, Rotes Meer, S\u00fcdjapan, ganz S\u00fcdostasien, Nord- und Ostaustralien bis Franz\u00f6sisch-Polynesien Erkennungsmerkmale: sehr lange, d\u00fcnne, wei\u00dfe Brustflossenstrahlen; Brustflossen mit dunklen Punkten Biologie &amp; Verhalten: Tags\u00fcber meistens versteckt in H\u00f6hlen oder Riff\u00fcberh\u00e4ngen. Jagt in der D\u00e4mmerung Garnelen und Krabben. Einzeln oder in kleinen Gruppen. &hellip; <\/p>\n<p class=\"link-more\"><a href=\"https:\/\/alles-ueber-riffe.de\/?page_id=5649\" class=\"more-link\"><span class=\"screen-reader-text\">\u201eAntennen-Feuerfisch\u201c<\/span> weiterlesen<\/a><\/p>\n","protected":false},"author":1,"featured_media":0,"parent":0,"menu_order":0,"comment_status":"closed","ping_status":"closed","template":"","meta":{"footnotes":""},"class_list":["post-5649","page","type-page","status-publish","hentry"],"_links":{"self":[{"href":"https:\/\/alles-ueber-riffe.de\/index.php?rest_route=\/wp\/v2\/pages\/5649","targetHints":{"allow":["GET"]}}],"collection":[{"href":"https:\/\/alles-ueber-riffe.de\/index.php?rest_route=\/wp\/v2\/pages"}],"about":[{"href":"https:\/\/alles-ueber-riffe.de\/index.php?rest_route=\/wp\/v2\/types\/page"}],"author":[{"embeddable":true,"href":"https:\/\/alles-ueber-riffe.de\/index.php?rest_route=\/wp\/v2\/users\/1"}],"replies":[{"embeddable":true,"href":"https:\/\/alles-ueber-riffe.de\/index.php?rest_route=%2Fwp%2Fv2%2Fcomments&post=5649"}],"version-history":[{"count":4,"href":"https:\/\/alles-ueber-riffe.de\/index.php?rest_route=\/wp\/v2\/pages\/5649\/revisions"}],"predecessor-version":[{"id":9174,"href":"https:\/\/alles-ueber-riffe.de\/index.php?rest_route=\/wp\/v2\/pages\/5649\/revisions\/9174"}],"wp:attachment":[{"href":"https:\/\/alles-ueber-riffe.de\/index.php?rest_route=%2Fwp%2Fv2%2Fmedia&parent=5649"}],"curies":[{"name":"wp","href":"https:\/\/api.w.org\/{rel}","templated":true}]}}