{"id":5645,"date":"2025-01-08T22:11:01","date_gmt":"2025-01-08T22:11:01","guid":{"rendered":"https:\/\/alles-ueber-riffe.de\/?page_id=5645"},"modified":"2025-02-07T22:55:58","modified_gmt":"2025-02-07T22:55:58","slug":"taylors-roehrenaal","status":"publish","type":"page","link":"https:\/\/alles-ueber-riffe.de\/?page_id=5645","title":{"rendered":"Taylor`s R\u00f6hrenaal"},"content":{"rendered":"\n<div class=\"wp-block-group is-vertical is-layout-flex wp-container-core-group-is-layout-8cf370e7 wp-block-group-is-layout-flex\">\n<p><strong>Taylor`s R\u00f6hrenaal<\/strong><\/p>\n\n\n\n<p>Taylors garden eel<\/p>\n\n\n\n<p>Heteroconger taylori<\/p>\n<\/div>\n\n\n\n<div style=\"height:30px\" aria-hidden=\"true\" class=\"wp-block-spacer\"><\/div>\n\n\n\n<figure class=\"wp-block-image size-full\"><img loading=\"lazy\" decoding=\"async\" width=\"1024\" height=\"768\" src=\"https:\/\/alles-ueber-riffe.de\/wp-content\/uploads\/2025\/02\/Taylors-Roehrenaal_1024x768.jpg\" alt=\"\" class=\"wp-image-9132\" srcset=\"https:\/\/alles-ueber-riffe.de\/wp-content\/uploads\/2025\/02\/Taylors-Roehrenaal_1024x768.jpg 1024w, https:\/\/alles-ueber-riffe.de\/wp-content\/uploads\/2025\/02\/Taylors-Roehrenaal_1024x768-300x225.jpg 300w, https:\/\/alles-ueber-riffe.de\/wp-content\/uploads\/2025\/02\/Taylors-Roehrenaal_1024x768-768x576.jpg 768w\" sizes=\"auto, (max-width: 767px) 89vw, (max-width: 1000px) 54vw, (max-width: 1071px) 543px, 580px\" \/><figcaption class=\"wp-element-caption\">\u00a9 Joris Rombouts<\/figcaption><\/figure>\n\n\n\n<hr class=\"wp-block-separator has-alpha-channel-opacity is-style-default\"\/>\n\n\n\n<p><strong>Gr\u00f6\u00dfe: <\/strong> bis 50 cm<\/p>\n\n\n\n<p><strong>Lebensraum:<\/strong> Sandb\u00f6den und Seegraswiesen in der N\u00e4he von Riffen<\/p>\n\n\n\n<p><strong>Vorkommen:  <\/strong>Philippinen, Indonesien, Papua-Neuguinea<\/p>\n\n\n\n<p><strong>Erkennungsmerkmale:<\/strong> Grundfarbe dunkelbraun; Muster aus feinen, gelben, Muster bildenden Linien<\/p>\n\n\n\n<p><strong>Biologie &amp; Verhalten: <\/strong> Lebt in kleinen Gruppen, manchmal auch alleine. Wie&nbsp;&nbsp;bei allen R\u00f6hrenaalen sieht man nur den Teil des Tieres, der aus der sch\u00fctzenden H\u00f6hle ragt, um an die bevorzugte Nahrung, vorbeitreibendes Plankton, zu gelangen. Der Schwanz bleibt immer in der Wohnh\u00f6hle. Sie bilden gro\u00dfe Kolonien.<\/p>\n\n\n\n<p><strong>Bedrohungsstatus:<\/strong>  Es liegen zu wenig Daten vor, um einen Status auf der Roten Liste der IUCN zu bestimmen.<\/p>\n\n\n\n<p><\/p>\n","protected":false},"excerpt":{"rendered":"<p>Taylor`s R\u00f6hrenaal Taylors garden eel Heteroconger taylori Gr\u00f6\u00dfe: bis 50 cm Lebensraum: Sandb\u00f6den und Seegraswiesen in der N\u00e4he von Riffen Vorkommen: Philippinen, Indonesien, Papua-Neuguinea Erkennungsmerkmale: Grundfarbe dunkelbraun; Muster aus feinen, gelben, Muster bildenden Linien Biologie &amp; Verhalten: Lebt in kleinen Gruppen, manchmal auch alleine. Wie&nbsp;&nbsp;bei allen R\u00f6hrenaalen sieht man nur den Teil des Tieres, der &hellip; <\/p>\n<p class=\"link-more\"><a href=\"https:\/\/alles-ueber-riffe.de\/?page_id=5645\" class=\"more-link\"><span class=\"screen-reader-text\">\u201eTaylor`s R\u00f6hrenaal\u201c<\/span> weiterlesen<\/a><\/p>\n","protected":false},"author":1,"featured_media":0,"parent":0,"menu_order":0,"comment_status":"closed","ping_status":"closed","template":"","meta":{"footnotes":""},"class_list":["post-5645","page","type-page","status-publish","hentry"],"_links":{"self":[{"href":"https:\/\/alles-ueber-riffe.de\/index.php?rest_route=\/wp\/v2\/pages\/5645","targetHints":{"allow":["GET"]}}],"collection":[{"href":"https:\/\/alles-ueber-riffe.de\/index.php?rest_route=\/wp\/v2\/pages"}],"about":[{"href":"https:\/\/alles-ueber-riffe.de\/index.php?rest_route=\/wp\/v2\/types\/page"}],"author":[{"embeddable":true,"href":"https:\/\/alles-ueber-riffe.de\/index.php?rest_route=\/wp\/v2\/users\/1"}],"replies":[{"embeddable":true,"href":"https:\/\/alles-ueber-riffe.de\/index.php?rest_route=%2Fwp%2Fv2%2Fcomments&post=5645"}],"version-history":[{"count":5,"href":"https:\/\/alles-ueber-riffe.de\/index.php?rest_route=\/wp\/v2\/pages\/5645\/revisions"}],"predecessor-version":[{"id":9136,"href":"https:\/\/alles-ueber-riffe.de\/index.php?rest_route=\/wp\/v2\/pages\/5645\/revisions\/9136"}],"wp:attachment":[{"href":"https:\/\/alles-ueber-riffe.de\/index.php?rest_route=%2Fwp%2Fv2%2Fmedia&parent=5645"}],"curies":[{"name":"wp","href":"https:\/\/api.w.org\/{rel}","templated":true}]}}