{"id":5642,"date":"2025-01-08T22:10:51","date_gmt":"2025-01-08T22:10:51","guid":{"rendered":"https:\/\/alles-ueber-riffe.de\/?page_id=5642"},"modified":"2025-02-07T23:05:31","modified_gmt":"2025-02-07T23:05:31","slug":"langflossen-afrika-conger","status":"publish","type":"page","link":"https:\/\/alles-ueber-riffe.de\/?page_id=5642","title":{"rendered":"Langflossen-Afrika-Conger"},"content":{"rendered":"\n<div class=\"wp-block-group is-vertical is-layout-flex wp-container-core-group-is-layout-8cf370e7 wp-block-group-is-layout-flex\">\n<p><strong>Langflossen-Afrika-Conger<\/strong><\/p>\n\n\n\n<p>Longfin african conger<\/p>\n\n\n\n<p><em>Conger cinereus<\/em><\/p>\n<\/div>\n\n\n\n<div style=\"height:30px\" aria-hidden=\"true\" class=\"wp-block-spacer\"><\/div>\n\n\n\n<figure class=\"wp-block-image size-full\"><img loading=\"lazy\" decoding=\"async\" width=\"1024\" height=\"768\" src=\"https:\/\/alles-ueber-riffe.de\/wp-content\/uploads\/2025\/02\/Langflossen-Afrika-Conger_1024x768.jpg\" alt=\"\" class=\"wp-image-9148\" srcset=\"https:\/\/alles-ueber-riffe.de\/wp-content\/uploads\/2025\/02\/Langflossen-Afrika-Conger_1024x768.jpg 1024w, https:\/\/alles-ueber-riffe.de\/wp-content\/uploads\/2025\/02\/Langflossen-Afrika-Conger_1024x768-300x225.jpg 300w, https:\/\/alles-ueber-riffe.de\/wp-content\/uploads\/2025\/02\/Langflossen-Afrika-Conger_1024x768-768x576.jpg 768w\" sizes=\"auto, (max-width: 767px) 89vw, (max-width: 1000px) 54vw, (max-width: 1071px) 543px, 580px\" \/><figcaption class=\"wp-element-caption\">\u00a9 Heinz Krimmer<\/figcaption><\/figure>\n\n\n\n<hr class=\"wp-block-separator has-alpha-channel-opacity is-style-default\"\/>\n\n\n\n<p><strong>Gr\u00f6\u00dfe: <\/strong> bis 1,40 cm<\/p>\n\n\n\n<p><strong>Lebensraum:<\/strong> Sand- und Schlammb\u00f6den, Seegraswiesen in Riffn\u00e4he<\/p>\n\n\n\n<p><strong>Vorkommen:  <\/strong>von Ostafrika, Rotes Meer, Malediven, ganz S\u00fcdostasien, S\u00fcdjapan, Papua-Neuguinea, Nordaustralien<\/p>\n\n\n\n<p><strong>Erkennungsmerkmale:<\/strong> Grundfarbe grau-braun; nachts \u00e4ndert er die Farbe und zeigt breite, wei\u00dfe und dunkelgraue Querb\u00e4nder<\/p>\n\n\n\n<p><strong>Biologie &amp; Verhalten: <\/strong> Am Tage sieht man meistens nur den Kopf. Beim Nachttauchgang besteht die Chance ihn au\u00dferhalb seines Versteckes zu entdecken.<\/p>\n\n\n\n<p><strong>Bedrohungsstatus:<\/strong> Die Art wird auf der Roten Liste der IUCN als <mark style=\"background-color:rgba(0, 0, 0, 0)\" class=\"has-inline-color has-vivid-green-cyan-color\">\u201enicht gef\u00e4hrdet\u201c<\/mark> gef\u00fchrt.<\/p>\n\n\n\n<hr class=\"wp-block-separator has-alpha-channel-opacity is-style-default\"\/>\n\n\n\n<p><\/p>\n","protected":false},"excerpt":{"rendered":"<p>Langflossen-Afrika-Conger Longfin african conger Conger cinereus Gr\u00f6\u00dfe: bis 1,40 cm Lebensraum: Sand- und Schlammb\u00f6den, Seegraswiesen in Riffn\u00e4he Vorkommen: von Ostafrika, Rotes Meer, Malediven, ganz S\u00fcdostasien, S\u00fcdjapan, Papua-Neuguinea, Nordaustralien Erkennungsmerkmale: Grundfarbe grau-braun; nachts \u00e4ndert er die Farbe und zeigt breite, wei\u00dfe und dunkelgraue Querb\u00e4nder Biologie &amp; Verhalten: Am Tage sieht man meistens nur den Kopf. Beim &hellip; <\/p>\n<p class=\"link-more\"><a href=\"https:\/\/alles-ueber-riffe.de\/?page_id=5642\" class=\"more-link\"><span class=\"screen-reader-text\">\u201eLangflossen-Afrika-Conger\u201c<\/span> weiterlesen<\/a><\/p>\n","protected":false},"author":1,"featured_media":0,"parent":0,"menu_order":0,"comment_status":"closed","ping_status":"closed","template":"","meta":{"footnotes":""},"class_list":["post-5642","page","type-page","status-publish","hentry"],"_links":{"self":[{"href":"https:\/\/alles-ueber-riffe.de\/index.php?rest_route=\/wp\/v2\/pages\/5642","targetHints":{"allow":["GET"]}}],"collection":[{"href":"https:\/\/alles-ueber-riffe.de\/index.php?rest_route=\/wp\/v2\/pages"}],"about":[{"href":"https:\/\/alles-ueber-riffe.de\/index.php?rest_route=\/wp\/v2\/types\/page"}],"author":[{"embeddable":true,"href":"https:\/\/alles-ueber-riffe.de\/index.php?rest_route=\/wp\/v2\/users\/1"}],"replies":[{"embeddable":true,"href":"https:\/\/alles-ueber-riffe.de\/index.php?rest_route=%2Fwp%2Fv2%2Fcomments&post=5642"}],"version-history":[{"count":7,"href":"https:\/\/alles-ueber-riffe.de\/index.php?rest_route=\/wp\/v2\/pages\/5642\/revisions"}],"predecessor-version":[{"id":9153,"href":"https:\/\/alles-ueber-riffe.de\/index.php?rest_route=\/wp\/v2\/pages\/5642\/revisions\/9153"}],"wp:attachment":[{"href":"https:\/\/alles-ueber-riffe.de\/index.php?rest_route=%2Fwp%2Fv2%2Fmedia&parent=5642"}],"curies":[{"name":"wp","href":"https:\/\/api.w.org\/{rel}","templated":true}]}}