{"id":5638,"date":"2025-01-08T22:10:25","date_gmt":"2025-01-08T22:10:25","guid":{"rendered":"https:\/\/alles-ueber-riffe.de\/?page_id=5638"},"modified":"2025-02-07T22:51:28","modified_gmt":"2025-02-07T22:51:28","slug":"rotmeer-roehrenaal","status":"publish","type":"page","link":"https:\/\/alles-ueber-riffe.de\/?page_id=5638","title":{"rendered":"Rotmeer-R\u00f6hrenaal"},"content":{"rendered":"\n<div class=\"wp-block-group is-vertical is-layout-flex wp-container-core-group-is-layout-8cf370e7 wp-block-group-is-layout-flex\">\n<p><strong>Rotmeer-R\u00f6hrenaal<\/strong><\/p>\n\n\n\n<p>Red sea garden eel<\/p>\n\n\n\n<p><em>Gorgasia sillneri<\/em><\/p>\n<\/div>\n\n\n\n<div style=\"height:30px\" aria-hidden=\"true\" class=\"wp-block-spacer\"><\/div>\n\n\n\n<figure class=\"wp-block-video\"><video height=\"576\" style=\"aspect-ratio: 1024 \/ 576;\" width=\"1024\" controls src=\"https:\/\/alles-ueber-riffe.de\/wp-content\/uploads\/2025\/02\/Rotmeer-Roehrenaal.mp4\"><\/video><figcaption class=\"wp-element-caption\">\u00a9 Heinz Krimmer<\/figcaption><\/figure>\n\n\n\n<hr class=\"wp-block-separator has-alpha-channel-opacity is-style-default\"\/>\n\n\n\n<p><strong>Gr\u00f6\u00dfe: <\/strong> bis 83,8 cm<\/p>\n\n\n\n<p><strong>Lebensraum:<\/strong> Sandb\u00f6den in der N\u00e4he von Riffen<\/p>\n\n\n\n<p><strong>Vorkommen:  <\/strong>Endemisch im Roten Meer<\/p>\n\n\n\n<p><strong>Erkennungsmerkmale:<\/strong> Grundfarbe hellgrau; gemustert mit zahlreichen, kleinen, grauen, dicht stehenden Punkten<\/p>\n\n\n\n<p><strong>Biologie &amp; Verhalten: <\/strong> Im Roten Meer recht h\u00e4ufig zu sehende Art und vermutlich nicht gef\u00e4hrdet.<\/p>\n\n\n\n<p>Wie&nbsp;&nbsp;bei allen R\u00f6hrenaalen sieht man nur den Teil des Tieres, der aus der sch\u00fctzenden H\u00f6hle ragt, um an die bevorzugte Nahrung, vorbeitreibendes Plankton, zu gelangen. Der Schwanz bleibt immer in der Wohnh\u00f6hle. Sie bilden eher kleine Kolonien.<\/p>\n\n\n\n<p><strong>Bedrohungsstatus:<\/strong> Es liegen zu wenig Daten vor, um einen Status auf der Roten Liste der IUCN zu bestimmen.<br><\/p>\n\n\n\n<hr class=\"wp-block-separator has-alpha-channel-opacity is-style-default\"\/>\n\n\n\n<p><\/p>\n","protected":false},"excerpt":{"rendered":"<p>Rotmeer-R\u00f6hrenaal Red sea garden eel Gorgasia sillneri Gr\u00f6\u00dfe: bis 83,8 cm Lebensraum: Sandb\u00f6den in der N\u00e4he von Riffen Vorkommen: Endemisch im Roten Meer Erkennungsmerkmale: Grundfarbe hellgrau; gemustert mit zahlreichen, kleinen, grauen, dicht stehenden Punkten Biologie &amp; Verhalten: Im Roten Meer recht h\u00e4ufig zu sehende Art und vermutlich nicht gef\u00e4hrdet. Wie&nbsp;&nbsp;bei allen R\u00f6hrenaalen sieht man nur &hellip; <\/p>\n<p class=\"link-more\"><a href=\"https:\/\/alles-ueber-riffe.de\/?page_id=5638\" class=\"more-link\"><span class=\"screen-reader-text\">\u201eRotmeer-R\u00f6hrenaal\u201c<\/span> weiterlesen<\/a><\/p>\n","protected":false},"author":1,"featured_media":0,"parent":0,"menu_order":0,"comment_status":"closed","ping_status":"closed","template":"","meta":{"footnotes":""},"class_list":["post-5638","page","type-page","status-publish","hentry"],"_links":{"self":[{"href":"https:\/\/alles-ueber-riffe.de\/index.php?rest_route=\/wp\/v2\/pages\/5638","targetHints":{"allow":["GET"]}}],"collection":[{"href":"https:\/\/alles-ueber-riffe.de\/index.php?rest_route=\/wp\/v2\/pages"}],"about":[{"href":"https:\/\/alles-ueber-riffe.de\/index.php?rest_route=\/wp\/v2\/types\/page"}],"author":[{"embeddable":true,"href":"https:\/\/alles-ueber-riffe.de\/index.php?rest_route=\/wp\/v2\/users\/1"}],"replies":[{"embeddable":true,"href":"https:\/\/alles-ueber-riffe.de\/index.php?rest_route=%2Fwp%2Fv2%2Fcomments&post=5638"}],"version-history":[{"count":5,"href":"https:\/\/alles-ueber-riffe.de\/index.php?rest_route=\/wp\/v2\/pages\/5638\/revisions"}],"predecessor-version":[{"id":9130,"href":"https:\/\/alles-ueber-riffe.de\/index.php?rest_route=\/wp\/v2\/pages\/5638\/revisions\/9130"}],"wp:attachment":[{"href":"https:\/\/alles-ueber-riffe.de\/index.php?rest_route=%2Fwp%2Fv2%2Fmedia&parent=5638"}],"curies":[{"name":"wp","href":"https:\/\/api.w.org\/{rel}","templated":true}]}}